{"id":18872,"date":"2025-10-31T13:57:36","date_gmt":"2025-10-31T13:57:36","guid":{"rendered":"https:\/\/falper.it\/innenarchitektur-service\/"},"modified":"2026-03-09T15:23:46","modified_gmt":"2026-03-09T15:23:46","slug":"innenarchitektur-service","status":"publish","type":"page","link":"https:\/\/falper.it\/de\/innenarchitektur-service\/","title":{"rendered":"Innenarchitektur-Service"},"content":{"rendered":"<section class=\"l-section wpb_row us_custom_01e0c627 height_auto width_full\"><div class=\"l-section-h i-cf\"><div class=\"g-cols vc_row via_grid cols_1 laptops-cols_inherit tablets-cols_inherit mobiles-cols_1 valign_top type_default stacking_default\"><div class=\"wpb_column vc_column_container stretched\"><div class=\"vc_column-inner\"><div class=\"w-image us_custom_36cd8fc1 img-articles has_height align_center\"><div class=\"w-image-h\"><img decoding=\"async\" width=\"2560\" height=\"1829\" src=\"https:\/\/falper.it\/wp-content\/uploads\/2025\/10\/FALPER_HP_Interior_Design_Service_2-scaled.jpg\" class=\"attachment-full size-full\" alt=\"\" loading=\"lazy\" srcset=\"https:\/\/falper.it\/wp-content\/uploads\/2025\/10\/FALPER_HP_Interior_Design_Service_2-scaled.jpg 2560w, https:\/\/falper.it\/wp-content\/uploads\/2025\/10\/FALPER_HP_Interior_Design_Service_2-300x214.jpg 300w, https:\/\/falper.it\/wp-content\/uploads\/2025\/10\/FALPER_HP_Interior_Design_Service_2-1024x731.jpg 1024w, https:\/\/falper.it\/wp-content\/uploads\/2025\/10\/FALPER_HP_Interior_Design_Service_2-1536x1097.jpg 1536w\" sizes=\"auto, (max-width: 2560px) 100vw, 2560px\" \/><\/div><\/div><\/div><\/div><\/div><\/div><\/section><section class=\"l-section wpb_row us_custom_ed91786b height_large\"><div class=\"l-section-h i-cf\"><div class=\"g-cols vc_row via_grid cols_1 laptops-cols_inherit tablets-cols_inherit mobiles-cols_1 valign_top type_default stacking_default\"><div class=\"wpb_column vc_column_container\"><div class=\"vc_column-inner\"><h2 class=\"w-post-elm post_title us_custom_064d3121 entry-title color_link_inherit\">Innenarchitektur-Service<\/h2><div class=\"w-separator us_custom_fd8fe90a size_custom\" style=\"height:3px\"><\/div><div class=\"w-separator size_small\"><\/div><div class=\"w-vwrapper align_left valign_top\" style=\"--vwrapper-gap:1.5rem\"><div class=\"wpb_text_column\"><div class=\"wpb_wrapper\"><p>Die Falper-Erfahrung beginnt lange vor dem Betreten von Bad oder K\u00fcche. Mit dem Interior Design Service und unseren ma\u00dfgeschneiderten Leistungen sind wir der ideale Partner, um Projekte zu entwickeln, die die Markenphilosophie verk\u00f6rpern: Raumharmonie, Materialaufwertung, Liebe zum Detail und perfekte Proportionen.  Auf Anfrage erhalten Sie ein vollst\u00e4ndiges Konzept inklusive Kostenvoranschlag \u2013 bis hin zu abgestimmten, schl\u00fcsselfertigen L\u00f6sungen.<\/p>\n<\/div><\/div><div class=\"w-btn-wrapper align_center\"><a class=\"w-btn us-btn-style_3\" href=\"https:\/\/falper.it\/de\/innenarchitektur-service-form\/\"><span class=\"w-btn-label\">Fordern Sie den Service an<\/span><\/a><\/div><\/div><\/div><\/div><\/div><\/div><\/section><section class=\"l-section wpb_row us_custom_1410d25f height_auto width_full\"><div class=\"l-section-h i-cf\"><div class=\"g-cols vc_row via_grid cols_2 laptops-cols_inherit tablets-cols_2 mobiles-cols_1 valign_middle type_default stacking_default\" style=\"--columns-gap:3.5rem;\"><div class=\"wpb_column vc_column_container us_custom_679d9a88\"><div class=\"vc_column-inner\"><div class=\"wpb_text_column us_custom_0e56c869\"><div class=\"wpb_wrapper\"><h1 style=\"text-align: left;\"><strong>01.<\/strong><\/h1>\n<\/p>\n<h5 style=\"text-align: left;\">DAS BRIEFING<\/h5>\n<\/p>\n<p style=\"text-align: left;\">Wir bitten Sie, das Formular vollst\u00e4ndig auszuf\u00fcllen. Wir beginnen mit den Informationen, die Sie uns mitteilen m\u00f6chten, sowie den Raumpl\u00e4nen, damit wir Ihre Ideen und Vorschl\u00e4ge verstehen k\u00f6nnen. Einer unserer Designer wird sich innerhalb einer Woche nach Eingang des Formulars per E-Mail mit Ihnen in Verbindung setzen. Wir unterst\u00fctzen Sie gerne bei der Gestaltung Ihres neuen Badezimmers und Ihrer neuen K\u00fcche.<\/p>\n<\/div><\/div><\/div><\/div><div class=\"wpb_column vc_column_container us_custom_5a825de5 stretched\"><div class=\"vc_column-inner\"><div class=\"w-image us_custom_67318a0e has_height align_center\"><div class=\"w-image-h\"><img decoding=\"async\" width=\"1024\" height=\"731\" src=\"https:\/\/falper.it\/wp-content\/uploads\/2025\/10\/02_FALPER_IDS_header-1024x731.jpg\" class=\"attachment-large size-large\" alt=\"\" loading=\"lazy\" srcset=\"https:\/\/falper.it\/wp-content\/uploads\/2025\/10\/02_FALPER_IDS_header-1024x731.jpg 1024w, https:\/\/falper.it\/wp-content\/uploads\/2025\/10\/02_FALPER_IDS_header-300x214.jpg 300w, https:\/\/falper.it\/wp-content\/uploads\/2025\/10\/02_FALPER_IDS_header-1536x1097.jpg 1536w\" sizes=\"auto, (max-width: 1024px) 100vw, 1024px\" \/><\/div><\/div><\/div><\/div><\/div><\/div><\/section><section class=\"l-section wpb_row height_large width_full\"><div class=\"l-section-h i-cf\"><div class=\"g-cols vc_row via_grid cols_2 laptops-cols_inherit tablets-cols_2 mobiles-cols_1 valign_middle type_default stacking_default\" style=\"--columns-gap:3.5rem;\"><div class=\"wpb_column vc_column_container us_custom_679d9a88\"><div class=\"vc_column-inner\"><div class=\"wpb_text_column us_custom_0e56c869\"><div class=\"wpb_wrapper\"><h1 style=\"text-align: left;\"><strong>02.<\/strong><\/h1>\n<\/p>\n<h5 style=\"text-align: left;\"><strong>WIR ERSTELLEN IHR ANGEBOT<\/strong><\/h5>\n<\/p>\n<p style=\"text-align: left;\">Sie erhalten ein erstes Angebot, begleitet von einem inspirierenden Moodboard mit einer Auswahl an Produkten, die optimal zu Ihrem Projekt passen. Anhand von Zeichnungen, Bildern und visuellen Vorschl\u00e4gen visualisieren wir Ihre Ideen und erm\u00f6glichen Ihnen, sich die R\u00e4ume vorzustellen, ihre Atmosph\u00e4re zu sp\u00fcren und das Projekt schon vor Baubeginn zu erleben. Anschlie\u00dfend erstellen wir den finalen Entwurf.<\/p>\n<\/div><\/div><\/div><\/div><div class=\"wpb_column vc_column_container us_custom_5a825de5 stretched\"><div class=\"vc_column-inner\"><div class=\"w-image us_custom_67318a0e has_height align_center\"><div class=\"w-image-h\"><img decoding=\"async\" width=\"1024\" height=\"731\" src=\"https:\/\/falper.it\/wp-content\/uploads\/2025\/10\/03_FALPER_IDS_header-1024x731.jpg\" class=\"attachment-large size-large\" alt=\"\" loading=\"lazy\" srcset=\"https:\/\/falper.it\/wp-content\/uploads\/2025\/10\/03_FALPER_IDS_header-1024x731.jpg 1024w, https:\/\/falper.it\/wp-content\/uploads\/2025\/10\/03_FALPER_IDS_header-300x214.jpg 300w, https:\/\/falper.it\/wp-content\/uploads\/2025\/10\/03_FALPER_IDS_header-1536x1097.jpg 1536w\" sizes=\"auto, (max-width: 1024px) 100vw, 1024px\" \/><\/div><\/div><\/div><\/div><\/div><\/div><\/section><section class=\"l-section wpb_row us_custom_dd9360d3 height_auto width_full\"><div class=\"l-section-h i-cf\"><div class=\"g-cols vc_row via_grid cols_2 laptops-cols_inherit tablets-cols_2 mobiles-cols_1 valign_middle type_default stacking_default\" style=\"--columns-gap:3.5rem;\"><div class=\"wpb_column vc_column_container us_custom_821ea863\"><div class=\"vc_column-inner\"><div class=\"wpb_text_column us_custom_0e56c869\"><div class=\"wpb_wrapper\"><h1 style=\"text-align: left;\"><strong>03.<\/strong><\/h1>\n<\/p>\n<h5 style=\"text-align: left;\"><strong>DIE IDEEN IM PROJEKT<\/strong><\/h5>\n<\/p>\n<p style=\"text-align: left;\">Das Projekt wird so gestaltet, dass es Ihre Pers\u00f6nlichkeit widerspiegelt, sich harmonisch in Ihre R\u00e4umlichkeiten einf\u00fcgt und Ihr Budget einh\u00e4lt. Sie erhalten Pl\u00e4ne und Ansichten, Visualisierungen der R\u00e4ume sowie eine Liste ausgew\u00e4hlter Produkte \u2013 f\u00fcr einen klaren und umfassenden \u00dcberblick. In dieser Phase besprechen wir Ihre logistischen Anforderungen und erstellen Ihnen ein Angebot. Dabei ermitteln wir die optimale Liefermethode, gegebenenfalls auch \u00fcber unser Netzwerk lokaler H\u00e4ndler. Wir k\u00fcmmern uns um Ihre Bestellung von Anfang bis Ende und sorgen daf\u00fcr, dass sie p\u00fcnktlich und in einwandfreiem Zustand ankommt.<\/p>\n<\/div><\/div><\/div><\/div><div class=\"wpb_column vc_column_container us_custom_5a825de5 stretched\"><div class=\"vc_column-inner\"><div class=\"w-image us_custom_67318a0e has_height align_center\"><div class=\"w-image-h\"><img decoding=\"async\" width=\"1024\" height=\"731\" src=\"https:\/\/falper.it\/wp-content\/uploads\/2025\/10\/04_FALPER_IDS_header-1024x731.jpg\" class=\"attachment-large size-large\" alt=\"\" loading=\"lazy\" srcset=\"https:\/\/falper.it\/wp-content\/uploads\/2025\/10\/04_FALPER_IDS_header-1024x731.jpg 1024w, https:\/\/falper.it\/wp-content\/uploads\/2025\/10\/04_FALPER_IDS_header-300x214.jpg 300w, https:\/\/falper.it\/wp-content\/uploads\/2025\/10\/04_FALPER_IDS_header-1536x1097.jpg 1536w\" sizes=\"auto, (max-width: 1024px) 100vw, 1024px\" \/><\/div><\/div><\/div><\/div><\/div><\/div><\/section><section class=\"l-section wpb_row height_medium width_full\"><div class=\"l-section-h i-cf\"><div class=\"g-cols vc_row via_grid cols_1 laptops-cols_inherit tablets-cols_inherit mobiles-cols_1 valign_top type_default stacking_default\"><div class=\"wpb_column vc_column_container us_custom_4edece6e stretched\"><div class=\"vc_column-inner\"><div class=\"w-image us_custom_79cb740e img-articles has_height align_center\"><div class=\"w-image-h\"><img decoding=\"async\" width=\"2560\" height=\"1338\" src=\"https:\/\/falper.it\/wp-content\/uploads\/2025\/10\/05_FALPER_IDS_header-scaled.jpg\" class=\"attachment-full size-full\" alt=\"\" loading=\"lazy\" srcset=\"https:\/\/falper.it\/wp-content\/uploads\/2025\/10\/05_FALPER_IDS_header-scaled.jpg 2560w, https:\/\/falper.it\/wp-content\/uploads\/2025\/10\/05_FALPER_IDS_header-300x157.jpg 300w, https:\/\/falper.it\/wp-content\/uploads\/2025\/10\/05_FALPER_IDS_header-1024x535.jpg 1024w, https:\/\/falper.it\/wp-content\/uploads\/2025\/10\/05_FALPER_IDS_header-1536x803.jpg 1536w\" sizes=\"auto, (max-width: 2560px) 100vw, 2560px\" \/><\/div><\/div><\/div><\/div><\/div><\/div><\/section><section class=\"l-section wpb_row us_custom_ed91786b height_large\"><div class=\"l-section-h i-cf\"><div class=\"g-cols vc_row via_grid cols_1 laptops-cols_inherit tablets-cols_inherit mobiles-cols_1 valign_top type_default stacking_default\"><div class=\"wpb_column vc_column_container\"><div class=\"vc_column-inner\"><div class=\"w-vwrapper align_left valign_top\" style=\"--vwrapper-gap:1.5rem\"><div class=\"wpb_text_column\"><div class=\"wpb_wrapper\"><h5><strong>AN WEN RICHTET SICH DER DIENST?<\/strong><\/h5>\n<\/div><\/div><div class=\"w-separator us_custom_fd8fe90a size_custom\" style=\"height:3px\"><\/div><div class=\"wpb_text_column\"><div class=\"wpb_wrapper\"><p>Jeder von uns hat seine eigenen t\u00e4glichen Rituale \u2013 Bad und K\u00fcche sind dabei die komplexesten und zugleich bedeutendsten R\u00e4ume des zeitgen\u00f6ssischen Wohnens. Technologisch anspruchsvoll und emotional aufgeladen, erfordern sie Sensibilit\u00e4t, Fachwissen und pr\u00e4zise Organisation in jeder Phase. <\/p>\n<p>Mit Tausenden realisierter Projekte, jahrzehntelanger Erfahrung und tiefem Wissen \u00fcber unsere Bad- und K\u00fcchenkollektionen ist der Interior Design Service der ideale Partner \u2013 vom Konzept bis zur Umsetzung. Ein professioneller Support f\u00fcr Privatkunden, Architekten und Innenarchitekten gleicherma\u00dfen.<\/p>\n<\/div><\/div><\/div><\/div><\/div><\/div><\/div><\/section><section class=\"l-section wpb_row us_custom_1410d25f height_auto width_full\"><div class=\"l-section-h i-cf\"><div class=\"g-cols vc_row via_grid cols_2 laptops-cols_inherit tablets-cols_2 mobiles-cols_1 valign_middle type_default stacking_default\" style=\"--columns-gap:3.5rem;\"><div class=\"wpb_column vc_column_container us_custom_821ea863 stretched\"><div class=\"vc_column-inner\"><div class=\"w-image us_custom_67318a0e has_height align_center\"><div class=\"w-image-h\"><img decoding=\"async\" width=\"1024\" height=\"731\" src=\"https:\/\/falper.it\/wp-content\/uploads\/2025\/10\/06_FALPER_IDS_header-1024x731.jpg\" class=\"attachment-large size-large\" alt=\"\" loading=\"lazy\" srcset=\"https:\/\/falper.it\/wp-content\/uploads\/2025\/10\/06_FALPER_IDS_header-1024x731.jpg 1024w, https:\/\/falper.it\/wp-content\/uploads\/2025\/10\/06_FALPER_IDS_header-300x214.jpg 300w, https:\/\/falper.it\/wp-content\/uploads\/2025\/10\/06_FALPER_IDS_header-1536x1097.jpg 1536w\" sizes=\"auto, (max-width: 1024px) 100vw, 1024px\" \/><\/div><\/div><\/div><\/div><div class=\"wpb_column vc_column_container us_custom_5a825de5 stretched\"><div class=\"vc_column-inner\"><div class=\"w-image us_custom_67318a0e has_height align_center\"><div class=\"w-image-h\"><img decoding=\"async\" width=\"1024\" height=\"731\" src=\"https:\/\/falper.it\/wp-content\/uploads\/2025\/10\/07_FALPER_IDS_header-1024x731.jpg\" class=\"attachment-large size-large\" alt=\"\" loading=\"lazy\" srcset=\"https:\/\/falper.it\/wp-content\/uploads\/2025\/10\/07_FALPER_IDS_header-1024x731.jpg 1024w, https:\/\/falper.it\/wp-content\/uploads\/2025\/10\/07_FALPER_IDS_header-300x214.jpg 300w, https:\/\/falper.it\/wp-content\/uploads\/2025\/10\/07_FALPER_IDS_header-1536x1097.jpg 1536w\" sizes=\"auto, (max-width: 1024px) 100vw, 1024px\" \/><\/div><\/div><\/div><\/div><\/div><\/div><\/section><section class=\"l-section wpb_row height_large\"><div class=\"l-section-h i-cf\"><div class=\"g-cols vc_row via_grid cols_1 laptops-cols_inherit tablets-cols_inherit mobiles-cols_1 valign_middle type_default stacking_default\"><div class=\"wpb_column vc_column_container\"><div class=\"vc_column-inner\"><div class=\"wpb_text_column us_custom_eb849559\"><div class=\"wpb_wrapper\"><h2><strong>Harmonische R\u00e4ume, hochwertige Materialien, Liebe zum Detail und perfekte Proportionen: Lassen Sie sich von uns beraten.<\/strong><\/h2>\n<\/div><\/div><div class=\"w-separator size_medium\"><\/div><div class=\"w-btn-wrapper align_center\"><a class=\"w-btn us-btn-style_3\" href=\"https:\/\/falper.it\/de\/innenarchitektur-service-form\/\"><span class=\"w-btn-label\">Fordern Sie den Service an<\/span><\/a><\/div><\/div><\/div><\/div><\/div><\/section>\n","protected":false},"excerpt":{"rendered":"Innenarchitektur-ServiceDie Falper-Erfahrung beginnt lange vor dem Betreten von Bad oder K\u00fcche. Mit dem Interior Design Service und unseren ma\u00dfgeschneiderten Leistungen sind wir der ideale Partner, um Projekte zu entwickeln, die die Markenphilosophie verk\u00f6rpern: Raumharmonie, Materialaufwertung, Liebe zum Detail und perfekte Proportionen. Auf Anfrage erhalten Sie ein vollst\u00e4ndiges Konzept inklusive Kostenvoranschlag \u2013 bis hin zu abgestimmten,...","protected":false},"author":1,"featured_media":0,"parent":0,"menu_order":0,"comment_status":"closed","ping_status":"closed","template":"","meta":{"_acf_changed":false,"footnotes":""},"class_list":["post-18872","page","type-page","status-publish","hentry"],"acf":[],"yoast_head":"<!-- This site is optimized with the Yoast SEO plugin v27.2 - https:\/\/yoast.com\/product\/yoast-seo-wordpress\/ -->\n<title>Interior Design Service Falper | Ma\u00dfgeschneiderte Projekte<\/title>\n<meta name=\"description\" content=\"Falper Interior Design Service: Pers\u00f6nliche Projektunterst\u00fctzung f\u00fcr Designer-B\u00e4der und K\u00fcchen, Premium-Materialien aus Italien.\" \/>\n<meta name=\"robots\" content=\"index, follow, max-snippet:-1, max-image-preview:large, max-video-preview:-1\" \/>\n<link rel=\"canonical\" href=\"https:\/\/falper.it\/de\/innenarchitektur-service\/\" \/>\n<meta property=\"og:locale\" content=\"de_DE\" \/>\n<meta property=\"og:type\" content=\"article\" \/>\n<meta property=\"og:title\" content=\"Interior Design Service Falper | Ma\u00dfgeschneiderte Projekte\" \/>\n<meta property=\"og:description\" content=\"Falper Interior Design Service: Pers\u00f6nliche Projektunterst\u00fctzung f\u00fcr Designer-B\u00e4der und K\u00fcchen, Premium-Materialien aus Italien.\" \/>\n<meta property=\"og:url\" content=\"https:\/\/falper.it\/de\/innenarchitektur-service\/\" \/>\n<meta property=\"og:site_name\" content=\"Falper\" \/>\n<meta property=\"article:publisher\" content=\"https:\/\/www.facebook.com\/FalperDesign\" \/>\n<meta property=\"article:modified_time\" content=\"2026-03-09T15:23:46+00:00\" \/>\n<meta name=\"twitter:card\" content=\"summary_large_image\" \/>\n<meta name=\"twitter:label1\" content=\"Gesch\u00e4tzte Lesezeit\" \/>\n\t<meta name=\"twitter:data1\" content=\"11\u00a0Minute\" \/>\n<script type=\"application\/ld+json\" class=\"yoast-schema-graph\">{\"@context\":\"https:\/\/schema.org\",\"@graph\":[{\"@type\":\"WebPage\",\"@id\":\"https:\/\/falper.it\/de\/innenarchitektur-service\/\",\"url\":\"https:\/\/falper.it\/de\/innenarchitektur-service\/\",\"name\":\"Interior Design Service Falper | Ma\u00dfgeschneiderte Projekte\",\"isPartOf\":{\"@id\":\"https:\/\/falper.it\/de\/#website\"},\"datePublished\":\"2025-10-31T13:57:36+00:00\",\"dateModified\":\"2026-03-09T15:23:46+00:00\",\"description\":\"Falper Interior Design Service: Pers\u00f6nliche Projektunterst\u00fctzung f\u00fcr Designer-B\u00e4der und K\u00fcchen, Premium-Materialien aus Italien.\",\"breadcrumb\":{\"@id\":\"https:\/\/falper.it\/de\/innenarchitektur-service\/#breadcrumb\"},\"inLanguage\":\"de\",\"potentialAction\":[{\"@type\":\"ReadAction\",\"target\":[\"https:\/\/falper.it\/de\/innenarchitektur-service\/\"]}]},{\"@type\":\"BreadcrumbList\",\"@id\":\"https:\/\/falper.it\/de\/innenarchitektur-service\/#breadcrumb\",\"itemListElement\":[{\"@type\":\"ListItem\",\"position\":1,\"name\":\"Home\",\"item\":\"https:\/\/falper.it\/de\/\"},{\"@type\":\"ListItem\",\"position\":2,\"name\":\"Innenarchitektur-Service\"}]},{\"@type\":\"WebSite\",\"@id\":\"https:\/\/falper.it\/de\/#website\",\"url\":\"https:\/\/falper.it\/de\/\",\"name\":\"Falper\",\"description\":\"\",\"publisher\":{\"@id\":\"https:\/\/falper.it\/de\/#organization\"},\"potentialAction\":[{\"@type\":\"SearchAction\",\"target\":{\"@type\":\"EntryPoint\",\"urlTemplate\":\"https:\/\/falper.it\/de\/?s={search_term_string}\"},\"query-input\":{\"@type\":\"PropertyValueSpecification\",\"valueRequired\":true,\"valueName\":\"search_term_string\"}}],\"inLanguage\":\"de\"},{\"@type\":\"Organization\",\"@id\":\"https:\/\/falper.it\/de\/#organization\",\"name\":\"Falper\",\"url\":\"https:\/\/falper.it\/de\/\",\"logo\":{\"@type\":\"ImageObject\",\"inLanguage\":\"de\",\"@id\":\"https:\/\/falper.it\/de\/#\/schema\/logo\/image\/\",\"url\":\"https:\/\/falper.it\/wp-content\/uploads\/2017\/07\/falper-logo-.svg\",\"contentUrl\":\"https:\/\/falper.it\/wp-content\/uploads\/2017\/07\/falper-logo-.svg\",\"width\":\"1024\",\"height\":\"1024\",\"caption\":\"Falper\"},\"image\":{\"@id\":\"https:\/\/falper.it\/de\/#\/schema\/logo\/image\/\"},\"sameAs\":[\"https:\/\/www.facebook.com\/FalperDesign\",\"https:\/\/www.instagram.com\/falperdesign\/\",\"http:\/\/pinterest.com\/falperdesign\/\",\"http:\/\/www.linkedin.com\/company\/3070513?trk=tyah\"]}]}<\/script>\n<!-- \/ Yoast SEO plugin. -->","yoast_head_json":{"title":"Interior Design Service Falper | Ma\u00dfgeschneiderte Projekte","description":"Falper Interior Design Service: Pers\u00f6nliche Projektunterst\u00fctzung f\u00fcr Designer-B\u00e4der und K\u00fcchen, Premium-Materialien aus Italien.","robots":{"index":"index","follow":"follow","max-snippet":"max-snippet:-1","max-image-preview":"max-image-preview:large","max-video-preview":"max-video-preview:-1"},"canonical":"https:\/\/falper.it\/de\/innenarchitektur-service\/","og_locale":"de_DE","og_type":"article","og_title":"Interior Design Service Falper | Ma\u00dfgeschneiderte Projekte","og_description":"Falper Interior Design Service: Pers\u00f6nliche Projektunterst\u00fctzung f\u00fcr Designer-B\u00e4der und K\u00fcchen, Premium-Materialien aus Italien.","og_url":"https:\/\/falper.it\/de\/innenarchitektur-service\/","og_site_name":"Falper","article_publisher":"https:\/\/www.facebook.com\/FalperDesign","article_modified_time":"2026-03-09T15:23:46+00:00","twitter_card":"summary_large_image","twitter_misc":{"Gesch\u00e4tzte Lesezeit":"11\u00a0Minute"},"schema":{"@context":"https:\/\/schema.org","@graph":[{"@type":"WebPage","@id":"https:\/\/falper.it\/de\/innenarchitektur-service\/","url":"https:\/\/falper.it\/de\/innenarchitektur-service\/","name":"Interior Design Service Falper | Ma\u00dfgeschneiderte Projekte","isPartOf":{"@id":"https:\/\/falper.it\/de\/#website"},"datePublished":"2025-10-31T13:57:36+00:00","dateModified":"2026-03-09T15:23:46+00:00","description":"Falper Interior Design Service: Pers\u00f6nliche Projektunterst\u00fctzung f\u00fcr Designer-B\u00e4der und K\u00fcchen, Premium-Materialien aus Italien.","breadcrumb":{"@id":"https:\/\/falper.it\/de\/innenarchitektur-service\/#breadcrumb"},"inLanguage":"de","potentialAction":[{"@type":"ReadAction","target":["https:\/\/falper.it\/de\/innenarchitektur-service\/"]}]},{"@type":"BreadcrumbList","@id":"https:\/\/falper.it\/de\/innenarchitektur-service\/#breadcrumb","itemListElement":[{"@type":"ListItem","position":1,"name":"Home","item":"https:\/\/falper.it\/de\/"},{"@type":"ListItem","position":2,"name":"Innenarchitektur-Service"}]},{"@type":"WebSite","@id":"https:\/\/falper.it\/de\/#website","url":"https:\/\/falper.it\/de\/","name":"Falper","description":"","publisher":{"@id":"https:\/\/falper.it\/de\/#organization"},"potentialAction":[{"@type":"SearchAction","target":{"@type":"EntryPoint","urlTemplate":"https:\/\/falper.it\/de\/?s={search_term_string}"},"query-input":{"@type":"PropertyValueSpecification","valueRequired":true,"valueName":"search_term_string"}}],"inLanguage":"de"},{"@type":"Organization","@id":"https:\/\/falper.it\/de\/#organization","name":"Falper","url":"https:\/\/falper.it\/de\/","logo":{"@type":"ImageObject","inLanguage":"de","@id":"https:\/\/falper.it\/de\/#\/schema\/logo\/image\/","url":"https:\/\/falper.it\/wp-content\/uploads\/2017\/07\/falper-logo-.svg","contentUrl":"https:\/\/falper.it\/wp-content\/uploads\/2017\/07\/falper-logo-.svg","width":"1024","height":"1024","caption":"Falper"},"image":{"@id":"https:\/\/falper.it\/de\/#\/schema\/logo\/image\/"},"sameAs":["https:\/\/www.facebook.com\/FalperDesign","https:\/\/www.instagram.com\/falperdesign\/","http:\/\/pinterest.com\/falperdesign\/","http:\/\/www.linkedin.com\/company\/3070513?trk=tyah"]}]}},"_links":{"self":[{"href":"https:\/\/falper.it\/de\/wp-json\/wp\/v2\/pages\/18872","targetHints":{"allow":["GET"]}}],"collection":[{"href":"https:\/\/falper.it\/de\/wp-json\/wp\/v2\/pages"}],"about":[{"href":"https:\/\/falper.it\/de\/wp-json\/wp\/v2\/types\/page"}],"author":[{"embeddable":true,"href":"https:\/\/falper.it\/de\/wp-json\/wp\/v2\/users\/1"}],"replies":[{"embeddable":true,"href":"https:\/\/falper.it\/de\/wp-json\/wp\/v2\/comments?post=18872"}],"version-history":[{"count":15,"href":"https:\/\/falper.it\/de\/wp-json\/wp\/v2\/pages\/18872\/revisions"}],"predecessor-version":[{"id":35098,"href":"https:\/\/falper.it\/de\/wp-json\/wp\/v2\/pages\/18872\/revisions\/35098"}],"wp:attachment":[{"href":"https:\/\/falper.it\/de\/wp-json\/wp\/v2\/media?parent=18872"}],"curies":[{"name":"wp","href":"https:\/\/api.w.org\/{rel}","templated":true}]}}