{"id":19005,"date":"2025-10-31T15:14:39","date_gmt":"2025-10-31T15:14:39","guid":{"rendered":"https:\/\/falper.it\/falper-vertrag\/"},"modified":"2026-01-28T13:48:30","modified_gmt":"2026-01-28T13:48:30","slug":"falper-vertrag","status":"publish","type":"page","link":"https:\/\/falper.it\/de\/falper-vertrag\/","title":{"rendered":"Falper-Vertrag"},"content":{"rendered":"<section class=\"l-section wpb_row us_custom_01e0c627 height_auto width_full\"><div class=\"l-section-h i-cf\"><div class=\"g-cols vc_row via_grid cols_1 laptops-cols_inherit tablets-cols_inherit mobiles-cols_1 valign_top type_default stacking_default\"><div class=\"wpb_column vc_column_container stretched\"><div class=\"vc_column-inner\"><div class=\"w-image us_custom_36cd8fc1 img-articles has_height align_center\"><div class=\"w-image-h\"><img decoding=\"async\" width=\"2560\" height=\"1440\" src=\"https:\/\/falper.it\/wp-content\/uploads\/2025\/10\/01_FALPER_Contract_header-scaled.jpg\" class=\"attachment-full size-full\" alt=\"\" loading=\"lazy\" srcset=\"https:\/\/falper.it\/wp-content\/uploads\/2025\/10\/01_FALPER_Contract_header-scaled.jpg 2560w, https:\/\/falper.it\/wp-content\/uploads\/2025\/10\/01_FALPER_Contract_header-300x169.jpg 300w, https:\/\/falper.it\/wp-content\/uploads\/2025\/10\/01_FALPER_Contract_header-1024x576.jpg 1024w, https:\/\/falper.it\/wp-content\/uploads\/2025\/10\/01_FALPER_Contract_header-1536x864.jpg 1536w\" sizes=\"auto, (max-width: 2560px) 100vw, 2560px\" \/><\/div><\/div><\/div><\/div><\/div><\/div><\/section><section class=\"l-section wpb_row us_custom_cad1ca8d height_large\"><div class=\"l-section-h i-cf\"><div class=\"g-cols vc_row via_grid cols_1 laptops-cols_inherit tablets-cols_inherit mobiles-cols_1 valign_top type_default stacking_default\"><div class=\"wpb_column vc_column_container\"><div class=\"vc_column-inner\"><h2 class=\"w-post-elm post_title us_custom_064d3121 entry-title color_link_inherit\">Falper-Vertrag<\/h2><div class=\"w-separator us_custom_fd8fe90a size_custom\" style=\"height:3px\"><\/div><div class=\"w-separator size_small\"><\/div><div class=\"w-vwrapper align_left valign_top\" style=\"--vwrapper-gap:1.5rem\"><div class=\"wpb_text_column\"><div class=\"wpb_wrapper\"><p>Technische Kompetenz, kontinuierlicher Dialog mit dem Kunden und fundiertes Wissen \u00fcber Materialien und Prozesse machen die Falper Contract Division zum idealen Partner f\u00fcr Projekte im Bereich Hospitality, Wohnen, Retail, Corporate und Yachtbau. Dank der breiten Produktpalette an Bad- und K\u00fcchenkollektionen kann Falper auf vielf\u00e4ltige Anforderungen reagieren \u2013 von gro\u00df angelegten Projekten mit optimiertem Budget bis zu High-End-Realisationen, bei denen Qualit\u00e4t, Design und handwerkliche Details im Mittelpunkt stehen.<\/p>\n<\/div><\/div><div class=\"w-btn-wrapper align_center\"><a class=\"w-btn us-btn-style_3\" href=\" https:\/\/falper.it\/de\/falper-vertrag-form\"><span class=\"w-btn-label\">Fordern Sie den Service an<\/span><\/a><\/div><\/div><\/div><\/div><\/div><\/div><\/section><section class=\"l-section wpb_row us_custom_76395b57 height_auto\"><div class=\"l-section-h i-cf\"><div class=\"g-cols vc_row via_grid cols_2 laptops-cols_inherit tablets-cols_inherit mobiles-cols_1 valign_top type_default stacking_default\" style=\"--columns-gap:3.7rem;\"><div class=\"wpb_column vc_column_container\"><div class=\"vc_column-inner\"><div class=\"w-slider style_none fit_scaledown nav_none count_6\"><div class=\"w-slider-h\"><div class=\"royalSlider\"><div class=\"rsContent\"><a class=\"rsImg\" data-rsw=\"1024\" data-rsh=\"908\" href=\"https:\/\/falper.it\/wp-content\/uploads\/2025\/10\/01_FALPER_Contract_Torri-1024x908.jpg\"><span data-alt=\"\"><\/span><\/a><\/div><div class=\"rsContent\"><a class=\"rsImg\" data-rsw=\"1024\" data-rsh=\"908\" href=\"https:\/\/falper.it\/wp-content\/uploads\/2025\/10\/02_FALPER_Contract_Torri-1024x908.jpg\"><span data-alt=\"\"><\/span><\/a><\/div><div class=\"rsContent\"><a class=\"rsImg\" data-rsw=\"1024\" data-rsh=\"908\" href=\"https:\/\/falper.it\/wp-content\/uploads\/2025\/10\/03_FALPER_Contract_Torri-1024x908.jpg\"><span data-alt=\"\"><\/span><\/a><\/div><div class=\"rsContent\"><a class=\"rsImg\" data-rsw=\"1024\" data-rsh=\"908\" href=\"https:\/\/falper.it\/wp-content\/uploads\/2025\/10\/04_FALPER_Contract_Torri-1024x908.jpg\"><span data-alt=\"\"><\/span><\/a><\/div><div class=\"rsContent\"><a class=\"rsImg\" data-rsw=\"1024\" data-rsh=\"908\" href=\"https:\/\/falper.it\/wp-content\/uploads\/2025\/10\/05_FALPER_Contract_Torri-1024x908.jpg\"><span data-alt=\"\"><\/span><\/a><\/div><div class=\"rsContent\"><a class=\"rsImg\" data-rsw=\"1024\" data-rsh=\"908\" href=\"https:\/\/falper.it\/wp-content\/uploads\/2025\/10\/06_FALPER_Contract_Torri-1024x908.jpg\"><span data-alt=\"\"><\/span><\/a><\/div><\/div><img decoding=\"async\" src=\"https:\/\/falper.it\/wp-content\/uploads\/2025\/10\/01_FALPER_Contract_Torri-1024x908.jpg\" width=\"1024\" height=\"908\" alt loading=\"lazy\"><\/div><div class=\"w-slider-json\" onclick='return {&quot;autoScaleSlider&quot;:true,&quot;addActiveClass&quot;:true,&quot;loop&quot;:true,&quot;fadeInLoadedSlide&quot;:false,&quot;slidesSpacing&quot;:0,&quot;imageScalePadding&quot;:0,&quot;numImagesToPreload&quot;:2,&quot;arrowsNav&quot;:true,&quot;arrowsNavAutoHide&quot;:false,&quot;transitionType&quot;:&quot;move&quot;,&quot;transitionSpeed&quot;:250,&quot;block&quot;:{&quot;moveEffect&quot;:&quot;none&quot;,&quot;speed&quot;:300},&quot;thumbs&quot;:{&quot;fitInViewport&quot;:false,&quot;firstMargin&quot;:false,&quot;spacing&quot;:4},&quot;controlNavigation&quot;:&quot;none&quot;,&quot;autoScaleSliderWidth&quot;:1024,&quot;autoScaleSliderHeight&quot;:908}'><\/div><\/div><div class=\"wpb_text_column us_custom_72fc42ef\"><div class=\"wpb_wrapper\"><h5><strong>TOWERS<\/strong><\/h5>\n<p>Ma\u00dfgeschneiderte Wohnl\u00f6sungen, bei denen Funktionalit\u00e4t und Design jeden Wohnraum aufwerten. Die Kollektionen von Falper bringen Eleganz und Innovation in Apartments und Penth\u00e4user \u2013 mit besonderem Fokus auf optimale Raumnutzung.<\/p>\n<\/div><\/div><\/div><\/div><div class=\"wpb_column vc_column_container\"><div class=\"vc_column-inner\"><div class=\"w-slider style_none fit_scaledown nav_none count_5\"><div class=\"w-slider-h\"><div class=\"royalSlider\"><div class=\"rsContent\"><a class=\"rsImg\" data-rsw=\"1024\" data-rsh=\"908\" href=\"https:\/\/falper.it\/wp-content\/uploads\/2025\/10\/01_FALPER_Contract_Ville-1024x908.jpg\"><span data-alt=\"\"><\/span><\/a><\/div><div class=\"rsContent\"><a class=\"rsImg\" data-rsw=\"1024\" data-rsh=\"908\" href=\"https:\/\/falper.it\/wp-content\/uploads\/2025\/10\/02_FALPER_Contract_Ville-1024x908.jpg\"><span data-alt=\"\"><\/span><\/a><\/div><div class=\"rsContent\"><a class=\"rsImg\" data-rsw=\"1024\" data-rsh=\"908\" href=\"https:\/\/falper.it\/wp-content\/uploads\/2025\/10\/03_FALPER_Contract_Ville-1024x908.jpg\"><span data-alt=\"\"><\/span><\/a><\/div><div class=\"rsContent\"><a class=\"rsImg\" data-rsw=\"1024\" data-rsh=\"908\" href=\"https:\/\/falper.it\/wp-content\/uploads\/2025\/10\/04_FALPER_Contract_Ville-1024x908.jpg\"><span data-alt=\"\"><\/span><\/a><\/div><div class=\"rsContent\"><a class=\"rsImg\" data-rsw=\"1024\" data-rsh=\"908\" href=\"https:\/\/falper.it\/wp-content\/uploads\/2025\/10\/05_FALPER_Contract_Ville-1024x908.jpg\"><span data-alt=\"\"><\/span><\/a><\/div><\/div><img decoding=\"async\" src=\"https:\/\/falper.it\/wp-content\/uploads\/2025\/10\/01_FALPER_Contract_Ville-1024x908.jpg\" width=\"1024\" height=\"908\" alt loading=\"lazy\"><\/div><div class=\"w-slider-json\" onclick='return {&quot;autoScaleSlider&quot;:true,&quot;addActiveClass&quot;:true,&quot;loop&quot;:true,&quot;fadeInLoadedSlide&quot;:false,&quot;slidesSpacing&quot;:0,&quot;imageScalePadding&quot;:0,&quot;numImagesToPreload&quot;:2,&quot;arrowsNav&quot;:true,&quot;arrowsNavAutoHide&quot;:false,&quot;transitionType&quot;:&quot;move&quot;,&quot;transitionSpeed&quot;:250,&quot;block&quot;:{&quot;moveEffect&quot;:&quot;none&quot;,&quot;speed&quot;:300},&quot;thumbs&quot;:{&quot;fitInViewport&quot;:false,&quot;firstMargin&quot;:false,&quot;spacing&quot;:4},&quot;controlNavigation&quot;:&quot;none&quot;,&quot;autoScaleSliderWidth&quot;:1024,&quot;autoScaleSliderHeight&quot;:908}'><\/div><\/div><div class=\"wpb_text_column us_custom_72fc42ef\"><div class=\"wpb_wrapper\"><h5><strong>PRIVATE VILLEN<\/strong><\/h5>\n<p>Einzigartige Designs f\u00fcr exklusive Wohnimmobilien, in denen jedes Detail z\u00e4hlt. Die Kollektionen von Falper passen sich perfekt den Anspr\u00fcchen an Stil und Komfort an und schaffen raffinierte, elegante und individuelle Badezimmer ganz nach den Vorstellungen des Kunden.<\/p>\n<\/div><\/div><\/div><\/div><\/div><\/div><\/section><section class=\"l-section wpb_row us_custom_ebd0090a height_small\"><div class=\"l-section-h i-cf\"><div class=\"g-cols vc_row via_grid cols_2 laptops-cols_inherit tablets-cols_inherit mobiles-cols_1 valign_top type_default stacking_default\" style=\"--columns-gap:3.7rem;\"><div class=\"wpb_column vc_column_container\"><div class=\"vc_column-inner\"><div class=\"w-slider style_none fit_scaledown nav_none count_4\"><div class=\"w-slider-h\"><div class=\"royalSlider\"><div class=\"rsContent\"><a class=\"rsImg\" data-rsw=\"1024\" data-rsh=\"908\" href=\"https:\/\/falper.it\/wp-content\/uploads\/2025\/10\/01_FALPER_Contract_Hospitality-1024x908.jpg\"><span data-alt=\"\"><\/span><\/a><\/div><div class=\"rsContent\"><a class=\"rsImg\" data-rsw=\"1024\" data-rsh=\"908\" href=\"https:\/\/falper.it\/wp-content\/uploads\/2025\/10\/02_FALPER_Contract_Hospitality-1024x908.jpg\"><span data-alt=\"\"><\/span><\/a><\/div><div class=\"rsContent\"><a class=\"rsImg\" data-rsw=\"1024\" data-rsh=\"908\" href=\"https:\/\/falper.it\/wp-content\/uploads\/2025\/10\/03_FALPER_Contract_Hospitality-1024x908.jpg\"><span data-alt=\"\"><\/span><\/a><\/div><div class=\"rsContent\"><a class=\"rsImg\" data-rsw=\"1024\" data-rsh=\"908\" href=\"https:\/\/falper.it\/wp-content\/uploads\/2025\/10\/04_FALPER_Contract_Hospitality-1024x908.jpg\"><span data-alt=\"\"><\/span><\/a><\/div><\/div><img decoding=\"async\" src=\"https:\/\/falper.it\/wp-content\/uploads\/2025\/10\/01_FALPER_Contract_Hospitality-1024x908.jpg\" width=\"1024\" height=\"908\" alt loading=\"lazy\"><\/div><div class=\"w-slider-json\" onclick='return {&quot;autoScaleSlider&quot;:true,&quot;addActiveClass&quot;:true,&quot;loop&quot;:true,&quot;fadeInLoadedSlide&quot;:false,&quot;slidesSpacing&quot;:0,&quot;imageScalePadding&quot;:0,&quot;numImagesToPreload&quot;:2,&quot;arrowsNav&quot;:true,&quot;arrowsNavAutoHide&quot;:false,&quot;transitionType&quot;:&quot;move&quot;,&quot;transitionSpeed&quot;:250,&quot;block&quot;:{&quot;moveEffect&quot;:&quot;none&quot;,&quot;speed&quot;:300},&quot;thumbs&quot;:{&quot;fitInViewport&quot;:false,&quot;firstMargin&quot;:false,&quot;spacing&quot;:4},&quot;controlNavigation&quot;:&quot;none&quot;,&quot;autoScaleSliderWidth&quot;:1024,&quot;autoScaleSliderHeight&quot;:908}'><\/div><\/div><div class=\"wpb_text_column us_custom_72fc42ef\"><div class=\"wpb_wrapper\"><h5><strong>GASTRONOMIE<\/strong><\/h5>\n<p>Funktionale und designorientierte L\u00f6sungen f\u00fcr Hotels und Gastronomiebetriebe. Die hochwertigen Materialien, die Liebe zum Detail und die Vielseitigkeit der Falper-Kollektionen schaffen einladende, elegante R\u00e4ume, die einen bleibenden Eindruck hinterlassen.<\/p>\n<\/div><\/div><\/div><\/div><div class=\"wpb_column vc_column_container\"><div class=\"vc_column-inner\"><div class=\"w-slider style_none fit_scaledown nav_none count_4\"><div class=\"w-slider-h\"><div class=\"royalSlider\"><div class=\"rsContent\"><a class=\"rsImg\" data-rsw=\"1024\" data-rsh=\"908\" href=\"https:\/\/falper.it\/wp-content\/uploads\/2025\/10\/01_FALPER_Contract_Yacht-1024x908.jpg\"><span data-alt=\"\"><\/span><\/a><\/div><div class=\"rsContent\"><a class=\"rsImg\" data-rsw=\"1024\" data-rsh=\"908\" href=\"https:\/\/falper.it\/wp-content\/uploads\/2025\/10\/02_FALPER_Contract_Yacht-1024x908.jpg\"><span data-alt=\"\"><\/span><\/a><\/div><div class=\"rsContent\"><a class=\"rsImg\" data-rsw=\"1024\" data-rsh=\"908\" href=\"https:\/\/falper.it\/wp-content\/uploads\/2025\/10\/04_FALPER_Contract_Yacht-1024x908.jpg\"><span data-alt=\"\"><\/span><\/a><\/div><div class=\"rsContent\"><a class=\"rsImg\" data-rsw=\"1024\" data-rsh=\"908\" href=\"https:\/\/falper.it\/wp-content\/uploads\/2025\/10\/05_FALPER_Contract_Yacht-1024x908.jpg\"><span data-alt=\"\"><\/span><\/a><\/div><\/div><img decoding=\"async\" src=\"https:\/\/falper.it\/wp-content\/uploads\/2025\/10\/01_FALPER_Contract_Yacht-1024x908.jpg\" width=\"1024\" height=\"908\" alt loading=\"lazy\"><\/div><div class=\"w-slider-json\" onclick='return {&quot;autoScaleSlider&quot;:true,&quot;addActiveClass&quot;:true,&quot;loop&quot;:true,&quot;fadeInLoadedSlide&quot;:false,&quot;slidesSpacing&quot;:0,&quot;imageScalePadding&quot;:0,&quot;numImagesToPreload&quot;:2,&quot;arrowsNav&quot;:true,&quot;arrowsNavAutoHide&quot;:false,&quot;transitionType&quot;:&quot;move&quot;,&quot;transitionSpeed&quot;:250,&quot;block&quot;:{&quot;moveEffect&quot;:&quot;none&quot;,&quot;speed&quot;:300},&quot;thumbs&quot;:{&quot;fitInViewport&quot;:false,&quot;firstMargin&quot;:false,&quot;spacing&quot;:4},&quot;controlNavigation&quot;:&quot;none&quot;,&quot;autoScaleSliderWidth&quot;:1024,&quot;autoScaleSliderHeight&quot;:908}'><\/div><\/div><div class=\"wpb_text_column us_custom_72fc42ef\"><div class=\"wpb_wrapper\"><h5>YACHT<\/h5>\n<p>Ma\u00dfgefertigte Badezimmerausstattungen f\u00fcr Luxusyachten, wo \u00c4sthetik und Funktionalit\u00e4t auf engstem Raum Hand in Hand gehen m\u00fcssen. Die Kollektionen von Falper vereinen Eleganz und Funktionalit\u00e4t und gew\u00e4hrleisten so auch an Bord leistungsstarke und raffinierte L\u00f6sungen.<\/p>\n<\/div><\/div><\/div><\/div><\/div><\/div><\/section><section class=\"l-section wpb_row us_custom_65bb4fc8 height_auto width_full\"><div class=\"l-section-h i-cf\"><div class=\"g-cols vc_row via_grid cols_1 laptops-cols_inherit tablets-cols_inherit mobiles-cols_1 valign_top type_default stacking_default\"><div class=\"wpb_column vc_column_container stretched\"><div class=\"vc_column-inner\"><div class=\"w-image us_custom_36cd8fc1 img-articles has_height align_center\"><div class=\"w-image-h\"><img decoding=\"async\" width=\"2560\" height=\"1440\" src=\"https:\/\/falper.it\/wp-content\/uploads\/2025\/10\/02_FALPER_Contract-scaled.jpg\" class=\"attachment-full size-full\" alt=\"\" loading=\"lazy\" srcset=\"https:\/\/falper.it\/wp-content\/uploads\/2025\/10\/02_FALPER_Contract-scaled.jpg 2560w, https:\/\/falper.it\/wp-content\/uploads\/2025\/10\/02_FALPER_Contract-300x169.jpg 300w, https:\/\/falper.it\/wp-content\/uploads\/2025\/10\/02_FALPER_Contract-1024x576.jpg 1024w, https:\/\/falper.it\/wp-content\/uploads\/2025\/10\/02_FALPER_Contract-1536x864.jpg 1536w\" sizes=\"auto, (max-width: 2560px) 100vw, 2560px\" \/><\/div><\/div><\/div><\/div><\/div><\/div><\/section><section class=\"l-section wpb_row height_medium\"><div class=\"l-section-h i-cf\"><div class=\"g-cols vc_row via_grid cols_1 laptops-cols_inherit tablets-cols_inherit mobiles-cols_1 valign_middle type_default stacking_default\"><div class=\"wpb_column vc_column_container\"><div class=\"vc_column-inner\"><div class=\"wpb_text_column us_custom_eb849559\"><div class=\"wpb_wrapper\"><h2><strong>Falper bietet Architekten, Innenarchitekten, Bautr\u00e4gern und Generalunternehmern professionelle Unterst\u00fctzung bei der Entwicklung ma\u00dfgeschneiderter L\u00f6sungen.<\/strong><\/h2>\n<\/div><\/div><div class=\"w-separator size_medium\"><\/div><div class=\"w-btn-wrapper align_center\"><a class=\"w-btn us-btn-style_3\" href=\" https:\/\/falper.it\/de\/falper-vertrag-form\"><span class=\"w-btn-label\">Fordern Sie den Service an<\/span><\/a><\/div><\/div><\/div><\/div><\/div><\/section>\n","protected":false},"excerpt":{"rendered":"Falper-VertragTechnische Kompetenz, kontinuierlicher Dialog mit dem Kunden und fundiertes Wissen \u00fcber Materialien und Prozesse machen die Falper Contract Division zum idealen Partner f\u00fcr Projekte im Bereich Hospitality, Wohnen, Retail, Corporate und Yachtbau. Dank der breiten Produktpalette an Bad- und K\u00fcchenkollektionen kann Falper auf vielf\u00e4ltige Anforderungen reagieren \u2013 von gro\u00df angelegten Projekten mit optimiertem Budget bis...","protected":false},"author":1,"featured_media":35381,"parent":0,"menu_order":0,"comment_status":"closed","ping_status":"closed","template":"","meta":{"_acf_changed":false,"footnotes":""},"class_list":["post-19005","page","type-page","status-publish","has-post-thumbnail","hentry"],"acf":[],"yoast_head":"<!-- This site is optimized with the Yoast SEO plugin v27.2 - https:\/\/yoast.com\/product\/yoast-seo-wordpress\/ -->\n<title>Falper Contract | Luxus Badm\u00f6bel f\u00fcr HoReCa<\/title>\n<meta name=\"description\" content=\"Falper Contract schl\u00e4gt modulare Badezimmerl\u00f6sungen f\u00fcr Hotels, Restaurants und HoReCa-Projekte vor. Italienisches Design, Premium-Materialien und ma\u00dfgeschneiderte Konfigurationen.\" \/>\n<meta name=\"robots\" content=\"index, follow, max-snippet:-1, max-image-preview:large, max-video-preview:-1\" \/>\n<link rel=\"canonical\" href=\"https:\/\/falper.it\/de\/falper-vertrag\/\" \/>\n<meta property=\"og:locale\" content=\"de_DE\" \/>\n<meta property=\"og:type\" content=\"article\" \/>\n<meta property=\"og:title\" content=\"Falper Contract | Luxus Badm\u00f6bel f\u00fcr HoReCa\" \/>\n<meta property=\"og:description\" content=\"Falper Contract schl\u00e4gt modulare Badezimmerl\u00f6sungen f\u00fcr Hotels, Restaurants und HoReCa-Projekte vor. Italienisches Design, Premium-Materialien und ma\u00dfgeschneiderte Konfigurationen.\" \/>\n<meta property=\"og:url\" content=\"https:\/\/falper.it\/de\/falper-vertrag\/\" \/>\n<meta property=\"og:site_name\" content=\"Falper\" \/>\n<meta property=\"article:publisher\" content=\"https:\/\/www.facebook.com\/FalperDesign\" \/>\n<meta property=\"article:modified_time\" content=\"2026-01-28T13:48:30+00:00\" \/>\n<meta name=\"twitter:card\" content=\"summary_large_image\" \/>\n<meta name=\"twitter:label1\" content=\"Gesch\u00e4tzte Lesezeit\" \/>\n\t<meta name=\"twitter:data1\" content=\"8\u00a0Minute\" \/>\n<script type=\"application\/ld+json\" class=\"yoast-schema-graph\">{\"@context\":\"https:\/\/schema.org\",\"@graph\":[{\"@type\":\"WebPage\",\"@id\":\"https:\/\/falper.it\/de\/falper-vertrag\/\",\"url\":\"https:\/\/falper.it\/de\/falper-vertrag\/\",\"name\":\"Falper Contract | Luxus Badm\u00f6bel f\u00fcr HoReCa\",\"isPartOf\":{\"@id\":\"https:\/\/falper.it\/de\/#website\"},\"primaryImageOfPage\":{\"@id\":\"https:\/\/falper.it\/de\/falper-vertrag\/#primaryimage\"},\"image\":{\"@id\":\"https:\/\/falper.it\/de\/falper-vertrag\/#primaryimage\"},\"thumbnailUrl\":\"https:\/\/falper.it\/wp-content\/uploads\/2025\/10\/01_FALPER_Contract_header-scaled.jpg\",\"datePublished\":\"2025-10-31T15:14:39+00:00\",\"dateModified\":\"2026-01-28T13:48:30+00:00\",\"description\":\"Falper Contract schl\u00e4gt modulare Badezimmerl\u00f6sungen f\u00fcr Hotels, Restaurants und HoReCa-Projekte vor. Italienisches Design, Premium-Materialien und ma\u00dfgeschneiderte Konfigurationen.\",\"breadcrumb\":{\"@id\":\"https:\/\/falper.it\/de\/falper-vertrag\/#breadcrumb\"},\"inLanguage\":\"de\",\"potentialAction\":[{\"@type\":\"ReadAction\",\"target\":[\"https:\/\/falper.it\/de\/falper-vertrag\/\"]}]},{\"@type\":\"ImageObject\",\"inLanguage\":\"de\",\"@id\":\"https:\/\/falper.it\/de\/falper-vertrag\/#primaryimage\",\"url\":\"https:\/\/falper.it\/wp-content\/uploads\/2025\/10\/01_FALPER_Contract_header-scaled.jpg\",\"contentUrl\":\"https:\/\/falper.it\/wp-content\/uploads\/2025\/10\/01_FALPER_Contract_header-scaled.jpg\",\"width\":2560,\"height\":1440},{\"@type\":\"BreadcrumbList\",\"@id\":\"https:\/\/falper.it\/de\/falper-vertrag\/#breadcrumb\",\"itemListElement\":[{\"@type\":\"ListItem\",\"position\":1,\"name\":\"Home\",\"item\":\"https:\/\/falper.it\/de\/\"},{\"@type\":\"ListItem\",\"position\":2,\"name\":\"Falper-Vertrag\"}]},{\"@type\":\"WebSite\",\"@id\":\"https:\/\/falper.it\/de\/#website\",\"url\":\"https:\/\/falper.it\/de\/\",\"name\":\"Falper\",\"description\":\"\",\"publisher\":{\"@id\":\"https:\/\/falper.it\/de\/#organization\"},\"potentialAction\":[{\"@type\":\"SearchAction\",\"target\":{\"@type\":\"EntryPoint\",\"urlTemplate\":\"https:\/\/falper.it\/de\/?s={search_term_string}\"},\"query-input\":{\"@type\":\"PropertyValueSpecification\",\"valueRequired\":true,\"valueName\":\"search_term_string\"}}],\"inLanguage\":\"de\"},{\"@type\":\"Organization\",\"@id\":\"https:\/\/falper.it\/de\/#organization\",\"name\":\"Falper\",\"url\":\"https:\/\/falper.it\/de\/\",\"logo\":{\"@type\":\"ImageObject\",\"inLanguage\":\"de\",\"@id\":\"https:\/\/falper.it\/de\/#\/schema\/logo\/image\/\",\"url\":\"https:\/\/falper.it\/wp-content\/uploads\/2017\/07\/falper-logo-.svg\",\"contentUrl\":\"https:\/\/falper.it\/wp-content\/uploads\/2017\/07\/falper-logo-.svg\",\"width\":\"1024\",\"height\":\"1024\",\"caption\":\"Falper\"},\"image\":{\"@id\":\"https:\/\/falper.it\/de\/#\/schema\/logo\/image\/\"},\"sameAs\":[\"https:\/\/www.facebook.com\/FalperDesign\",\"https:\/\/www.instagram.com\/falperdesign\/\",\"http:\/\/pinterest.com\/falperdesign\/\",\"http:\/\/www.linkedin.com\/company\/3070513?trk=tyah\"]}]}<\/script>\n<!-- \/ Yoast SEO plugin. -->","yoast_head_json":{"title":"Falper Contract | Luxus Badm\u00f6bel f\u00fcr HoReCa","description":"Falper Contract schl\u00e4gt modulare Badezimmerl\u00f6sungen f\u00fcr Hotels, Restaurants und HoReCa-Projekte vor. Italienisches Design, Premium-Materialien und ma\u00dfgeschneiderte Konfigurationen.","robots":{"index":"index","follow":"follow","max-snippet":"max-snippet:-1","max-image-preview":"max-image-preview:large","max-video-preview":"max-video-preview:-1"},"canonical":"https:\/\/falper.it\/de\/falper-vertrag\/","og_locale":"de_DE","og_type":"article","og_title":"Falper Contract | Luxus Badm\u00f6bel f\u00fcr HoReCa","og_description":"Falper Contract schl\u00e4gt modulare Badezimmerl\u00f6sungen f\u00fcr Hotels, Restaurants und HoReCa-Projekte vor. Italienisches Design, Premium-Materialien und ma\u00dfgeschneiderte Konfigurationen.","og_url":"https:\/\/falper.it\/de\/falper-vertrag\/","og_site_name":"Falper","article_publisher":"https:\/\/www.facebook.com\/FalperDesign","article_modified_time":"2026-01-28T13:48:30+00:00","twitter_card":"summary_large_image","twitter_misc":{"Gesch\u00e4tzte Lesezeit":"8\u00a0Minute"},"schema":{"@context":"https:\/\/schema.org","@graph":[{"@type":"WebPage","@id":"https:\/\/falper.it\/de\/falper-vertrag\/","url":"https:\/\/falper.it\/de\/falper-vertrag\/","name":"Falper Contract | Luxus Badm\u00f6bel f\u00fcr HoReCa","isPartOf":{"@id":"https:\/\/falper.it\/de\/#website"},"primaryImageOfPage":{"@id":"https:\/\/falper.it\/de\/falper-vertrag\/#primaryimage"},"image":{"@id":"https:\/\/falper.it\/de\/falper-vertrag\/#primaryimage"},"thumbnailUrl":"https:\/\/falper.it\/wp-content\/uploads\/2025\/10\/01_FALPER_Contract_header-scaled.jpg","datePublished":"2025-10-31T15:14:39+00:00","dateModified":"2026-01-28T13:48:30+00:00","description":"Falper Contract schl\u00e4gt modulare Badezimmerl\u00f6sungen f\u00fcr Hotels, Restaurants und HoReCa-Projekte vor. Italienisches Design, Premium-Materialien und ma\u00dfgeschneiderte Konfigurationen.","breadcrumb":{"@id":"https:\/\/falper.it\/de\/falper-vertrag\/#breadcrumb"},"inLanguage":"de","potentialAction":[{"@type":"ReadAction","target":["https:\/\/falper.it\/de\/falper-vertrag\/"]}]},{"@type":"ImageObject","inLanguage":"de","@id":"https:\/\/falper.it\/de\/falper-vertrag\/#primaryimage","url":"https:\/\/falper.it\/wp-content\/uploads\/2025\/10\/01_FALPER_Contract_header-scaled.jpg","contentUrl":"https:\/\/falper.it\/wp-content\/uploads\/2025\/10\/01_FALPER_Contract_header-scaled.jpg","width":2560,"height":1440},{"@type":"BreadcrumbList","@id":"https:\/\/falper.it\/de\/falper-vertrag\/#breadcrumb","itemListElement":[{"@type":"ListItem","position":1,"name":"Home","item":"https:\/\/falper.it\/de\/"},{"@type":"ListItem","position":2,"name":"Falper-Vertrag"}]},{"@type":"WebSite","@id":"https:\/\/falper.it\/de\/#website","url":"https:\/\/falper.it\/de\/","name":"Falper","description":"","publisher":{"@id":"https:\/\/falper.it\/de\/#organization"},"potentialAction":[{"@type":"SearchAction","target":{"@type":"EntryPoint","urlTemplate":"https:\/\/falper.it\/de\/?s={search_term_string}"},"query-input":{"@type":"PropertyValueSpecification","valueRequired":true,"valueName":"search_term_string"}}],"inLanguage":"de"},{"@type":"Organization","@id":"https:\/\/falper.it\/de\/#organization","name":"Falper","url":"https:\/\/falper.it\/de\/","logo":{"@type":"ImageObject","inLanguage":"de","@id":"https:\/\/falper.it\/de\/#\/schema\/logo\/image\/","url":"https:\/\/falper.it\/wp-content\/uploads\/2017\/07\/falper-logo-.svg","contentUrl":"https:\/\/falper.it\/wp-content\/uploads\/2017\/07\/falper-logo-.svg","width":"1024","height":"1024","caption":"Falper"},"image":{"@id":"https:\/\/falper.it\/de\/#\/schema\/logo\/image\/"},"sameAs":["https:\/\/www.facebook.com\/FalperDesign","https:\/\/www.instagram.com\/falperdesign\/","http:\/\/pinterest.com\/falperdesign\/","http:\/\/www.linkedin.com\/company\/3070513?trk=tyah"]}]}},"_links":{"self":[{"href":"https:\/\/falper.it\/de\/wp-json\/wp\/v2\/pages\/19005","targetHints":{"allow":["GET"]}}],"collection":[{"href":"https:\/\/falper.it\/de\/wp-json\/wp\/v2\/pages"}],"about":[{"href":"https:\/\/falper.it\/de\/wp-json\/wp\/v2\/types\/page"}],"author":[{"embeddable":true,"href":"https:\/\/falper.it\/de\/wp-json\/wp\/v2\/users\/1"}],"replies":[{"embeddable":true,"href":"https:\/\/falper.it\/de\/wp-json\/wp\/v2\/comments?post=19005"}],"version-history":[{"count":12,"href":"https:\/\/falper.it\/de\/wp-json\/wp\/v2\/pages\/19005\/revisions"}],"predecessor-version":[{"id":31381,"href":"https:\/\/falper.it\/de\/wp-json\/wp\/v2\/pages\/19005\/revisions\/31381"}],"wp:featuredmedia":[{"embeddable":true,"href":"https:\/\/falper.it\/de\/wp-json\/wp\/v2\/media\/35381"}],"wp:attachment":[{"href":"https:\/\/falper.it\/de\/wp-json\/wp\/v2\/media?parent=19005"}],"curies":[{"name":"wp","href":"https:\/\/api.w.org\/{rel}","templated":true}]}}