{"id":19029,"date":"2025-10-31T15:19:12","date_gmt":"2025-10-31T15:19:12","guid":{"rendered":"https:\/\/falper.it\/falper-vertrag-form\/"},"modified":"2026-04-09T09:35:42","modified_gmt":"2026-04-09T09:35:42","slug":"falper-vertrag-form","status":"publish","type":"page","link":"https:\/\/falper.it\/de\/falper-vertrag-form\/","title":{"rendered":"Falper-Vertrag Form"},"content":{"rendered":"<section class=\"l-section wpb_row us_custom_cad1ca8d height_large\"><div class=\"l-section-h i-cf\"><div class=\"g-cols vc_row via_grid cols_1 laptops-cols_1 tablets-cols_1 mobiles-cols_1 valign_middle type_default stacking_default\"><div class=\"wpb_column vc_column_container us_custom_1f257949\"><div class=\"vc_column-inner\"><div class=\"w-separator hide_on_laptops hide_on_tablets hide_on_mobiles size_large\"><\/div><div class=\"w-vwrapper us_custom_eb849559 align_left valign_middle\" style=\"--vwrapper-gap:1.2rem\"><div class=\"wpb_text_column\"><div class=\"wpb_wrapper\"><h2><strong>Falper-Vertrag<\/strong><\/h2>\n<\/div><\/div><div class=\"w-separator us_custom_23995288 size_custom\" style=\"height:3px\"><\/div><div class=\"wpb_text_column us_custom_1f257949\"><div class=\"wpb_wrapper\"><p>Fordern Sie unsere Unterst\u00fctzung f\u00fcr Ihr Vertragsprojekt an.<\/p>\n<\/div><\/div><\/div><div class=\"w-separator size_medium\"><\/div>\n<div class=\"wpcf7 no-js us-field-style_1\" id=\"wpcf7-f17220-o1\" lang=\"de-DE\" dir=\"ltr\" data-wpcf7-id=\"17220\">\n<div class=\"screen-reader-response\"><p role=\"status\" aria-live=\"polite\" aria-atomic=\"true\"><\/p> <ul><\/ul><\/div>\n<form action=\"\/de\/wp-json\/wp\/v2\/pages\/19029#wpcf7-f17220-o1\" method=\"post\" class=\"wpcf7-form init\" aria-label=\"Kontaktformular\" enctype=\"multipart\/form-data\" novalidate=\"novalidate\" data-status=\"init\">\n<fieldset class=\"hidden-fields-container\"><input type=\"hidden\" name=\"_wpcf7\" value=\"17220\" \/><input type=\"hidden\" name=\"_wpcf7_version\" value=\"6.1.5\" \/><input type=\"hidden\" name=\"_wpcf7_locale\" value=\"de_DE\" \/><input type=\"hidden\" name=\"_wpcf7_unit_tag\" value=\"wpcf7-f17220-o1\" \/><input type=\"hidden\" name=\"_wpcf7_container_post\" value=\"0\" \/><input type=\"hidden\" name=\"_wpcf7_posted_data_hash\" value=\"\" \/><input type=\"hidden\" name=\"_wpcf7cf_hidden_group_fields\" value=\"[]\" \/><input type=\"hidden\" name=\"_wpcf7cf_hidden_groups\" value=\"[]\" \/><input type=\"hidden\" name=\"_wpcf7cf_visible_groups\" value=\"[]\" \/><input type=\"hidden\" name=\"_wpcf7cf_repeaters\" value=\"[]\" \/><input type=\"hidden\" name=\"_wpcf7cf_steps\" value=\"{}\" \/><input type=\"hidden\" name=\"_wpcf7cf_options\" value=\"{&quot;form_id&quot;:17220,&quot;conditions&quot;:[],&quot;settings&quot;:{&quot;animation&quot;:&quot;yes&quot;,&quot;animation_intime&quot;:200,&quot;animation_outtime&quot;:200,&quot;conditions_ui&quot;:&quot;normal&quot;,&quot;notice_dismissed&quot;:false,&quot;notice_dismissed_update-cf7-6.1.2&quot;:true,&quot;notice_dismissed_rollback-cf7-6.1.3&quot;:true}}\" \/><input type=\"hidden\" name=\"_wpcf7_recaptcha_response\" value=\"\" \/>\n<\/fieldset>\n<div class=\"title-box\">\n\t<h3>Pers\u00f6nliche Daten\n\t<\/h3>\n\t<div class=\"separator\">\n\t<\/div>\n<\/div>\n<div class=\"box_nofloat section-padding \">\n\t<div class=\"input-box\">\n\t\t<p><span class=\"wpcf7-form-control-wrap\" data-name=\"campo1\"><input size=\"40\" maxlength=\"400\" class=\"wpcf7-form-control wpcf7-text wpcf7-validates-as-required\" id=\"campo1\" aria-required=\"true\" aria-invalid=\"false\" placeholder=\"Name*\" value=\"\" type=\"text\" name=\"campo1\" \/><\/span><br \/>\n<span class=\"wpcf7-form-control-wrap\" data-name=\"campo2\"><input size=\"40\" maxlength=\"400\" class=\"wpcf7-form-control wpcf7-text wpcf7-validates-as-required\" id=\"campo2\" aria-required=\"true\" aria-invalid=\"false\" placeholder=\"Nachname*\" value=\"\" type=\"text\" name=\"campo2\" \/><\/span><br \/>\n<span class=\"wpcf7-form-control-wrap\" data-name=\"campo3\"><input size=\"40\" maxlength=\"400\" class=\"wpcf7-form-control wpcf7-text\" id=\"campo3\" aria-invalid=\"false\" placeholder=\"Name der Firma\" value=\"\" type=\"text\" name=\"campo3\" \/><\/span><br \/>\n<span class=\"wpcf7-form-control-wrap\" data-name=\"campo4\"><input size=\"40\" maxlength=\"400\" class=\"wpcf7-form-control wpcf7-email wpcf7-validates-as-required wpcf7-text wpcf7-validates-as-email\" id=\"campo4\" aria-required=\"true\" aria-invalid=\"false\" placeholder=\"E-Mail-Adresse*\" value=\"\" type=\"email\" name=\"campo4\" \/><\/span><br \/>\n<span class=\"wpcf7-form-control-wrap\" data-name=\"campo5\"><input size=\"40\" maxlength=\"400\" class=\"wpcf7-form-control wpcf7-text wpcf7-validates-as-required\" id=\"campo5\" aria-required=\"true\" aria-invalid=\"false\" placeholder=\"Telefon*\" value=\"\" type=\"text\" name=\"campo5\" \/><\/span><br \/>\n<span class=\"wpcf7-form-control-wrap\" data-name=\"campo6\"><input size=\"40\" maxlength=\"400\" class=\"wpcf7-form-control wpcf7-text wpcf7-validates-as-required\" id=\"campo6\" aria-required=\"true\" aria-invalid=\"false\" placeholder=\"Stadt*\" value=\"\" type=\"text\" name=\"campo6\" \/><\/span><br \/>\n<span class=\"wpcf7-form-control-wrap\" data-name=\"campo7\"><input size=\"40\" maxlength=\"400\" class=\"wpcf7-form-control wpcf7-text\" id=\"campo7\" aria-invalid=\"false\" placeholder=\"Kappe\" value=\"\" type=\"text\" name=\"campo7\" \/><\/span><br \/>\n<span class=\"wpcf7-form-control-wrap\" data-name=\"campo8\"><input size=\"40\" maxlength=\"400\" class=\"wpcf7-form-control wpcf7-text\" id=\"campo8\" aria-invalid=\"false\" placeholder=\"Region\" value=\"\" type=\"text\" name=\"campo8\" \/><\/span><br \/>\n<span class=\"wpcf7-form-control-wrap\" data-name=\"campo9\"><input size=\"40\" maxlength=\"400\" class=\"wpcf7-form-control wpcf7-text wpcf7-validates-as-required\" id=\"campo9\" aria-required=\"true\" aria-invalid=\"false\" placeholder=\"Land*\" value=\"\" type=\"text\" name=\"campo9\" \/><\/span>\n\t\t<\/p>\n\t<\/div>\n \n <!-- Radio-boxes per richieste -->\n\t<div class=\"radio-box\">\n\t\t<p><label>Ich beantrage das Projekt als*<\/label><br \/>\n<span class=\"wpcf7-form-control-wrap\" data-name=\"progetto_qualita\"><span class=\"wpcf7-form-control wpcf7-radio\" id=\"progetto_qualita\"><span class=\"wpcf7-list-item first\"><input type=\"radio\" name=\"progetto_qualita\" value=\"Inhaber\" \/><span class=\"wpcf7-list-item-label\">Inhaber<\/span><\/span><span class=\"wpcf7-list-item\"><input type=\"radio\" name=\"progetto_qualita\" value=\"Architekt\/Innenarchitekt\" \/><span class=\"wpcf7-list-item-label\">Architekt\/Innenarchitekt<\/span><\/span><span class=\"wpcf7-list-item last\"><input type=\"radio\" name=\"progetto_qualita\" value=\"Immobilienmakler\" \/><span class=\"wpcf7-list-item-label\">Immobilienmakler<\/span><\/span><\/span><\/span>\n\t\t<\/p>\n\t<\/div>\n\t<div class=\"radio-box\">\n\t\t<p><label>Kennen Sie die Falper-Reihe?<\/label>\n\t\t<\/p>\n\t\t<div class=\"radio-group\" style=\"padding-top:0px;\" id=\"gamma\" data-name=\"gamma\">\n\t\t\t<p><label><input type=\"radio\" name=\"gamma\" value=\"No\" \/> Nein<\/label><br \/>\n<label><input type=\"radio\" name=\"gamma\" value=\"S\u00ec\" \/> Ja<\/label><br \/>\n<label><input type=\"radio\" name=\"gamma\" value=\"S\u00ec, e ho gi\u00e0 acquistato prodotti Falper\" \/> Ja, und ich habe bereits Falper-Produkte gekauft.<\/label>\n\t\t\t<\/p>\n\t\t<\/div>\n\t<\/div>\n\t<div class=\"radio-box\">\n\t\t<p><label>Haben Sie schon einmal einen unserer autorisierten H\u00e4ndler besucht?<\/label>\n\t\t<\/p>\n\t\t<div class=\"radio-group\" style=\"padding-top:0px;\" id=\"visitato_rivenditore\" data-name=\"visitato_rivenditore\">\n\t\t\t<p><label><input type=\"radio\" name=\"visitato_rivenditore\" value=\"No\" \/> Nein<\/label><br \/>\n<label><input type=\"radio\" name=\"visitato_rivenditore\" value=\"S\u00ec\" \/> Ja<\/label>\n\t\t\t<\/p>\n\t\t<\/div>\n\t<\/div>\n\t<div class=\"input-box\">\n\t\t<p><span class=\"wpcf7-form-control-wrap\" data-name=\"campo10\"><input size=\"40\" maxlength=\"400\" class=\"wpcf7-form-control wpcf7-text\" id=\"campo10\" aria-invalid=\"false\" placeholder=\"Wenn ja, welches?\" value=\"\" type=\"text\" name=\"campo10\" \/><\/span>\n\t\t<\/p>\n\t<\/div>\n<\/div>\n<div class=\"title-box\">\n\t<h3>Projekttyp*\n\t<\/h3>\n\t<div class=\"separator\">\n\t<\/div>\n<\/div>\n<div class=\"box_nofloat section-padding \">\n <!-- Tipologia progetto e altri campi -->\n\t<div class=\"radio-box\">\n\t\t<p><label>Projekttyp*<\/label><br \/>\n<span class=\"wpcf7-form-control-wrap\" data-name=\"tipo_progetto\"><span class=\"wpcf7-form-control wpcf7-radio\" id=\"tipo_progetto\"><span class=\"wpcf7-list-item first\"><input type=\"radio\" name=\"tipo_progetto\" value=\"Wohngeb\u00e4ude\" \/><span class=\"wpcf7-list-item-label\">Wohngeb\u00e4ude<\/span><\/span><span class=\"wpcf7-list-item\"><input type=\"radio\" name=\"tipo_progetto\" value=\"Hotel\" \/><span class=\"wpcf7-list-item-label\">Hotel<\/span><\/span><span class=\"wpcf7-list-item\"><input type=\"radio\" name=\"tipo_progetto\" value=\"Boutique-Hotel\" \/><span class=\"wpcf7-list-item-label\">Boutique-Hotel<\/span><\/span><span class=\"wpcf7-list-item\"><input type=\"radio\" name=\"tipo_progetto\" value=\"Restaurant\" \/><span class=\"wpcf7-list-item-label\">Restaurant<\/span><\/span><span class=\"wpcf7-list-item\"><input type=\"radio\" name=\"tipo_progetto\" value=\"SPA\" \/><span class=\"wpcf7-list-item-label\">SPA<\/span><\/span><span class=\"wpcf7-list-item\"><input type=\"radio\" name=\"tipo_progetto\" value=\"Yacht\/Kreuzfahrtschiff\" \/><span class=\"wpcf7-list-item-label\">Yacht\/Kreuzfahrtschiff<\/span><\/span><span class=\"wpcf7-list-item last\"><input type=\"radio\" name=\"tipo_progetto\" value=\"Sonstige\" \/><span class=\"wpcf7-list-item-label\">Sonstige<\/span><\/span><\/span><\/span>\n\t\t<\/p>\n\t<\/div>\n\t<div class=\"input-box\">\n\t\t<p><span class=\"wpcf7-form-control-wrap\" data-name=\"campo11\"><input size=\"40\" maxlength=\"400\" class=\"wpcf7-form-control wpcf7-text\" id=\"campo11\" aria-invalid=\"false\" placeholder=\"Falls Sonstiges, welches?\" value=\"\" type=\"text\" name=\"campo11\" \/><\/span><br \/>\n<span class=\"wpcf7-form-control-wrap\" data-name=\"campo12\"><input size=\"40\" maxlength=\"400\" class=\"wpcf7-form-control wpcf7-text wpcf7-validates-as-required\" id=\"campo12\" aria-required=\"true\" aria-invalid=\"false\" placeholder=\"Stadtprojekt*\" value=\"\" type=\"text\" name=\"campo12\" \/><\/span><br \/>\n<span class=\"wpcf7-form-control-wrap\" data-name=\"campo13\"><input size=\"40\" maxlength=\"400\" class=\"wpcf7-form-control wpcf7-text\" id=\"campo13\" aria-invalid=\"false\" placeholder=\"Landesprojekt\" value=\"\" type=\"text\" name=\"campo13\" \/><\/span><br \/>\n<span class=\"wpcf7-form-control-wrap\" data-name=\"campo14\"><input class=\"wpcf7-form-control wpcf7-number wpcf7-validates-as-required wpcf7-validates-as-number\" id=\"campo14\" min=\"0\" aria-required=\"true\" aria-invalid=\"false\" placeholder=\"Anzahl der zu planenden Badezimmer*\" value=\"\" type=\"number\" name=\"campo14\" \/><\/span><br \/>\n<span class=\"wpcf7-form-control-wrap\" data-name=\"campo15\"><input class=\"wpcf7-form-control wpcf7-number wpcf7-validates-as-required wpcf7-validates-as-number\" id=\"campo15\" min=\"0\" aria-required=\"true\" aria-invalid=\"false\" placeholder=\"Anzahl der zu planenden K\u00fcchen*\" value=\"\" type=\"number\" name=\"campo15\" \/><\/span>\n\t\t<\/p>\n\t<\/div>\n\t<div class=\"radio-box\">\n\t\t<p><label>Haben Sie bereits eine Spezifikation?<\/label>\n\t\t<\/p>\n\t\t<div class=\"radio-group\" style=\"padding-top:0px;\" id=\"capitolato\" data-name=\"capitolato\">\n\t\t\t<p><label><input type=\"radio\" name=\"capitolato\" value=\"No\" \/> Nein<\/label><br \/>\n<label><input type=\"radio\" name=\"capitolato\" value=\"S\u00ec\" \/> Ja<\/label>\n\t\t\t<\/p>\n\t\t<\/div>\n\t<\/div>\n\t<div class=\"file-box\">\n\t\t<p><label>Laden Sie den Projektplan mit Ma\u00dfangaben oder die CAD-Datei herunter<\/label><br \/>\n<span class=\"wpcf7-form-control-wrap\" data-name=\"file-605\"><input size=\"40\" class=\"wpcf7-form-control wpcf7-file\" accept=\".pdf,.jpg,.jpeg,.png,.zip,.dwg,.dxf\" aria-invalid=\"false\" type=\"file\" name=\"file-605\" \/><\/span>\n\t\t<\/p>\n\t<\/div>\n\n<!-- Immagini stato attuale -->\n\t<div class=\"file-box\">\n\t\t<p><label>Laden Sie Bilder vom aktuellen Zustand der Immobilie hoch<\/label><br \/>\n<span class=\"wpcf7-form-control-wrap\" data-name=\"file-606\"><input size=\"40\" class=\"wpcf7-form-control wpcf7-file\" accept=\".jpg,.jpeg,.png,.heic,.pdf\" aria-invalid=\"false\" type=\"file\" name=\"file-606\" \/><\/span>\n\t\t<\/p>\n\t<\/div>\n<\/div>\n<div class=\"input-box\">\n\t<p><textarea id=\"additional_details\" name=\"additional_details\" rows=\"10\" placeholder=\"Kurze Projektzusammenfassung ... (Teilen Sie uns mit, was Sie erledigt haben m\u00f6chten. So k\u00f6nnen wir leichter entscheiden, welcher Berater Ihnen am besten helfen kann.)\">\n<\/textarea>\n\t<\/p>\n\t<p><br \/>\nFalper Srl verarbeitet die \u00fcbermittelten personenbezogenen Daten gem\u00e4\u00df dem italienischen Datenschutzdekret 196\/03. Die Verarbeitung erfolgt mithilfe von IT-Systemen unter Einhaltung der erforderlichen Mindestsicherheitsma\u00dfnahmen und zu Zwecken der statistischen und Marktforschung sowie f\u00fcr Marketing- und Werbema\u00dfnahmen. Gem\u00e4\u00df demselben Gesetz k\u00f6nnen Sie dieser Verarbeitung jederzeit widersprechen und die L\u00f6schung oder \u00c4nderung Ihrer Daten kostenlos verlangen. Verantwortliche Stelle ist Falper Srl, Via Veneto 7-9, 40064 Ozzano Emilia, Bologna (Italien): info@falper.it.\n\t<\/p>\n\t<div class=\"privacy-box\">\n\t\t<p><span class=\"wpcf7-form-control-wrap\" data-name=\"acceptance-453\"><span class=\"wpcf7-form-control wpcf7-acceptance\"><span class=\"wpcf7-list-item\"><input type=\"checkbox\" name=\"acceptance-453\" value=\"1\" id=\"accetto\" aria-invalid=\"false\" \/><\/span><\/span><\/span>\n\t\t<\/p>\n\t\t<p for=\"accetto\">Ich best\u00e4tige, dass ich die <a href=\"\/privacy\" target=\"_blank\">Informationen<\/a> zur Datenverarbeitung gem\u00e4\u00df Art. 13 der Verordnung (EU) Nr. 679\/2016 (\u201eDSGVO\u201c) gelesen habe.\n\t\t<\/p>\n\t<\/div>\n<\/div>\n<div class=\"box_nofloat section-padding\">\n\t<p><input class=\"wpcf7-form-control wpcf7-submit has-spinner gdlr-core-full\" type=\"submit\" value=\"Anfrage senden\" \/>\n\t<\/p>\n<\/div><div class=\"wpcf7-response-output\" aria-hidden=\"true\"><\/div>\n<\/form>\n<\/div>\n<\/div><\/div><\/div><\/div><\/section>\n","protected":false},"excerpt":{"rendered":"Falper-Vertrag Fordern Sie unsere Unterst\u00fctzung f\u00fcr Ihr Vertragsprojekt an. Pers\u00f6nliche Daten Ich beantrage das Projekt als* InhaberArchitekt\/InnenarchitektImmobilienmakler Kennen Sie die Falper-Reihe? Nein Ja Ja, und ich habe bereits Falper-Produkte gekauft. Haben Sie schon einmal einen unserer autorisierten H\u00e4ndler besucht? Nein Ja Projekttyp* Projekttyp* Wohngeb\u00e4udeHotelBoutique-HotelRestaurantSPAYacht\/KreuzfahrtschiffSonstige Haben Sie bereits eine Spezifikation? Nein Ja Laden Sie den Projektplan...","protected":false},"author":1,"featured_media":35381,"parent":0,"menu_order":0,"comment_status":"closed","ping_status":"closed","template":"","meta":{"_acf_changed":false,"footnotes":""},"class_list":["post-19029","page","type-page","status-publish","has-post-thumbnail","hentry"],"acf":[],"yoast_head":"<!-- This site is optimized with the Yoast SEO plugin v27.2 - https:\/\/yoast.com\/product\/yoast-seo-wordpress\/ -->\n<title>Falper Contract | HoReCa Badm\u00f6bel Made in Italy<\/title>\n<meta name=\"description\" content=\"Falper Contract-L\u00f6sungen f\u00fcr den HoReCa-Sektor: Luxus-Badm\u00f6bel aus Italien, modulare Systeme und exzellente Materialien f\u00fcr professionelle Projekte.\" \/>\n<meta name=\"robots\" content=\"index, follow, max-snippet:-1, max-image-preview:large, max-video-preview:-1\" \/>\n<link rel=\"canonical\" href=\"https:\/\/falper.it\/de\/falper-vertrag-form\/\" \/>\n<meta property=\"og:locale\" content=\"de_DE\" \/>\n<meta property=\"og:type\" content=\"article\" \/>\n<meta property=\"og:title\" content=\"Falper Contract | HoReCa Badm\u00f6bel Made in Italy\" \/>\n<meta property=\"og:description\" content=\"Falper Contract-L\u00f6sungen f\u00fcr den HoReCa-Sektor: Luxus-Badm\u00f6bel aus Italien, modulare Systeme und exzellente Materialien f\u00fcr professionelle Projekte.\" \/>\n<meta property=\"og:url\" content=\"https:\/\/falper.it\/de\/falper-vertrag-form\/\" \/>\n<meta property=\"og:site_name\" content=\"Falper\" \/>\n<meta property=\"article:publisher\" content=\"https:\/\/www.facebook.com\/FalperDesign\" \/>\n<meta property=\"article:modified_time\" content=\"2026-04-09T09:35:42+00:00\" \/>\n<meta property=\"og:image\" content=\"https:\/\/falper.it\/wp-content\/uploads\/2025\/10\/01_FALPER_Contract_header-scaled.jpg\" \/>\n\t<meta property=\"og:image:width\" content=\"2560\" \/>\n\t<meta property=\"og:image:height\" content=\"1440\" \/>\n\t<meta property=\"og:image:type\" content=\"image\/jpeg\" \/>\n<meta name=\"twitter:card\" content=\"summary_large_image\" \/>\n<meta name=\"twitter:label1\" content=\"Gesch\u00e4tzte Lesezeit\" \/>\n\t<meta name=\"twitter:data1\" content=\"1\u00a0Minute\" \/>\n<script type=\"application\/ld+json\" class=\"yoast-schema-graph\">{\"@context\":\"https:\/\/schema.org\",\"@graph\":[{\"@type\":\"WebPage\",\"@id\":\"https:\/\/falper.it\/de\/falper-vertrag-form\/\",\"url\":\"https:\/\/falper.it\/de\/falper-vertrag-form\/\",\"name\":\"Falper Contract | HoReCa Badm\u00f6bel Made in Italy\",\"isPartOf\":{\"@id\":\"https:\/\/falper.it\/de\/#website\"},\"primaryImageOfPage\":{\"@id\":\"https:\/\/falper.it\/de\/falper-vertrag-form\/#primaryimage\"},\"image\":{\"@id\":\"https:\/\/falper.it\/de\/falper-vertrag-form\/#primaryimage\"},\"thumbnailUrl\":\"https:\/\/falper.it\/wp-content\/uploads\/2025\/10\/01_FALPER_Contract_header-scaled.jpg\",\"datePublished\":\"2025-10-31T15:19:12+00:00\",\"dateModified\":\"2026-04-09T09:35:42+00:00\",\"description\":\"Falper Contract-L\u00f6sungen f\u00fcr den HoReCa-Sektor: Luxus-Badm\u00f6bel aus Italien, modulare Systeme und exzellente Materialien f\u00fcr professionelle Projekte.\",\"breadcrumb\":{\"@id\":\"https:\/\/falper.it\/de\/falper-vertrag-form\/#breadcrumb\"},\"inLanguage\":\"de\",\"potentialAction\":[{\"@type\":\"ReadAction\",\"target\":[\"https:\/\/falper.it\/de\/falper-vertrag-form\/\"]}]},{\"@type\":\"ImageObject\",\"inLanguage\":\"de\",\"@id\":\"https:\/\/falper.it\/de\/falper-vertrag-form\/#primaryimage\",\"url\":\"https:\/\/falper.it\/wp-content\/uploads\/2025\/10\/01_FALPER_Contract_header-scaled.jpg\",\"contentUrl\":\"https:\/\/falper.it\/wp-content\/uploads\/2025\/10\/01_FALPER_Contract_header-scaled.jpg\",\"width\":2560,\"height\":1440},{\"@type\":\"BreadcrumbList\",\"@id\":\"https:\/\/falper.it\/de\/falper-vertrag-form\/#breadcrumb\",\"itemListElement\":[{\"@type\":\"ListItem\",\"position\":1,\"name\":\"Home\",\"item\":\"https:\/\/falper.it\/de\/\"},{\"@type\":\"ListItem\",\"position\":2,\"name\":\"Falper-Vertrag Form\"}]},{\"@type\":\"WebSite\",\"@id\":\"https:\/\/falper.it\/de\/#website\",\"url\":\"https:\/\/falper.it\/de\/\",\"name\":\"Falper\",\"description\":\"\",\"publisher\":{\"@id\":\"https:\/\/falper.it\/de\/#organization\"},\"potentialAction\":[{\"@type\":\"SearchAction\",\"target\":{\"@type\":\"EntryPoint\",\"urlTemplate\":\"https:\/\/falper.it\/de\/?s={search_term_string}\"},\"query-input\":{\"@type\":\"PropertyValueSpecification\",\"valueRequired\":true,\"valueName\":\"search_term_string\"}}],\"inLanguage\":\"de\"},{\"@type\":\"Organization\",\"@id\":\"https:\/\/falper.it\/de\/#organization\",\"name\":\"Falper\",\"url\":\"https:\/\/falper.it\/de\/\",\"logo\":{\"@type\":\"ImageObject\",\"inLanguage\":\"de\",\"@id\":\"https:\/\/falper.it\/de\/#\/schema\/logo\/image\/\",\"url\":\"https:\/\/falper.it\/wp-content\/uploads\/2017\/07\/falper-logo-.svg\",\"contentUrl\":\"https:\/\/falper.it\/wp-content\/uploads\/2017\/07\/falper-logo-.svg\",\"width\":\"1024\",\"height\":\"1024\",\"caption\":\"Falper\"},\"image\":{\"@id\":\"https:\/\/falper.it\/de\/#\/schema\/logo\/image\/\"},\"sameAs\":[\"https:\/\/www.facebook.com\/FalperDesign\",\"https:\/\/www.instagram.com\/falperdesign\/\",\"http:\/\/pinterest.com\/falperdesign\/\",\"http:\/\/www.linkedin.com\/company\/3070513?trk=tyah\"]}]}<\/script>\n<!-- \/ Yoast SEO plugin. -->","yoast_head_json":{"title":"Falper Contract | HoReCa Badm\u00f6bel Made in Italy","description":"Falper Contract-L\u00f6sungen f\u00fcr den HoReCa-Sektor: Luxus-Badm\u00f6bel aus Italien, modulare Systeme und exzellente Materialien f\u00fcr professionelle Projekte.","robots":{"index":"index","follow":"follow","max-snippet":"max-snippet:-1","max-image-preview":"max-image-preview:large","max-video-preview":"max-video-preview:-1"},"canonical":"https:\/\/falper.it\/de\/falper-vertrag-form\/","og_locale":"de_DE","og_type":"article","og_title":"Falper Contract | HoReCa Badm\u00f6bel Made in Italy","og_description":"Falper Contract-L\u00f6sungen f\u00fcr den HoReCa-Sektor: Luxus-Badm\u00f6bel aus Italien, modulare Systeme und exzellente Materialien f\u00fcr professionelle Projekte.","og_url":"https:\/\/falper.it\/de\/falper-vertrag-form\/","og_site_name":"Falper","article_publisher":"https:\/\/www.facebook.com\/FalperDesign","article_modified_time":"2026-04-09T09:35:42+00:00","og_image":[{"width":2560,"height":1440,"url":"https:\/\/falper.it\/wp-content\/uploads\/2025\/10\/01_FALPER_Contract_header-scaled.jpg","type":"image\/jpeg"}],"twitter_card":"summary_large_image","twitter_misc":{"Gesch\u00e4tzte Lesezeit":"1\u00a0Minute"},"schema":{"@context":"https:\/\/schema.org","@graph":[{"@type":"WebPage","@id":"https:\/\/falper.it\/de\/falper-vertrag-form\/","url":"https:\/\/falper.it\/de\/falper-vertrag-form\/","name":"Falper Contract | HoReCa Badm\u00f6bel Made in Italy","isPartOf":{"@id":"https:\/\/falper.it\/de\/#website"},"primaryImageOfPage":{"@id":"https:\/\/falper.it\/de\/falper-vertrag-form\/#primaryimage"},"image":{"@id":"https:\/\/falper.it\/de\/falper-vertrag-form\/#primaryimage"},"thumbnailUrl":"https:\/\/falper.it\/wp-content\/uploads\/2025\/10\/01_FALPER_Contract_header-scaled.jpg","datePublished":"2025-10-31T15:19:12+00:00","dateModified":"2026-04-09T09:35:42+00:00","description":"Falper Contract-L\u00f6sungen f\u00fcr den HoReCa-Sektor: Luxus-Badm\u00f6bel aus Italien, modulare Systeme und exzellente Materialien f\u00fcr professionelle Projekte.","breadcrumb":{"@id":"https:\/\/falper.it\/de\/falper-vertrag-form\/#breadcrumb"},"inLanguage":"de","potentialAction":[{"@type":"ReadAction","target":["https:\/\/falper.it\/de\/falper-vertrag-form\/"]}]},{"@type":"ImageObject","inLanguage":"de","@id":"https:\/\/falper.it\/de\/falper-vertrag-form\/#primaryimage","url":"https:\/\/falper.it\/wp-content\/uploads\/2025\/10\/01_FALPER_Contract_header-scaled.jpg","contentUrl":"https:\/\/falper.it\/wp-content\/uploads\/2025\/10\/01_FALPER_Contract_header-scaled.jpg","width":2560,"height":1440},{"@type":"BreadcrumbList","@id":"https:\/\/falper.it\/de\/falper-vertrag-form\/#breadcrumb","itemListElement":[{"@type":"ListItem","position":1,"name":"Home","item":"https:\/\/falper.it\/de\/"},{"@type":"ListItem","position":2,"name":"Falper-Vertrag Form"}]},{"@type":"WebSite","@id":"https:\/\/falper.it\/de\/#website","url":"https:\/\/falper.it\/de\/","name":"Falper","description":"","publisher":{"@id":"https:\/\/falper.it\/de\/#organization"},"potentialAction":[{"@type":"SearchAction","target":{"@type":"EntryPoint","urlTemplate":"https:\/\/falper.it\/de\/?s={search_term_string}"},"query-input":{"@type":"PropertyValueSpecification","valueRequired":true,"valueName":"search_term_string"}}],"inLanguage":"de"},{"@type":"Organization","@id":"https:\/\/falper.it\/de\/#organization","name":"Falper","url":"https:\/\/falper.it\/de\/","logo":{"@type":"ImageObject","inLanguage":"de","@id":"https:\/\/falper.it\/de\/#\/schema\/logo\/image\/","url":"https:\/\/falper.it\/wp-content\/uploads\/2017\/07\/falper-logo-.svg","contentUrl":"https:\/\/falper.it\/wp-content\/uploads\/2017\/07\/falper-logo-.svg","width":"1024","height":"1024","caption":"Falper"},"image":{"@id":"https:\/\/falper.it\/de\/#\/schema\/logo\/image\/"},"sameAs":["https:\/\/www.facebook.com\/FalperDesign","https:\/\/www.instagram.com\/falperdesign\/","http:\/\/pinterest.com\/falperdesign\/","http:\/\/www.linkedin.com\/company\/3070513?trk=tyah"]}]}},"_links":{"self":[{"href":"https:\/\/falper.it\/de\/wp-json\/wp\/v2\/pages\/19029","targetHints":{"allow":["GET"]}}],"collection":[{"href":"https:\/\/falper.it\/de\/wp-json\/wp\/v2\/pages"}],"about":[{"href":"https:\/\/falper.it\/de\/wp-json\/wp\/v2\/types\/page"}],"author":[{"embeddable":true,"href":"https:\/\/falper.it\/de\/wp-json\/wp\/v2\/users\/1"}],"replies":[{"embeddable":true,"href":"https:\/\/falper.it\/de\/wp-json\/wp\/v2\/comments?post=19029"}],"version-history":[{"count":11,"href":"https:\/\/falper.it\/de\/wp-json\/wp\/v2\/pages\/19029\/revisions"}],"predecessor-version":[{"id":37563,"href":"https:\/\/falper.it\/de\/wp-json\/wp\/v2\/pages\/19029\/revisions\/37563"}],"wp:featuredmedia":[{"embeddable":true,"href":"https:\/\/falper.it\/de\/wp-json\/wp\/v2\/media\/35381"}],"wp:attachment":[{"href":"https:\/\/falper.it\/de\/wp-json\/wp\/v2\/media?parent=19029"}],"curies":[{"name":"wp","href":"https:\/\/api.w.org\/{rel}","templated":true}]}}