{"id":19138,"date":"2025-11-03T09:19:05","date_gmt":"2025-11-03T09:19:05","guid":{"rendered":"https:\/\/falper.it\/kundendienst\/"},"modified":"2026-03-26T12:06:44","modified_gmt":"2026-03-26T12:06:44","slug":"kundendienst","status":"publish","type":"page","link":"https:\/\/falper.it\/de\/kundendienst\/","title":{"rendered":"Kundendienst"},"content":{"rendered":"<section class=\"l-section wpb_row height_auto width_full\"><div class=\"l-section-h i-cf\"><div class=\"g-cols vc_row via_grid cols_1 laptops-cols_inherit tablets-cols_inherit mobiles-cols_1 valign_top type_default stacking_default\"><div class=\"wpb_column vc_column_container\"><div class=\"vc_column-inner\"><div class=\"w-image align_none\"><div class=\"w-image-h\"><img decoding=\"async\" width=\"2560\" height=\"1440\" src=\"https:\/\/falper.it\/wp-content\/uploads\/2025\/10\/FALPER_Assistenza_Clienti_header-scaled.jpg\" class=\"attachment-full size-full\" alt=\"\" loading=\"lazy\" srcset=\"https:\/\/falper.it\/wp-content\/uploads\/2025\/10\/FALPER_Assistenza_Clienti_header-scaled.jpg 2560w, https:\/\/falper.it\/wp-content\/uploads\/2025\/10\/FALPER_Assistenza_Clienti_header-300x169.jpg 300w, https:\/\/falper.it\/wp-content\/uploads\/2025\/10\/FALPER_Assistenza_Clienti_header-1024x576.jpg 1024w, https:\/\/falper.it\/wp-content\/uploads\/2025\/10\/FALPER_Assistenza_Clienti_header-1536x864.jpg 1536w\" sizes=\"auto, (max-width: 2560px) 100vw, 2560px\" \/><\/div><\/div><\/div><\/div><\/div><\/div><\/section><section class=\"l-section wpb_row us_custom_cad1ca8d height_large\"><div class=\"l-section-h i-cf\"><div class=\"g-cols vc_row via_grid cols_1 laptops-cols_inherit tablets-cols_inherit mobiles-cols_1 valign_top type_default stacking_default\"><div class=\"wpb_column vc_column_container\"><div class=\"vc_column-inner\"><h2 class=\"w-post-elm post_title us_custom_064d3121 entry-title color_link_inherit\">Kundendienst<\/h2><div class=\"w-separator us_custom_fd8fe90a size_custom\" style=\"height:3px\"><\/div><div class=\"w-separator size_small\"><\/div><div class=\"wpb_text_column\"><div class=\"wpb_wrapper\"><p>Dieser Kundendienst ist ausschlie\u00dflich autorisierten Falper-H\u00e4ndlern vorbehalten. Privatkunden und Installateure, die Anfragen zur Kundenbetreuung stellen m\u00f6chten, wenden sich bitte an den Falper-H\u00e4ndler, bei dem sie das Produkt erworben haben. Wir informieren autorisierte Falper-H\u00e4ndler gerne \u00fcber die Aktivierung der Garantie und bieten ihnen den bestm\u00f6glichen Service.<\/p>\n<\/div><\/div><\/div><\/div><\/div><\/div><\/section><section class=\"l-section wpb_row us_custom_57598420 height_large\"><div class=\"l-section-h i-cf\"><div class=\"g-cols vc_row via_grid cols_1 laptops-cols_inherit tablets-cols_inherit mobiles-cols_1 valign_top type_default stacking_default\"><div class=\"wpb_column vc_column_container\"><div class=\"vc_column-inner\">\n<div class=\"wpcf7 no-js\" id=\"wpcf7-f19167-o1\" lang=\"de-DE\" dir=\"ltr\" data-wpcf7-id=\"19167\">\n<div class=\"screen-reader-response\"><p role=\"status\" aria-live=\"polite\" aria-atomic=\"true\"><\/p> <ul><\/ul><\/div>\n<form action=\"\/de\/wp-json\/wp\/v2\/pages\/19138#wpcf7-f19167-o1\" method=\"post\" class=\"wpcf7-form init\" aria-label=\"Kontaktformular\" enctype=\"multipart\/form-data\" novalidate=\"novalidate\" data-status=\"init\">\n<fieldset class=\"hidden-fields-container\"><input type=\"hidden\" name=\"_wpcf7\" value=\"19167\" \/><input type=\"hidden\" name=\"_wpcf7_version\" value=\"6.1.5\" \/><input type=\"hidden\" name=\"_wpcf7_locale\" value=\"de_DE\" \/><input type=\"hidden\" name=\"_wpcf7_unit_tag\" value=\"wpcf7-f19167-o1\" \/><input type=\"hidden\" name=\"_wpcf7_container_post\" value=\"0\" \/><input type=\"hidden\" name=\"_wpcf7_posted_data_hash\" value=\"\" \/><input type=\"hidden\" name=\"_wpcf7cf_hidden_group_fields\" value=\"[]\" \/><input type=\"hidden\" name=\"_wpcf7cf_hidden_groups\" value=\"[]\" \/><input type=\"hidden\" name=\"_wpcf7cf_visible_groups\" value=\"[]\" \/><input type=\"hidden\" name=\"_wpcf7cf_repeaters\" value=\"[]\" \/><input type=\"hidden\" name=\"_wpcf7cf_steps\" value=\"{}\" \/><input type=\"hidden\" name=\"_wpcf7cf_options\" value=\"{&quot;form_id&quot;:19167,&quot;conditions&quot;:[],&quot;settings&quot;:{&quot;animation&quot;:&quot;yes&quot;,&quot;animation_intime&quot;:200,&quot;animation_outtime&quot;:200,&quot;conditions_ui&quot;:&quot;normal&quot;,&quot;notice_dismissed&quot;:false,&quot;notice_dismissed_update-cf7-6.1.2&quot;:true,&quot;notice_dismissed_rollback-cf7-6.1.3&quot;:true}}\" \/><input type=\"hidden\" name=\"_wpcf7_recaptcha_response\" value=\"\" \/>\n<\/fieldset>\n<div class=\"hide\">\n\t<p><span class=\"wpcf7-form-control-wrap\" data-name=\"campo39\"><input size=\"40\" maxlength=\"400\" class=\"wpcf7-form-control wpcf7-text\" aria-invalid=\"false\" value=\"Customer care module (DE)\" type=\"text\" name=\"campo39\" \/><\/span><br \/>\n<span class=\"wpcf7-form-control-wrap\" data-name=\"list\"><input size=\"40\" maxlength=\"400\" class=\"wpcf7-form-control wpcf7-text\" aria-invalid=\"false\" value=\"64\" type=\"text\" name=\"list\" \/><\/span>\n\t<\/p>\n<\/div>\n<div class='title-box'>\n\t<h3>Pers\u00f6nliche Daten\n\t<\/h3>\n\t<div class=\"separator\">\n\t<\/div>\n<\/div>\n<div class=\"box_nofloat section-padding\">\n\t<div class=\"input-row\">\n\t\t<div class=\"input-box\">\n\t\t\t<p><label>Datum*<\/label><br \/>\n<span class=\"wpcf7-form-control-wrap\" data-name=\"data_richiesta\"><input size=\"40\" maxlength=\"400\" class=\"wpcf7-form-control wpcf7-text wpcf7-validates-as-required\" id=\"data_richiesta\" aria-required=\"true\" aria-invalid=\"false\" placeholder=\"Antragsdatum\" value=\"\" type=\"text\" name=\"data_richiesta\" \/><\/span>\n\t\t\t<\/p>\n\t\t<\/div>\n\t\t<div class=\"input-box\">\n\t\t\t<p><label>Firma*<\/label><br \/>\n<span class=\"wpcf7-form-control-wrap\" data-name=\"campo3\"><input size=\"40\" maxlength=\"400\" class=\"wpcf7-form-control wpcf7-text wpcf7-validates-as-required\" id=\"campo3\" aria-required=\"true\" aria-invalid=\"false\" placeholder=\"Firmenname\" value=\"\" type=\"text\" name=\"campo3\" \/><\/span>\n\t\t\t<\/p>\n\t\t<\/div>\n\t<\/div>\n\t<div class=\"input-row\">\n\t\t<div class=\"input-box\">\n\t\t\t<p><label>Ansprechpartner*<\/label><br \/>\n<span class=\"wpcf7-form-control-wrap\" data-name=\"referente\"><input size=\"40\" maxlength=\"400\" class=\"wpcf7-form-control wpcf7-text wpcf7-validates-as-required\" id=\"referente\" aria-required=\"true\" aria-invalid=\"false\" placeholder=\"Name des Ansprechpartners\" value=\"\" type=\"text\" name=\"referente\" \/><\/span>\n\t\t\t<\/p>\n\t\t<\/div>\n\t\t<div class=\"input-box\">\n\t\t\t<p><label>Adresse (Stadt\/Bundesland)*<\/label><br \/>\n<span class=\"wpcf7-form-control-wrap\" data-name=\"campo4\"><input size=\"40\" maxlength=\"400\" class=\"wpcf7-form-control wpcf7-text wpcf7-validates-as-required\" id=\"campo4\" aria-required=\"true\" aria-invalid=\"false\" placeholder=\"Vollst\u00e4ndige Adresse\" value=\"\" type=\"text\" name=\"campo4\" \/><\/span>\n\t\t\t<\/p>\n\t\t<\/div>\n\t<\/div>\n\t<div class=\"input-row\">\n\t\t<div class=\"input-box\">\n\t\t\t<p><label>Telefonnummer*<\/label><br \/>\n<span class=\"wpcf7-form-control-wrap\" data-name=\"campo11\"><input size=\"40\" maxlength=\"400\" class=\"wpcf7-form-control wpcf7-text wpcf7-validates-as-required\" id=\"campo11\" aria-required=\"true\" aria-invalid=\"false\" placeholder=\"Telefonnummer\" value=\"\" type=\"text\" name=\"campo11\" \/><\/span>\n\t\t\t<\/p>\n\t\t<\/div>\n\t\t<div class=\"input-box\">\n\t\t\t<p><label>E-Mail*<\/label><br \/>\n<span class=\"wpcf7-form-control-wrap\" data-name=\"email\"><input size=\"40\" maxlength=\"400\" class=\"wpcf7-form-control wpcf7-email wpcf7-validates-as-required wpcf7-text wpcf7-validates-as-email\" id=\"email\" aria-required=\"true\" aria-invalid=\"false\" placeholder=\"E-Mail\" value=\"\" type=\"email\" name=\"email\" \/><\/span>\n\t\t\t<\/p>\n\t\t<\/div>\n\t<\/div>\n\t<div class=\"input-row\">\n\t\t<div class=\"input-box\">\n\t\t\t<p><label>Artikelnummer*<\/label><br \/>\n<span class=\"wpcf7-form-control-wrap\" data-name=\"codice_articolo\"><input size=\"40\" maxlength=\"400\" class=\"wpcf7-form-control wpcf7-text wpcf7-validates-as-required\" id=\"codice_articolo\" aria-required=\"true\" aria-invalid=\"false\" placeholder=\"Artikelnummer\" value=\"\" type=\"text\" name=\"codice_articolo\" \/><\/span>\n\t\t\t<\/p>\n\t\t<\/div>\n\t\t<div class=\"input-box\">\n\t\t\t<p><label>Beschreibung*<\/label><br \/>\n<span class=\"wpcf7-form-control-wrap\" data-name=\"descrizione\"><input size=\"40\" maxlength=\"400\" class=\"wpcf7-form-control wpcf7-text wpcf7-validates-as-required\" id=\"descrizione\" aria-required=\"true\" aria-invalid=\"false\" placeholder=\"Artikelbeschreibung\" value=\"\" type=\"text\" name=\"descrizione\" \/><\/span>\n\t\t\t<\/p>\n\t\t<\/div>\n\t<\/div>\n\t<div class=\"input-row\">\n\t\t<div class=\"input-box\">\n\t\t\t<p><label>Farbe*<\/label><br \/>\n<span class=\"wpcf7-form-control-wrap\" data-name=\"colore\"><input size=\"40\" maxlength=\"400\" class=\"wpcf7-form-control wpcf7-text wpcf7-validates-as-required\" id=\"colore\" aria-required=\"true\" aria-invalid=\"false\" placeholder=\"Produktfarbe\" value=\"\" type=\"text\" name=\"colore\" \/><\/span>\n\t\t\t<\/p>\n\t\t<\/div>\n\t<\/div>\n\t<div class=\"input-row\">\n\t\t<div class=\"input-box\">\n\t\t\t<p><label>Bestelldatum*<\/label><br \/>\n<span class=\"wpcf7-form-control-wrap\" data-name=\"data_ordine\"><input size=\"40\" maxlength=\"400\" class=\"wpcf7-form-control wpcf7-text wpcf7-validates-as-required datepicker\" id=\"data_ordine\" aria-required=\"true\" aria-invalid=\"false\" placeholder=\"Bestelldatum\" value=\"\" type=\"text\" name=\"data_ordine\" \/><\/span>\n\t\t\t<\/p>\n\t\t<\/div>\n\t\t<div class=\"input-box\">\n\t\t\t<p><label>Bestellnummer*<\/label><br \/>\n<span class=\"wpcf7-form-control-wrap\" data-name=\"nr_ordine\"><input size=\"40\" maxlength=\"400\" class=\"wpcf7-form-control wpcf7-text wpcf7-validates-as-required\" id=\"nr_ordine\" aria-required=\"true\" aria-invalid=\"false\" placeholder=\"Bestellnummer\" value=\"\" type=\"text\" name=\"nr_ordine\" \/><\/span>\n\t\t\t<\/p>\n\t\t<\/div>\n\t<\/div>\n\t<div class=\"input-row\">\n\t\t<div class=\"input-box\">\n\t\t\t<p><label>Rechnungsdatum<\/label><br \/>\n<span class=\"wpcf7-form-control-wrap\" data-name=\"data_fattura\"><input size=\"40\" maxlength=\"400\" class=\"wpcf7-form-control wpcf7-text datepicker\" id=\"data_fattura\" aria-invalid=\"false\" placeholder=\"Rechnungsdatum\" value=\"\" type=\"text\" name=\"data_fattura\" \/><\/span>\n\t\t\t<\/p>\n\t\t<\/div>\n\t\t<div class=\"input-box\">\n\t\t\t<p><label>Rechnungsnummer<\/label><br \/>\n<span class=\"wpcf7-form-control-wrap\" data-name=\"nr_fattura\"><input size=\"40\" maxlength=\"400\" class=\"wpcf7-form-control wpcf7-text\" id=\"nr_fattura\" aria-invalid=\"false\" placeholder=\"Rechnungsnummer\" value=\"\" type=\"text\" name=\"nr_fattura\" \/><\/span>\n\t\t\t<\/p>\n\t\t<\/div>\n\t<\/div>\n\t<div class=\"input-row\">\n\t\t<div class=\"input-box\">\n\t\t\t<p><label>Ihre Reklamationsnummer<\/label><br \/>\n<span class=\"wpcf7-form-control-wrap\" data-name=\"num_reclamo\"><input size=\"40\" maxlength=\"400\" class=\"wpcf7-form-control wpcf7-text\" id=\"num_reclamo\" aria-invalid=\"false\" placeholder=\"Reklamationsnummer\" value=\"\" type=\"text\" name=\"num_reclamo\" \/><\/span>\n\t\t\t<\/p>\n\t\t<\/div>\n\t\t<div class=\"input-box\">\n\t\t\t<p><label>Ihre interne Referenz<\/label><br \/>\n<span class=\"wpcf7-form-control-wrap\" data-name=\"rif_interno\"><input size=\"40\" maxlength=\"400\" class=\"wpcf7-form-control wpcf7-text\" id=\"rif_interno\" aria-invalid=\"false\" placeholder=\"Interne Referenz\" value=\"\" type=\"text\" name=\"rif_interno\" \/><\/span>\n\t\t\t<\/p>\n\t\t<\/div>\n\t<\/div>\n\t<div class=\"input-box\">\n\t\t<p><label>Problembeschreibung*<\/label><br \/>\n<span class=\"wpcf7-form-control-wrap\" data-name=\"descrizione_problema\"><textarea cols=\"40\" rows=\"10\" maxlength=\"2000\" class=\"wpcf7-form-control wpcf7-textarea wpcf7-validates-as-required\" id=\"descrizione_problema\" aria-required=\"true\" aria-invalid=\"false\" placeholder=\"Beschreiben Sie das Problem im Detail\" name=\"descrizione_problema\"><\/textarea><\/span>\n\t\t<\/p>\n\t<\/div>\n\t<div class=\"input-row\">\n\t\t<div class=\"input-box\">\n\t\t\t<p><label>Produktstandort*<\/label><br \/>\n<span class=\"wpcf7-form-control-wrap\" data-name=\"ubicazione_prodotto\"><select class=\"wpcf7-form-control wpcf7-select wpcf7-validates-as-required\" id=\"ubicazione_prodotto\" aria-required=\"true\" aria-invalid=\"false\" name=\"ubicazione_prodotto\"><option value=\"\">&#8211; Bitte ausw\u00e4hlen &#8211;<\/option><option value=\"Lager\">Lager<\/option><option value=\"Showroom\">Showroom<\/option><option value=\"Beim Kunden zu Hause\">Beim Kunden zu Hause<\/option><\/select><\/span>\n\t\t\t<\/p>\n\t\t<\/div>\n\t\t<div class=\"input-box\">\n\t\t\t<p><label>Produktstatus*<\/label><br \/>\n<span class=\"wpcf7-form-control-wrap\" data-name=\"stato_prodotto\"><select class=\"wpcf7-form-control wpcf7-select wpcf7-validates-as-required\" id=\"stato_prodotto\" aria-required=\"true\" aria-invalid=\"false\" name=\"stato_prodotto\"><option value=\"Nicht installiert\">Nicht installiert<\/option><option value=\"Installiert\">Installiert<\/option><\/select><\/span>\n\t\t\t<\/p>\n\t\t<\/div>\n\t<\/div>\n\t<div class=\"input-row\">\n\t\t<div class=\"input-box data_installazione\">\n\t\t\t<p><label>Installationsdatum<\/label><br \/>\n<span class=\"wpcf7-form-control-wrap\" data-name=\"data_installazione\"><input size=\"40\" maxlength=\"400\" class=\"wpcf7-form-control wpcf7-text datepicker\" id=\"data_installazione\" aria-invalid=\"false\" placeholder=\"Installationsdatum\" value=\"\" type=\"text\" name=\"data_installazione\" \/><\/span>\n\t\t\t<\/p>\n\t\t<\/div>\n\t<\/div>\n\t<div class=\"input-box\" style=\"margin-top:30px;\">\n\t\t<p><label>Angeh\u00e4ngte Fotos (Pflichtfelder)<\/label>\n\t\t<\/p>\n\t\t<p>Erlaubte Formate: jpg, png, pdf, heic. Gesamtgr\u00f6\u00dfe max. 25MB\n\t\t<\/p>\n\t\t<div>\n\t\t\t<p><label>Gesamtansicht des Produkts*<\/label><br \/>\n<span class=\"wpcf7-form-control-wrap\" data-name=\"viste_generali_prodotti\"><input size=\"40\" class=\"wpcf7-form-control wpcf7-file wpcf7-validates-as-required\" id=\"file-upload-vgp\" accept=\".jpg,.jpeg,.png,.pdf,.heic,.mp4,.mov,.webm\" aria-required=\"true\" aria-invalid=\"false\" type=\"file\" name=\"viste_generali_prodotti\" \/><\/span>\n\t\t\t<\/p>\n\t\t<\/div>\n\t\t<div>\n\t\t\t<p><label>Detailansicht des Problems*<\/label><br \/>\n<span class=\"wpcf7-form-control-wrap\" data-name=\"dettaglio_problema\"><input size=\"40\" class=\"wpcf7-form-control wpcf7-file wpcf7-validates-as-required\" id=\"file-upload-dp\" accept=\".jpg,.jpeg,.png,.pdf,.heic,.mp4,.mov,.webm\" aria-required=\"true\" aria-invalid=\"false\" type=\"file\" name=\"dettaglio_problema\" \/><\/span>\n\t\t\t<\/p>\n\t\t<\/div>\n\t<\/div>\n<\/div>\n<div class=\"box_nofloat box_privacy\">\n\t<p class=\"input-row\"><span class=\"wpcf7-form-control-wrap\" data-name=\"acceptance-453\"><span class=\"wpcf7-form-control wpcf7-acceptance\"><span class=\"wpcf7-list-item\"><input type=\"checkbox\" name=\"acceptance-453\" value=\"1\" id=\"accetto\" aria-invalid=\"false\" \/><\/span><\/span><\/span><label for=\"accetto\"> Ich best\u00e4tige, dass ich die <a href=\"\/privacy\" target=\"_blank\">Datenschutzerkl\u00e4rung<\/a> gem\u00e4\u00df Artikel 13 der Verordnung (EU) Nr. 679\/2016 (\"DSGVO\") gelesen habe.<br \/>\n<\/label>\n\t<\/p>\n<\/div>\n<div class=\"box_nofloat\">\n\t<p>Bitte senden Sie dieses Formular per E-Mail an Ihren Falper-Backoffice-Ansprechpartner oder an <strong>customercare@falper.it<\/strong>.<br \/>\nF\u00fcgen Sie die erforderlichen Bilder immer bei.\n\t<\/p>\n<\/div>\n<div class=\"box_nofloat section-padding\">\n\t<div class=\"gdlr-core-input-wrap gdlr-core-large gdlr-core-full-width gdlr-core-with-column gdlr-core-no-border\">\n\t\t<div class=\"gdlr-core-column-60 gdlr-core-center-align\">\n\t\t\t<p><input class=\"wpcf7-form-control wpcf7-submit has-spinner gdlr-core-full\" type=\"submit\" value=\"Anfrage senden\" \/>\n\t\t\t<\/p>\n\t\t<\/div>\n\t<\/div>\n<\/div><div class=\"wpcf7-response-output\" aria-hidden=\"true\"><\/div>\n<\/form>\n<\/div>\n<\/div><\/div><\/div><\/div><\/section>\n","protected":false},"excerpt":{"rendered":"KundendienstDieser Kundendienst ist ausschlie\u00dflich autorisierten Falper-H\u00e4ndlern vorbehalten. Privatkunden und Installateure, die Anfragen zur Kundenbetreuung stellen m\u00f6chten, wenden sich bitte an den Falper-H\u00e4ndler, bei dem sie das Produkt erworben haben. Wir informieren autorisierte Falper-H\u00e4ndler gerne \u00fcber die Aktivierung der Garantie und bieten ihnen den bestm\u00f6glichen Service. Pers\u00f6nliche Daten Datum* Firma* Ansprechpartner* Adresse (Stadt\/Bundesland)* Telefonnummer* E-Mail* Artikelnummer*...","protected":false},"author":1,"featured_media":35378,"parent":0,"menu_order":0,"comment_status":"closed","ping_status":"closed","template":"","meta":{"_acf_changed":false,"footnotes":""},"class_list":["post-19138","page","type-page","status-publish","has-post-thumbnail","hentry"],"acf":[],"yoast_head":"<!-- This site is optimized with the Yoast SEO plugin v27.4 - https:\/\/yoast.com\/product\/yoast-seo-wordpress\/ -->\n<title>Falper Kundendienst: exklusiver Support und Produktpflege<\/title>\n<meta name=\"description\" content=\"Kundendienst: dedizierter Support f\u00fcr hochwertige Designprodukte. Erhalten Sie technische Unterst\u00fctzung und professionelle Pflege f\u00fcr Ihre Produkte.\" \/>\n<meta name=\"robots\" content=\"index, follow, max-snippet:-1, max-image-preview:large, max-video-preview:-1\" \/>\n<link rel=\"canonical\" href=\"https:\/\/falper.it\/de\/kundendienst\/\" \/>\n<meta property=\"og:locale\" content=\"de_DE\" \/>\n<meta property=\"og:type\" content=\"article\" \/>\n<meta property=\"og:title\" content=\"Falper Kundendienst: exklusiver Support und Produktpflege\" \/>\n<meta property=\"og:description\" content=\"Kundendienst: dedizierter Support f\u00fcr hochwertige Designprodukte. Erhalten Sie technische Unterst\u00fctzung und professionelle Pflege f\u00fcr Ihre Produkte.\" \/>\n<meta property=\"og:url\" content=\"https:\/\/falper.it\/de\/kundendienst\/\" \/>\n<meta property=\"og:site_name\" content=\"Falper\" \/>\n<meta property=\"article:publisher\" content=\"https:\/\/www.facebook.com\/FalperDesign\" \/>\n<meta property=\"article:modified_time\" content=\"2026-03-26T12:06:44+00:00\" \/>\n<meta property=\"og:image\" content=\"https:\/\/falper.it\/wp-content\/uploads\/2025\/10\/FALPER_Assistenza_Clienti_header-scaled.jpg\" \/>\n\t<meta property=\"og:image:width\" content=\"2560\" \/>\n\t<meta property=\"og:image:height\" content=\"1440\" \/>\n\t<meta property=\"og:image:type\" content=\"image\/jpeg\" \/>\n<meta name=\"twitter:card\" content=\"summary_large_image\" \/>\n<meta name=\"twitter:label1\" content=\"Gesch\u00e4tzte Lesezeit\" \/>\n\t<meta name=\"twitter:data1\" content=\"1\u00a0Minute\" \/>\n<script type=\"application\/ld+json\" class=\"yoast-schema-graph\">{\"@context\":\"https:\\\/\\\/schema.org\",\"@graph\":[{\"@type\":\"WebPage\",\"@id\":\"https:\\\/\\\/falper.it\\\/de\\\/kundendienst\\\/\",\"url\":\"https:\\\/\\\/falper.it\\\/de\\\/kundendienst\\\/\",\"name\":\"Falper Kundendienst: exklusiver Support und Produktpflege\",\"isPartOf\":{\"@id\":\"https:\\\/\\\/falper.it\\\/de\\\/#website\"},\"primaryImageOfPage\":{\"@id\":\"https:\\\/\\\/falper.it\\\/de\\\/kundendienst\\\/#primaryimage\"},\"image\":{\"@id\":\"https:\\\/\\\/falper.it\\\/de\\\/kundendienst\\\/#primaryimage\"},\"thumbnailUrl\":\"https:\\\/\\\/falper.it\\\/wp-content\\\/uploads\\\/2025\\\/10\\\/FALPER_Assistenza_Clienti_header-scaled.jpg\",\"datePublished\":\"2025-11-03T09:19:05+00:00\",\"dateModified\":\"2026-03-26T12:06:44+00:00\",\"description\":\"Kundendienst: dedizierter Support f\u00fcr hochwertige Designprodukte. Erhalten Sie technische Unterst\u00fctzung und professionelle Pflege f\u00fcr Ihre Produkte.\",\"breadcrumb\":{\"@id\":\"https:\\\/\\\/falper.it\\\/de\\\/kundendienst\\\/#breadcrumb\"},\"inLanguage\":\"de\",\"potentialAction\":[{\"@type\":\"ReadAction\",\"target\":[\"https:\\\/\\\/falper.it\\\/de\\\/kundendienst\\\/\"]}]},{\"@type\":\"ImageObject\",\"inLanguage\":\"de\",\"@id\":\"https:\\\/\\\/falper.it\\\/de\\\/kundendienst\\\/#primaryimage\",\"url\":\"https:\\\/\\\/falper.it\\\/wp-content\\\/uploads\\\/2025\\\/10\\\/FALPER_Assistenza_Clienti_header-scaled.jpg\",\"contentUrl\":\"https:\\\/\\\/falper.it\\\/wp-content\\\/uploads\\\/2025\\\/10\\\/FALPER_Assistenza_Clienti_header-scaled.jpg\",\"width\":2560,\"height\":1440},{\"@type\":\"BreadcrumbList\",\"@id\":\"https:\\\/\\\/falper.it\\\/de\\\/kundendienst\\\/#breadcrumb\",\"itemListElement\":[{\"@type\":\"ListItem\",\"position\":1,\"name\":\"Home\",\"item\":\"https:\\\/\\\/falper.it\\\/de\\\/\"},{\"@type\":\"ListItem\",\"position\":2,\"name\":\"Kundendienst\"}]},{\"@type\":\"WebSite\",\"@id\":\"https:\\\/\\\/falper.it\\\/de\\\/#website\",\"url\":\"https:\\\/\\\/falper.it\\\/de\\\/\",\"name\":\"Falper\",\"description\":\"\",\"publisher\":{\"@id\":\"https:\\\/\\\/falper.it\\\/de\\\/#organization\"},\"potentialAction\":[{\"@type\":\"SearchAction\",\"target\":{\"@type\":\"EntryPoint\",\"urlTemplate\":\"https:\\\/\\\/falper.it\\\/de\\\/?s={search_term_string}\"},\"query-input\":{\"@type\":\"PropertyValueSpecification\",\"valueRequired\":true,\"valueName\":\"search_term_string\"}}],\"inLanguage\":\"de\"},{\"@type\":\"Organization\",\"@id\":\"https:\\\/\\\/falper.it\\\/de\\\/#organization\",\"name\":\"Falper\",\"url\":\"https:\\\/\\\/falper.it\\\/de\\\/\",\"logo\":{\"@type\":\"ImageObject\",\"inLanguage\":\"de\",\"@id\":\"https:\\\/\\\/falper.it\\\/de\\\/#\\\/schema\\\/logo\\\/image\\\/\",\"url\":\"https:\\\/\\\/falper.it\\\/wp-content\\\/uploads\\\/2017\\\/07\\\/falper-logo-.svg\",\"contentUrl\":\"https:\\\/\\\/falper.it\\\/wp-content\\\/uploads\\\/2017\\\/07\\\/falper-logo-.svg\",\"width\":\"1024\",\"height\":\"1024\",\"caption\":\"Falper\"},\"image\":{\"@id\":\"https:\\\/\\\/falper.it\\\/de\\\/#\\\/schema\\\/logo\\\/image\\\/\"},\"sameAs\":[\"https:\\\/\\\/www.facebook.com\\\/FalperDesign\",\"https:\\\/\\\/www.instagram.com\\\/falperdesign\\\/\",\"http:\\\/\\\/pinterest.com\\\/falperdesign\\\/\",\"http:\\\/\\\/www.linkedin.com\\\/company\\\/3070513?trk=tyah\"]}]}<\/script>\n<!-- \/ Yoast SEO plugin. -->","yoast_head_json":{"title":"Falper Kundendienst: exklusiver Support und Produktpflege","description":"Kundendienst: dedizierter Support f\u00fcr hochwertige Designprodukte. Erhalten Sie technische Unterst\u00fctzung und professionelle Pflege f\u00fcr Ihre Produkte.","robots":{"index":"index","follow":"follow","max-snippet":"max-snippet:-1","max-image-preview":"max-image-preview:large","max-video-preview":"max-video-preview:-1"},"canonical":"https:\/\/falper.it\/de\/kundendienst\/","og_locale":"de_DE","og_type":"article","og_title":"Falper Kundendienst: exklusiver Support und Produktpflege","og_description":"Kundendienst: dedizierter Support f\u00fcr hochwertige Designprodukte. Erhalten Sie technische Unterst\u00fctzung und professionelle Pflege f\u00fcr Ihre Produkte.","og_url":"https:\/\/falper.it\/de\/kundendienst\/","og_site_name":"Falper","article_publisher":"https:\/\/www.facebook.com\/FalperDesign","article_modified_time":"2026-03-26T12:06:44+00:00","og_image":[{"width":2560,"height":1440,"url":"https:\/\/falper.it\/wp-content\/uploads\/2025\/10\/FALPER_Assistenza_Clienti_header-scaled.jpg","type":"image\/jpeg"}],"twitter_card":"summary_large_image","twitter_misc":{"Gesch\u00e4tzte Lesezeit":"1\u00a0Minute"},"schema":{"@context":"https:\/\/schema.org","@graph":[{"@type":"WebPage","@id":"https:\/\/falper.it\/de\/kundendienst\/","url":"https:\/\/falper.it\/de\/kundendienst\/","name":"Falper Kundendienst: exklusiver Support und Produktpflege","isPartOf":{"@id":"https:\/\/falper.it\/de\/#website"},"primaryImageOfPage":{"@id":"https:\/\/falper.it\/de\/kundendienst\/#primaryimage"},"image":{"@id":"https:\/\/falper.it\/de\/kundendienst\/#primaryimage"},"thumbnailUrl":"https:\/\/falper.it\/wp-content\/uploads\/2025\/10\/FALPER_Assistenza_Clienti_header-scaled.jpg","datePublished":"2025-11-03T09:19:05+00:00","dateModified":"2026-03-26T12:06:44+00:00","description":"Kundendienst: dedizierter Support f\u00fcr hochwertige Designprodukte. Erhalten Sie technische Unterst\u00fctzung und professionelle Pflege f\u00fcr Ihre Produkte.","breadcrumb":{"@id":"https:\/\/falper.it\/de\/kundendienst\/#breadcrumb"},"inLanguage":"de","potentialAction":[{"@type":"ReadAction","target":["https:\/\/falper.it\/de\/kundendienst\/"]}]},{"@type":"ImageObject","inLanguage":"de","@id":"https:\/\/falper.it\/de\/kundendienst\/#primaryimage","url":"https:\/\/falper.it\/wp-content\/uploads\/2025\/10\/FALPER_Assistenza_Clienti_header-scaled.jpg","contentUrl":"https:\/\/falper.it\/wp-content\/uploads\/2025\/10\/FALPER_Assistenza_Clienti_header-scaled.jpg","width":2560,"height":1440},{"@type":"BreadcrumbList","@id":"https:\/\/falper.it\/de\/kundendienst\/#breadcrumb","itemListElement":[{"@type":"ListItem","position":1,"name":"Home","item":"https:\/\/falper.it\/de\/"},{"@type":"ListItem","position":2,"name":"Kundendienst"}]},{"@type":"WebSite","@id":"https:\/\/falper.it\/de\/#website","url":"https:\/\/falper.it\/de\/","name":"Falper","description":"","publisher":{"@id":"https:\/\/falper.it\/de\/#organization"},"potentialAction":[{"@type":"SearchAction","target":{"@type":"EntryPoint","urlTemplate":"https:\/\/falper.it\/de\/?s={search_term_string}"},"query-input":{"@type":"PropertyValueSpecification","valueRequired":true,"valueName":"search_term_string"}}],"inLanguage":"de"},{"@type":"Organization","@id":"https:\/\/falper.it\/de\/#organization","name":"Falper","url":"https:\/\/falper.it\/de\/","logo":{"@type":"ImageObject","inLanguage":"de","@id":"https:\/\/falper.it\/de\/#\/schema\/logo\/image\/","url":"https:\/\/falper.it\/wp-content\/uploads\/2017\/07\/falper-logo-.svg","contentUrl":"https:\/\/falper.it\/wp-content\/uploads\/2017\/07\/falper-logo-.svg","width":"1024","height":"1024","caption":"Falper"},"image":{"@id":"https:\/\/falper.it\/de\/#\/schema\/logo\/image\/"},"sameAs":["https:\/\/www.facebook.com\/FalperDesign","https:\/\/www.instagram.com\/falperdesign\/","http:\/\/pinterest.com\/falperdesign\/","http:\/\/www.linkedin.com\/company\/3070513?trk=tyah"]}]}},"_links":{"self":[{"href":"https:\/\/falper.it\/de\/wp-json\/wp\/v2\/pages\/19138","targetHints":{"allow":["GET"]}}],"collection":[{"href":"https:\/\/falper.it\/de\/wp-json\/wp\/v2\/pages"}],"about":[{"href":"https:\/\/falper.it\/de\/wp-json\/wp\/v2\/types\/page"}],"author":[{"embeddable":true,"href":"https:\/\/falper.it\/de\/wp-json\/wp\/v2\/users\/1"}],"replies":[{"embeddable":true,"href":"https:\/\/falper.it\/de\/wp-json\/wp\/v2\/comments?post=19138"}],"version-history":[{"count":21,"href":"https:\/\/falper.it\/de\/wp-json\/wp\/v2\/pages\/19138\/revisions"}],"predecessor-version":[{"id":35827,"href":"https:\/\/falper.it\/de\/wp-json\/wp\/v2\/pages\/19138\/revisions\/35827"}],"wp:featuredmedia":[{"embeddable":true,"href":"https:\/\/falper.it\/de\/wp-json\/wp\/v2\/media\/35378"}],"wp:attachment":[{"href":"https:\/\/falper.it\/de\/wp-json\/wp\/v2\/media?parent=19138"}],"curies":[{"name":"wp","href":"https:\/\/api.w.org\/{rel}","templated":true}]}}