{"id":18863,"date":"2025-10-31T13:57:36","date_gmt":"2025-10-31T13:57:36","guid":{"rendered":"https:\/\/falper.it\/service-de-design-dinterieur\/"},"modified":"2026-03-09T15:21:33","modified_gmt":"2026-03-09T15:21:33","slug":"service-de-design-dinterieur","status":"publish","type":"page","link":"https:\/\/falper.it\/fr\/service-de-design-dinterieur\/","title":{"rendered":"Service de design d&rsquo;int\u00e9rieur"},"content":{"rendered":"<section class=\"l-section wpb_row us_custom_01e0c627 height_auto width_full\"><div class=\"l-section-h i-cf\"><div class=\"g-cols vc_row via_grid cols_1 laptops-cols_inherit tablets-cols_inherit mobiles-cols_1 valign_top type_default stacking_default\"><div class=\"wpb_column vc_column_container stretched\"><div class=\"vc_column-inner\"><div class=\"w-image us_custom_36cd8fc1 img-articles has_height align_center\"><div class=\"w-image-h\"><img decoding=\"async\" width=\"2560\" height=\"1829\" src=\"https:\/\/falper.it\/wp-content\/uploads\/2025\/10\/FALPER_HP_Interior_Design_Service_2-scaled.jpg\" class=\"attachment-full size-full\" alt=\"\" loading=\"lazy\" srcset=\"https:\/\/falper.it\/wp-content\/uploads\/2025\/10\/FALPER_HP_Interior_Design_Service_2-scaled.jpg 2560w, https:\/\/falper.it\/wp-content\/uploads\/2025\/10\/FALPER_HP_Interior_Design_Service_2-300x214.jpg 300w, https:\/\/falper.it\/wp-content\/uploads\/2025\/10\/FALPER_HP_Interior_Design_Service_2-1024x731.jpg 1024w, https:\/\/falper.it\/wp-content\/uploads\/2025\/10\/FALPER_HP_Interior_Design_Service_2-1536x1097.jpg 1536w\" sizes=\"auto, (max-width: 2560px) 100vw, 2560px\" \/><\/div><\/div><\/div><\/div><\/div><\/div><\/section><section class=\"l-section wpb_row us_custom_ed91786b height_large\"><div class=\"l-section-h i-cf\"><div class=\"g-cols vc_row via_grid cols_1 laptops-cols_inherit tablets-cols_inherit mobiles-cols_1 valign_top type_default stacking_default\"><div class=\"wpb_column vc_column_container\"><div class=\"vc_column-inner\"><h2 class=\"w-post-elm post_title us_custom_064d3121 entry-title color_link_inherit\">Service de design d&rsquo;int\u00e9rieur<\/h2><div class=\"w-separator us_custom_fd8fe90a size_custom\" style=\"height:3px\"><\/div><div class=\"w-separator size_small\"><\/div><div class=\"w-vwrapper align_left valign_top\" style=\"--vwrapper-gap:1.5rem\"><div class=\"wpb_text_column\"><div class=\"wpb_wrapper\"><p>L&rsquo;exp\u00e9rience Falper commence bien avant d&rsquo;entrer dans la salle de bains ou la cuisine. Avec le Service de Design d&rsquo;Int\u00e9rieur, gr\u00e2ce \u00e0 nos services sur mesure, nous sommes le partenaire id\u00e9al pour d\u00e9velopper des projets capables d&rsquo;exprimer la philosophie de la marque : harmonie des espaces, valorisation des mat\u00e9riaux, soin du d\u00e9tail et proportions parfaites. En demandant notre service vous recevrez une proposition accompagn\u00e9e de devis, jusqu&rsquo;\u00e0 arriver \u00e0 des solutions compl\u00e8tes et coordonn\u00e9es.<\/p>\n<\/div><\/div><div class=\"w-btn-wrapper align_center\"><a class=\"w-btn us-btn-style_3\" href=\"https:\/\/falper.it\/fr\/service-de-design-dinterieur-form\/\"><span class=\"w-btn-label\">Demandez le service<\/span><\/a><\/div><\/div><\/div><\/div><\/div><\/div><\/section><section class=\"l-section wpb_row us_custom_1410d25f height_auto width_full\"><div class=\"l-section-h i-cf\"><div class=\"g-cols vc_row via_grid cols_2 laptops-cols_inherit tablets-cols_2 mobiles-cols_1 valign_middle type_default stacking_default\" style=\"--columns-gap:3.5rem;\"><div class=\"wpb_column vc_column_container us_custom_679d9a88\"><div class=\"vc_column-inner\"><div class=\"wpb_text_column us_custom_0e56c869\"><div class=\"wpb_wrapper\"><h1 style=\"text-align: left;\"><strong>01.<\/strong><\/h1>\n<\/p>\n<h5 style=\"text-align: left;\">LE BRIEF<\/h5>\n<\/p>\n<p style=\"text-align: left;\">Veuillez remplir le formulaire dans son int\u00e9gralit\u00e9. Nous commencerons par les informations que vous souhaitez partager avec nous ainsi que les plans des pi\u00e8ces, afin de bien comprendre vos id\u00e9es et suggestions. Un de nos designers vous contactera par courriel dans la semaine suivant l&rsquo;envoi du formulaire. Nous serons ravis de vous accompagner dans la cr\u00e9ation de vos nouveaux espaces salle de bain et cuisine.<\/p>\n<\/div><\/div><\/div><\/div><div class=\"wpb_column vc_column_container us_custom_5a825de5 stretched\"><div class=\"vc_column-inner\"><div class=\"w-image us_custom_67318a0e has_height align_center\"><div class=\"w-image-h\"><img decoding=\"async\" width=\"1024\" height=\"731\" src=\"https:\/\/falper.it\/wp-content\/uploads\/2025\/10\/02_FALPER_IDS_header-1024x731.jpg\" class=\"attachment-large size-large\" alt=\"\" loading=\"lazy\" srcset=\"https:\/\/falper.it\/wp-content\/uploads\/2025\/10\/02_FALPER_IDS_header-1024x731.jpg 1024w, https:\/\/falper.it\/wp-content\/uploads\/2025\/10\/02_FALPER_IDS_header-300x214.jpg 300w, https:\/\/falper.it\/wp-content\/uploads\/2025\/10\/02_FALPER_IDS_header-1536x1097.jpg 1536w\" sizes=\"auto, (max-width: 1024px) 100vw, 1024px\" \/><\/div><\/div><\/div><\/div><\/div><\/div><\/section><section class=\"l-section wpb_row height_large width_full\"><div class=\"l-section-h i-cf\"><div class=\"g-cols vc_row via_grid cols_2 laptops-cols_inherit tablets-cols_2 mobiles-cols_1 valign_middle type_default stacking_default\" style=\"--columns-gap:3.5rem;\"><div class=\"wpb_column vc_column_container us_custom_679d9a88\"><div class=\"vc_column-inner\"><div class=\"wpb_text_column us_custom_0e56c869\"><div class=\"wpb_wrapper\"><h1 style=\"text-align: left;\"><strong>02.<\/strong><\/h1>\n<\/p>\n<h5 style=\"text-align: left;\">CR\u00c9ONS VOTRE PROPOSITION<\/h5>\n<\/p>\n<p style=\"text-align: left;\">Vous recevrez une proposition pr\u00e9liminaire, accompagn\u00e9e d&rsquo;un moodboard inspirant pr\u00e9sentant une s\u00e9lection de produits parfaitement adapt\u00e9s \u00e0 votre projet. \u00c0 travers des dessins, des images et des suggestions visuelles, nous donnerons vie \u00e0 vos id\u00e9es, vous permettant d&rsquo;imaginer les espaces, d&rsquo;en ressentir l&rsquo;atmosph\u00e8re et de vous projeter dans le projet avant m\u00eame sa finalisation. Nous pourrons ensuite proc\u00e9der \u00e0 la conception finale.<\/p>\n<\/div><\/div><\/div><\/div><div class=\"wpb_column vc_column_container us_custom_5a825de5 stretched\"><div class=\"vc_column-inner\"><div class=\"w-image us_custom_67318a0e has_height align_center\"><div class=\"w-image-h\"><img decoding=\"async\" width=\"1024\" height=\"731\" src=\"https:\/\/falper.it\/wp-content\/uploads\/2025\/10\/03_FALPER_IDS_header-1024x731.jpg\" class=\"attachment-large size-large\" alt=\"\" loading=\"lazy\" srcset=\"https:\/\/falper.it\/wp-content\/uploads\/2025\/10\/03_FALPER_IDS_header-1024x731.jpg 1024w, https:\/\/falper.it\/wp-content\/uploads\/2025\/10\/03_FALPER_IDS_header-300x214.jpg 300w, https:\/\/falper.it\/wp-content\/uploads\/2025\/10\/03_FALPER_IDS_header-1536x1097.jpg 1536w\" sizes=\"auto, (max-width: 1024px) 100vw, 1024px\" \/><\/div><\/div><\/div><\/div><\/div><\/div><\/section><section class=\"l-section wpb_row us_custom_dd9360d3 height_auto width_full\"><div class=\"l-section-h i-cf\"><div class=\"g-cols vc_row via_grid cols_2 laptops-cols_inherit tablets-cols_2 mobiles-cols_1 valign_middle type_default stacking_default\" style=\"--columns-gap:3.5rem;\"><div class=\"wpb_column vc_column_container us_custom_821ea863\"><div class=\"vc_column-inner\"><div class=\"wpb_text_column us_custom_0e56c869\"><div class=\"wpb_wrapper\"><h1 style=\"text-align: left;\"><strong>03.<\/strong><\/h1>\n<\/p>\n<h5 style=\"text-align: left;\">LES ID\u00c9ES EN PROJET<\/h5>\n<\/p>\n<p style=\"text-align: left;\">Le projet sera con\u00e7u pour refl\u00e9ter votre personnalit\u00e9, s&rsquo;int\u00e9grer harmonieusement \u00e0 vos espaces et respecter votre budget. Vous recevrez des plans et des \u00e9l\u00e9vations, des rendus des espaces et une liste de produits s\u00e9lectionn\u00e9s, vous offrant ainsi une vue d&rsquo;ensemble claire et compl\u00e8te. Durant cette phase, nous d\u00e9finirons vos besoins logistiques et vous fournirons un devis, en identifiant le mode de livraison le plus adapt\u00e9, notamment via notre r\u00e9seau de revendeurs locaux. Nous prendrons en charge votre commande \u00e0 chaque \u00e9tape, en veillant \u00e0 ce qu&rsquo;elle arrive \u00e0 temps et en parfait \u00e9tat.<\/p>\n<\/div><\/div><\/div><\/div><div class=\"wpb_column vc_column_container us_custom_5a825de5 stretched\"><div class=\"vc_column-inner\"><div class=\"w-image us_custom_67318a0e has_height align_center\"><div class=\"w-image-h\"><img decoding=\"async\" width=\"1024\" height=\"731\" src=\"https:\/\/falper.it\/wp-content\/uploads\/2025\/10\/04_FALPER_IDS_header-1024x731.jpg\" class=\"attachment-large size-large\" alt=\"\" loading=\"lazy\" srcset=\"https:\/\/falper.it\/wp-content\/uploads\/2025\/10\/04_FALPER_IDS_header-1024x731.jpg 1024w, https:\/\/falper.it\/wp-content\/uploads\/2025\/10\/04_FALPER_IDS_header-300x214.jpg 300w, https:\/\/falper.it\/wp-content\/uploads\/2025\/10\/04_FALPER_IDS_header-1536x1097.jpg 1536w\" sizes=\"auto, (max-width: 1024px) 100vw, 1024px\" \/><\/div><\/div><\/div><\/div><\/div><\/div><\/section><section class=\"l-section wpb_row height_medium width_full\"><div class=\"l-section-h i-cf\"><div class=\"g-cols vc_row via_grid cols_1 laptops-cols_inherit tablets-cols_inherit mobiles-cols_1 valign_top type_default stacking_default\"><div class=\"wpb_column vc_column_container us_custom_4edece6e stretched\"><div class=\"vc_column-inner\"><div class=\"w-image us_custom_79cb740e img-articles has_height align_center\"><div class=\"w-image-h\"><img decoding=\"async\" width=\"2560\" height=\"1338\" src=\"https:\/\/falper.it\/wp-content\/uploads\/2025\/10\/05_FALPER_IDS_header-scaled.jpg\" class=\"attachment-full size-full\" alt=\"\" loading=\"lazy\" srcset=\"https:\/\/falper.it\/wp-content\/uploads\/2025\/10\/05_FALPER_IDS_header-scaled.jpg 2560w, https:\/\/falper.it\/wp-content\/uploads\/2025\/10\/05_FALPER_IDS_header-300x157.jpg 300w, https:\/\/falper.it\/wp-content\/uploads\/2025\/10\/05_FALPER_IDS_header-1024x535.jpg 1024w, https:\/\/falper.it\/wp-content\/uploads\/2025\/10\/05_FALPER_IDS_header-1536x803.jpg 1536w\" sizes=\"auto, (max-width: 2560px) 100vw, 2560px\" \/><\/div><\/div><\/div><\/div><\/div><\/div><\/section><section class=\"l-section wpb_row us_custom_ed91786b height_large\"><div class=\"l-section-h i-cf\"><div class=\"g-cols vc_row via_grid cols_1 laptops-cols_inherit tablets-cols_inherit mobiles-cols_1 valign_top type_default stacking_default\"><div class=\"wpb_column vc_column_container\"><div class=\"vc_column-inner\"><div class=\"w-vwrapper align_left valign_top\" style=\"--vwrapper-gap:1.5rem\"><div class=\"wpb_text_column\"><div class=\"wpb_wrapper\"><h5><strong>\u00c0 QUI S&rsquo;ADRESSE CE SERVICE\u00a0?<\/strong><\/h5>\n<\/div><\/div><div class=\"w-separator us_custom_fd8fe90a size_custom\" style=\"height:3px\"><\/div><div class=\"wpb_text_column\"><div class=\"wpb_wrapper\"><p>Chacun de nous a ses propres rituels quotidiens et aussi bien la salle de bains que la cuisine repr\u00e9sentent les lieux les plus complexes et significatifs de l&rsquo;habitat contemporain. Environnements technologiquement \u00e9labor\u00e9s et en m\u00eame temps riches de composantes \u00e9motives, qui n\u00e9cessitent sensibilit\u00e9 de projet, comp\u00e9tences sp\u00e9cifiques et une organisation m\u00e9ticuleuse dans chaque phase du parcours.<\/p>\n<p>Avec des milliers de projets \u00e0 son actif, des d\u00e9cennies d&rsquo;exp\u00e9rience dans le secteur et une connaissance profonde de nos collections de salle de bains et cuisine, notre Service de Design d&rsquo;Int\u00e9rieur est le partenaire juste pour vous accompagner du d\u00e9veloppement du concept \u00e0 l&rsquo;ex\u00e9cution. Un support professionnel de valeur pour particuliers, architectes et designers d&rsquo;int\u00e9rieur.<\/p>\n<\/div><\/div><\/div><\/div><\/div><\/div><\/div><\/section><section class=\"l-section wpb_row us_custom_1410d25f height_auto width_full\"><div class=\"l-section-h i-cf\"><div class=\"g-cols vc_row via_grid cols_2 laptops-cols_inherit tablets-cols_2 mobiles-cols_1 valign_middle type_default stacking_default\" style=\"--columns-gap:3.5rem;\"><div class=\"wpb_column vc_column_container us_custom_821ea863 stretched\"><div class=\"vc_column-inner\"><div class=\"w-image us_custom_67318a0e has_height align_center\"><div class=\"w-image-h\"><img decoding=\"async\" width=\"1024\" height=\"731\" src=\"https:\/\/falper.it\/wp-content\/uploads\/2025\/10\/06_FALPER_IDS_header-1024x731.jpg\" class=\"attachment-large size-large\" alt=\"\" loading=\"lazy\" srcset=\"https:\/\/falper.it\/wp-content\/uploads\/2025\/10\/06_FALPER_IDS_header-1024x731.jpg 1024w, https:\/\/falper.it\/wp-content\/uploads\/2025\/10\/06_FALPER_IDS_header-300x214.jpg 300w, https:\/\/falper.it\/wp-content\/uploads\/2025\/10\/06_FALPER_IDS_header-1536x1097.jpg 1536w\" sizes=\"auto, (max-width: 1024px) 100vw, 1024px\" \/><\/div><\/div><\/div><\/div><div class=\"wpb_column vc_column_container us_custom_5a825de5 stretched\"><div class=\"vc_column-inner\"><div class=\"w-image us_custom_67318a0e has_height align_center\"><div class=\"w-image-h\"><img decoding=\"async\" width=\"1024\" height=\"731\" src=\"https:\/\/falper.it\/wp-content\/uploads\/2025\/10\/07_FALPER_IDS_header-1024x731.jpg\" class=\"attachment-large size-large\" alt=\"\" loading=\"lazy\" srcset=\"https:\/\/falper.it\/wp-content\/uploads\/2025\/10\/07_FALPER_IDS_header-1024x731.jpg 1024w, https:\/\/falper.it\/wp-content\/uploads\/2025\/10\/07_FALPER_IDS_header-300x214.jpg 300w, https:\/\/falper.it\/wp-content\/uploads\/2025\/10\/07_FALPER_IDS_header-1536x1097.jpg 1536w\" sizes=\"auto, (max-width: 1024px) 100vw, 1024px\" \/><\/div><\/div><\/div><\/div><\/div><\/div><\/section><section class=\"l-section wpb_row height_large\"><div class=\"l-section-h i-cf\"><div class=\"g-cols vc_row via_grid cols_1 laptops-cols_inherit tablets-cols_inherit mobiles-cols_1 valign_middle type_default stacking_default\"><div class=\"wpb_column vc_column_container\"><div class=\"vc_column-inner\"><div class=\"wpb_text_column us_custom_eb849559\"><div class=\"wpb_wrapper\"><h2><strong>Des espaces harmonieux, des mat\u00e9riaux de qualit\u00e9 sup\u00e9rieure,<br \/>\nle souci du d\u00e9tail et des proportions parfaites\u00a0:<br \/>\ndemandez-nous conseil.<\/strong><\/h2>\n<\/div><\/div><div class=\"w-separator size_medium\"><\/div><div class=\"w-btn-wrapper align_center\"><a class=\"w-btn us-btn-style_3\" href=\"https:\/\/falper.it\/fr\/service-de-design-dinterieur-form\/\"><span class=\"w-btn-label\">Demandez le service<\/span><\/a><\/div><\/div><\/div><\/div><\/div><\/section>\n","protected":false},"excerpt":{"rendered":"Service de design d&rsquo;int\u00e9rieurL&rsquo;exp\u00e9rience Falper commence bien avant d&rsquo;entrer dans la salle de bains ou la cuisine. Avec le Service de Design d&rsquo;Int\u00e9rieur, gr\u00e2ce \u00e0 nos services sur mesure, nous sommes le partenaire id\u00e9al pour d\u00e9velopper des projets capables d&rsquo;exprimer la philosophie de la marque : harmonie des espaces, valorisation des mat\u00e9riaux, soin du d\u00e9tail...","protected":false},"author":1,"featured_media":0,"parent":0,"menu_order":0,"comment_status":"closed","ping_status":"closed","template":"","meta":{"_acf_changed":false,"footnotes":""},"class_list":["post-18863","page","type-page","status-publish","hentry"],"acf":[],"yoast_head":"<!-- This site is optimized with the Yoast SEO plugin v27.2 - https:\/\/yoast.com\/product\/yoast-seo-wordpress\/ -->\n<title>Interior Design Service Falper | Projets sur mesure<\/title>\n<meta name=\"description\" content=\"Interior Design Service Falper : support conceptuel personnalis\u00e9 pour salles de bain et cuisines design, mat\u00e9riaux premium \u00ab made in Italy \u00bb.\" \/>\n<meta name=\"robots\" content=\"index, follow, max-snippet:-1, max-image-preview:large, max-video-preview:-1\" \/>\n<link rel=\"canonical\" href=\"https:\/\/falper.it\/fr\/service-de-design-dinterieur\/\" \/>\n<meta property=\"og:locale\" content=\"fr_FR\" \/>\n<meta property=\"og:type\" content=\"article\" \/>\n<meta property=\"og:title\" content=\"Interior Design Service Falper | Projets sur mesure\" \/>\n<meta property=\"og:description\" content=\"Interior Design Service Falper : support conceptuel personnalis\u00e9 pour salles de bain et cuisines design, mat\u00e9riaux premium \u00ab made in Italy \u00bb.\" \/>\n<meta property=\"og:url\" content=\"https:\/\/falper.it\/fr\/service-de-design-dinterieur\/\" \/>\n<meta property=\"og:site_name\" content=\"Falper\" \/>\n<meta property=\"article:publisher\" content=\"https:\/\/www.facebook.com\/FalperDesign\" \/>\n<meta property=\"article:modified_time\" content=\"2026-03-09T15:21:33+00:00\" \/>\n<meta name=\"twitter:card\" content=\"summary_large_image\" \/>\n<meta name=\"twitter:label1\" content=\"Dur\u00e9e de lecture estim\u00e9e\" \/>\n\t<meta name=\"twitter:data1\" content=\"11 minute\" \/>\n<script type=\"application\/ld+json\" class=\"yoast-schema-graph\">{\"@context\":\"https:\/\/schema.org\",\"@graph\":[{\"@type\":\"WebPage\",\"@id\":\"https:\/\/falper.it\/fr\/service-de-design-dinterieur\/\",\"url\":\"https:\/\/falper.it\/fr\/service-de-design-dinterieur\/\",\"name\":\"Interior Design Service Falper | Projets sur mesure\",\"isPartOf\":{\"@id\":\"https:\/\/falper.it\/fr\/#website\"},\"datePublished\":\"2025-10-31T13:57:36+00:00\",\"dateModified\":\"2026-03-09T15:21:33+00:00\",\"description\":\"Interior Design Service Falper : support conceptuel personnalis\u00e9 pour salles de bain et cuisines design, mat\u00e9riaux premium \u00ab made in Italy \u00bb.\",\"breadcrumb\":{\"@id\":\"https:\/\/falper.it\/fr\/service-de-design-dinterieur\/#breadcrumb\"},\"inLanguage\":\"fr-FR\",\"potentialAction\":[{\"@type\":\"ReadAction\",\"target\":[\"https:\/\/falper.it\/fr\/service-de-design-dinterieur\/\"]}]},{\"@type\":\"BreadcrumbList\",\"@id\":\"https:\/\/falper.it\/fr\/service-de-design-dinterieur\/#breadcrumb\",\"itemListElement\":[{\"@type\":\"ListItem\",\"position\":1,\"name\":\"Home\",\"item\":\"https:\/\/falper.it\/fr\/\"},{\"@type\":\"ListItem\",\"position\":2,\"name\":\"Service de design d&rsquo;int\u00e9rieur\"}]},{\"@type\":\"WebSite\",\"@id\":\"https:\/\/falper.it\/fr\/#website\",\"url\":\"https:\/\/falper.it\/fr\/\",\"name\":\"Falper\",\"description\":\"\",\"publisher\":{\"@id\":\"https:\/\/falper.it\/fr\/#organization\"},\"potentialAction\":[{\"@type\":\"SearchAction\",\"target\":{\"@type\":\"EntryPoint\",\"urlTemplate\":\"https:\/\/falper.it\/fr\/?s={search_term_string}\"},\"query-input\":{\"@type\":\"PropertyValueSpecification\",\"valueRequired\":true,\"valueName\":\"search_term_string\"}}],\"inLanguage\":\"fr-FR\"},{\"@type\":\"Organization\",\"@id\":\"https:\/\/falper.it\/fr\/#organization\",\"name\":\"Falper\",\"url\":\"https:\/\/falper.it\/fr\/\",\"logo\":{\"@type\":\"ImageObject\",\"inLanguage\":\"fr-FR\",\"@id\":\"https:\/\/falper.it\/fr\/#\/schema\/logo\/image\/\",\"url\":\"https:\/\/falper.it\/wp-content\/uploads\/2017\/07\/falper-logo-.svg\",\"contentUrl\":\"https:\/\/falper.it\/wp-content\/uploads\/2017\/07\/falper-logo-.svg\",\"width\":\"1024\",\"height\":\"1024\",\"caption\":\"Falper\"},\"image\":{\"@id\":\"https:\/\/falper.it\/fr\/#\/schema\/logo\/image\/\"},\"sameAs\":[\"https:\/\/www.facebook.com\/FalperDesign\",\"https:\/\/www.instagram.com\/falperdesign\/\",\"http:\/\/pinterest.com\/falperdesign\/\",\"http:\/\/www.linkedin.com\/company\/3070513?trk=tyah\"]}]}<\/script>\n<!-- \/ Yoast SEO plugin. -->","yoast_head_json":{"title":"Interior Design Service Falper | Projets sur mesure","description":"Interior Design Service Falper : support conceptuel personnalis\u00e9 pour salles de bain et cuisines design, mat\u00e9riaux premium \u00ab made in Italy \u00bb.","robots":{"index":"index","follow":"follow","max-snippet":"max-snippet:-1","max-image-preview":"max-image-preview:large","max-video-preview":"max-video-preview:-1"},"canonical":"https:\/\/falper.it\/fr\/service-de-design-dinterieur\/","og_locale":"fr_FR","og_type":"article","og_title":"Interior Design Service Falper | Projets sur mesure","og_description":"Interior Design Service Falper : support conceptuel personnalis\u00e9 pour salles de bain et cuisines design, mat\u00e9riaux premium \u00ab made in Italy \u00bb.","og_url":"https:\/\/falper.it\/fr\/service-de-design-dinterieur\/","og_site_name":"Falper","article_publisher":"https:\/\/www.facebook.com\/FalperDesign","article_modified_time":"2026-03-09T15:21:33+00:00","twitter_card":"summary_large_image","twitter_misc":{"Dur\u00e9e de lecture estim\u00e9e":"11 minute"},"schema":{"@context":"https:\/\/schema.org","@graph":[{"@type":"WebPage","@id":"https:\/\/falper.it\/fr\/service-de-design-dinterieur\/","url":"https:\/\/falper.it\/fr\/service-de-design-dinterieur\/","name":"Interior Design Service Falper | Projets sur mesure","isPartOf":{"@id":"https:\/\/falper.it\/fr\/#website"},"datePublished":"2025-10-31T13:57:36+00:00","dateModified":"2026-03-09T15:21:33+00:00","description":"Interior Design Service Falper : support conceptuel personnalis\u00e9 pour salles de bain et cuisines design, mat\u00e9riaux premium \u00ab made in Italy \u00bb.","breadcrumb":{"@id":"https:\/\/falper.it\/fr\/service-de-design-dinterieur\/#breadcrumb"},"inLanguage":"fr-FR","potentialAction":[{"@type":"ReadAction","target":["https:\/\/falper.it\/fr\/service-de-design-dinterieur\/"]}]},{"@type":"BreadcrumbList","@id":"https:\/\/falper.it\/fr\/service-de-design-dinterieur\/#breadcrumb","itemListElement":[{"@type":"ListItem","position":1,"name":"Home","item":"https:\/\/falper.it\/fr\/"},{"@type":"ListItem","position":2,"name":"Service de design d&rsquo;int\u00e9rieur"}]},{"@type":"WebSite","@id":"https:\/\/falper.it\/fr\/#website","url":"https:\/\/falper.it\/fr\/","name":"Falper","description":"","publisher":{"@id":"https:\/\/falper.it\/fr\/#organization"},"potentialAction":[{"@type":"SearchAction","target":{"@type":"EntryPoint","urlTemplate":"https:\/\/falper.it\/fr\/?s={search_term_string}"},"query-input":{"@type":"PropertyValueSpecification","valueRequired":true,"valueName":"search_term_string"}}],"inLanguage":"fr-FR"},{"@type":"Organization","@id":"https:\/\/falper.it\/fr\/#organization","name":"Falper","url":"https:\/\/falper.it\/fr\/","logo":{"@type":"ImageObject","inLanguage":"fr-FR","@id":"https:\/\/falper.it\/fr\/#\/schema\/logo\/image\/","url":"https:\/\/falper.it\/wp-content\/uploads\/2017\/07\/falper-logo-.svg","contentUrl":"https:\/\/falper.it\/wp-content\/uploads\/2017\/07\/falper-logo-.svg","width":"1024","height":"1024","caption":"Falper"},"image":{"@id":"https:\/\/falper.it\/fr\/#\/schema\/logo\/image\/"},"sameAs":["https:\/\/www.facebook.com\/FalperDesign","https:\/\/www.instagram.com\/falperdesign\/","http:\/\/pinterest.com\/falperdesign\/","http:\/\/www.linkedin.com\/company\/3070513?trk=tyah"]}]}},"_links":{"self":[{"href":"https:\/\/falper.it\/fr\/wp-json\/wp\/v2\/pages\/18863","targetHints":{"allow":["GET"]}}],"collection":[{"href":"https:\/\/falper.it\/fr\/wp-json\/wp\/v2\/pages"}],"about":[{"href":"https:\/\/falper.it\/fr\/wp-json\/wp\/v2\/types\/page"}],"author":[{"embeddable":true,"href":"https:\/\/falper.it\/fr\/wp-json\/wp\/v2\/users\/1"}],"replies":[{"embeddable":true,"href":"https:\/\/falper.it\/fr\/wp-json\/wp\/v2\/comments?post=18863"}],"version-history":[{"count":21,"href":"https:\/\/falper.it\/fr\/wp-json\/wp\/v2\/pages\/18863\/revisions"}],"predecessor-version":[{"id":35095,"href":"https:\/\/falper.it\/fr\/wp-json\/wp\/v2\/pages\/18863\/revisions\/35095"}],"wp:attachment":[{"href":"https:\/\/falper.it\/fr\/wp-json\/wp\/v2\/media?parent=18863"}],"curies":[{"name":"wp","href":"https:\/\/api.w.org\/{rel}","templated":true}]}}