{"id":19000,"date":"2025-10-31T15:14:39","date_gmt":"2025-10-31T15:14:39","guid":{"rendered":"https:\/\/falper.it\/contrat-falper\/"},"modified":"2026-01-28T13:47:58","modified_gmt":"2026-01-28T13:47:58","slug":"contrat-falper","status":"publish","type":"page","link":"https:\/\/falper.it\/fr\/contrat-falper\/","title":{"rendered":"Contrat Falper"},"content":{"rendered":"<section class=\"l-section wpb_row us_custom_01e0c627 height_auto width_full\"><div class=\"l-section-h i-cf\"><div class=\"g-cols vc_row via_grid cols_1 laptops-cols_inherit tablets-cols_inherit mobiles-cols_1 valign_top type_default stacking_default\"><div class=\"wpb_column vc_column_container stretched\"><div class=\"vc_column-inner\"><div class=\"w-image us_custom_36cd8fc1 img-articles has_height align_center\"><div class=\"w-image-h\"><img decoding=\"async\" width=\"2560\" height=\"1440\" src=\"https:\/\/falper.it\/wp-content\/uploads\/2025\/10\/01_FALPER_Contract_header-scaled.jpg\" class=\"attachment-full size-full\" alt=\"\" loading=\"lazy\" srcset=\"https:\/\/falper.it\/wp-content\/uploads\/2025\/10\/01_FALPER_Contract_header-scaled.jpg 2560w, https:\/\/falper.it\/wp-content\/uploads\/2025\/10\/01_FALPER_Contract_header-300x169.jpg 300w, https:\/\/falper.it\/wp-content\/uploads\/2025\/10\/01_FALPER_Contract_header-1024x576.jpg 1024w, https:\/\/falper.it\/wp-content\/uploads\/2025\/10\/01_FALPER_Contract_header-1536x864.jpg 1536w\" sizes=\"auto, (max-width: 2560px) 100vw, 2560px\" \/><\/div><\/div><\/div><\/div><\/div><\/div><\/section><section class=\"l-section wpb_row us_custom_cad1ca8d height_large\"><div class=\"l-section-h i-cf\"><div class=\"g-cols vc_row via_grid cols_1 laptops-cols_inherit tablets-cols_inherit mobiles-cols_1 valign_top type_default stacking_default\"><div class=\"wpb_column vc_column_container\"><div class=\"vc_column-inner\"><h2 class=\"w-post-elm post_title us_custom_064d3121 entry-title color_link_inherit\">Contrat Falper<\/h2><div class=\"w-separator us_custom_fd8fe90a size_custom\" style=\"height:3px\"><\/div><div class=\"w-separator size_small\"><\/div><div class=\"w-vwrapper align_left valign_top\" style=\"--vwrapper-gap:1.5rem\"><div class=\"wpb_text_column\"><div class=\"wpb_wrapper\"><p>Comp\u00e9tences techniques \u00e9lev\u00e9es, dialogue constant avec le client et une connaissance profonde des mat\u00e9riaux et processus font de la Division Contract Falper le partenaire id\u00e9al pour des projets d&rsquo;hospitalit\u00e9, r\u00e9sidentiels, retail, corporate et navals. Notre gamme de collections de salle de bains et cuisines modulaires permet de r\u00e9pondre \u00e0 des exigences diverses. Projets contract de grandes dimensions, qui n\u00e9cessitent des fournitures significatives et des budgets optimis\u00e9s, et r\u00e9alisations premium et haut de gamme, o\u00f9 qualit\u00e9, design et d\u00e9tails sur mesure deviennent protagonistes.<\/p>\n<\/div><\/div><div class=\"w-btn-wrapper align_center\"><a class=\"w-btn us-btn-style_3\" href=\"https:\/\/falper.it\/fr\/contrat-falper-form\/\"><span class=\"w-btn-label\">Demandez le service<\/span><\/a><\/div><\/div><\/div><\/div><\/div><\/div><\/section><section class=\"l-section wpb_row us_custom_76395b57 height_auto\"><div class=\"l-section-h i-cf\"><div class=\"g-cols vc_row via_grid cols_2 laptops-cols_inherit tablets-cols_inherit mobiles-cols_1 valign_top type_default stacking_default\" style=\"--columns-gap:3.7rem;\"><div class=\"wpb_column vc_column_container\"><div class=\"vc_column-inner\"><div class=\"w-slider style_none fit_scaledown nav_none count_6\"><div class=\"w-slider-h\"><div class=\"royalSlider\"><div class=\"rsContent\"><a class=\"rsImg\" data-rsw=\"1024\" data-rsh=\"908\" href=\"https:\/\/falper.it\/wp-content\/uploads\/2025\/10\/01_FALPER_Contract_Torri-1024x908.jpg\"><span data-alt=\"\"><\/span><\/a><\/div><div class=\"rsContent\"><a class=\"rsImg\" data-rsw=\"1024\" data-rsh=\"908\" href=\"https:\/\/falper.it\/wp-content\/uploads\/2025\/10\/02_FALPER_Contract_Torri-1024x908.jpg\"><span data-alt=\"\"><\/span><\/a><\/div><div class=\"rsContent\"><a class=\"rsImg\" data-rsw=\"1024\" data-rsh=\"908\" href=\"https:\/\/falper.it\/wp-content\/uploads\/2025\/10\/03_FALPER_Contract_Torri-1024x908.jpg\"><span data-alt=\"\"><\/span><\/a><\/div><div class=\"rsContent\"><a class=\"rsImg\" data-rsw=\"1024\" data-rsh=\"908\" href=\"https:\/\/falper.it\/wp-content\/uploads\/2025\/10\/04_FALPER_Contract_Torri-1024x908.jpg\"><span data-alt=\"\"><\/span><\/a><\/div><div class=\"rsContent\"><a class=\"rsImg\" data-rsw=\"1024\" data-rsh=\"908\" href=\"https:\/\/falper.it\/wp-content\/uploads\/2025\/10\/05_FALPER_Contract_Torri-1024x908.jpg\"><span data-alt=\"\"><\/span><\/a><\/div><div class=\"rsContent\"><a class=\"rsImg\" data-rsw=\"1024\" data-rsh=\"908\" href=\"https:\/\/falper.it\/wp-content\/uploads\/2025\/10\/06_FALPER_Contract_Torri-1024x908.jpg\"><span data-alt=\"\"><\/span><\/a><\/div><\/div><img decoding=\"async\" src=\"https:\/\/falper.it\/wp-content\/uploads\/2025\/10\/01_FALPER_Contract_Torri-1024x908.jpg\" width=\"1024\" height=\"908\" alt loading=\"lazy\"><\/div><div class=\"w-slider-json\" onclick='return {&quot;autoScaleSlider&quot;:true,&quot;addActiveClass&quot;:true,&quot;loop&quot;:true,&quot;fadeInLoadedSlide&quot;:false,&quot;slidesSpacing&quot;:0,&quot;imageScalePadding&quot;:0,&quot;numImagesToPreload&quot;:2,&quot;arrowsNav&quot;:true,&quot;arrowsNavAutoHide&quot;:false,&quot;transitionType&quot;:&quot;move&quot;,&quot;transitionSpeed&quot;:250,&quot;block&quot;:{&quot;moveEffect&quot;:&quot;none&quot;,&quot;speed&quot;:300},&quot;thumbs&quot;:{&quot;fitInViewport&quot;:false,&quot;firstMargin&quot;:false,&quot;spacing&quot;:4},&quot;controlNavigation&quot;:&quot;none&quot;,&quot;autoScaleSliderWidth&quot;:1024,&quot;autoScaleSliderHeight&quot;:908}'><\/div><\/div><div class=\"wpb_text_column us_custom_72fc42ef\"><div class=\"wpb_wrapper\"><h5><strong>TOURS<\/strong><\/h5>\n<p>Des solutions sur mesure pour les logements, o\u00f9 fonctionnalit\u00e9 et design se conjuguent pour sublimer chaque espace de vie. Les collections Falper apportent \u00e9l\u00e9gance et innovation aux appartements et penthouses, en privil\u00e9giant l&rsquo;optimisation des espaces.<\/p>\n<\/div><\/div><\/div><\/div><div class=\"wpb_column vc_column_container\"><div class=\"vc_column-inner\"><div class=\"w-slider style_none fit_scaledown nav_none count_5\"><div class=\"w-slider-h\"><div class=\"royalSlider\"><div class=\"rsContent\"><a class=\"rsImg\" data-rsw=\"1024\" data-rsh=\"908\" href=\"https:\/\/falper.it\/wp-content\/uploads\/2025\/10\/01_FALPER_Contract_Ville-1024x908.jpg\"><span data-alt=\"\"><\/span><\/a><\/div><div class=\"rsContent\"><a class=\"rsImg\" data-rsw=\"1024\" data-rsh=\"908\" href=\"https:\/\/falper.it\/wp-content\/uploads\/2025\/10\/02_FALPER_Contract_Ville-1024x908.jpg\"><span data-alt=\"\"><\/span><\/a><\/div><div class=\"rsContent\"><a class=\"rsImg\" data-rsw=\"1024\" data-rsh=\"908\" href=\"https:\/\/falper.it\/wp-content\/uploads\/2025\/10\/03_FALPER_Contract_Ville-1024x908.jpg\"><span data-alt=\"\"><\/span><\/a><\/div><div class=\"rsContent\"><a class=\"rsImg\" data-rsw=\"1024\" data-rsh=\"908\" href=\"https:\/\/falper.it\/wp-content\/uploads\/2025\/10\/04_FALPER_Contract_Ville-1024x908.jpg\"><span data-alt=\"\"><\/span><\/a><\/div><div class=\"rsContent\"><a class=\"rsImg\" data-rsw=\"1024\" data-rsh=\"908\" href=\"https:\/\/falper.it\/wp-content\/uploads\/2025\/10\/05_FALPER_Contract_Ville-1024x908.jpg\"><span data-alt=\"\"><\/span><\/a><\/div><\/div><img decoding=\"async\" src=\"https:\/\/falper.it\/wp-content\/uploads\/2025\/10\/01_FALPER_Contract_Ville-1024x908.jpg\" width=\"1024\" height=\"908\" alt loading=\"lazy\"><\/div><div class=\"w-slider-json\" onclick='return {&quot;autoScaleSlider&quot;:true,&quot;addActiveClass&quot;:true,&quot;loop&quot;:true,&quot;fadeInLoadedSlide&quot;:false,&quot;slidesSpacing&quot;:0,&quot;imageScalePadding&quot;:0,&quot;numImagesToPreload&quot;:2,&quot;arrowsNav&quot;:true,&quot;arrowsNavAutoHide&quot;:false,&quot;transitionType&quot;:&quot;move&quot;,&quot;transitionSpeed&quot;:250,&quot;block&quot;:{&quot;moveEffect&quot;:&quot;none&quot;,&quot;speed&quot;:300},&quot;thumbs&quot;:{&quot;fitInViewport&quot;:false,&quot;firstMargin&quot;:false,&quot;spacing&quot;:4},&quot;controlNavigation&quot;:&quot;none&quot;,&quot;autoScaleSliderWidth&quot;:1024,&quot;autoScaleSliderHeight&quot;:908}'><\/div><\/div><div class=\"wpb_text_column us_custom_72fc42ef\"><div class=\"wpb_wrapper\"><h5><strong>VILLAS PRIV\u00c9ES<\/strong><\/h5>\n<p>Des designs uniques pour des demeures d&rsquo;exception, o\u00f9 chaque d\u00e9tail compte. Les collections Falper s&rsquo;adaptent parfaitement aux exigences de style et de confort, cr\u00e9ant des salles de bains raffin\u00e9es, \u00e9l\u00e9gantes et personnalis\u00e9es, fid\u00e8les \u00e0 la vision du client.<\/p>\n<\/div><\/div><\/div><\/div><\/div><\/div><\/section><section class=\"l-section wpb_row us_custom_ebd0090a height_small\"><div class=\"l-section-h i-cf\"><div class=\"g-cols vc_row via_grid cols_2 laptops-cols_inherit tablets-cols_inherit mobiles-cols_1 valign_top type_default stacking_default\" style=\"--columns-gap:3.7rem;\"><div class=\"wpb_column vc_column_container\"><div class=\"vc_column-inner\"><div class=\"w-slider style_none fit_scaledown nav_none count_4\"><div class=\"w-slider-h\"><div class=\"royalSlider\"><div class=\"rsContent\"><a class=\"rsImg\" data-rsw=\"1024\" data-rsh=\"908\" href=\"https:\/\/falper.it\/wp-content\/uploads\/2025\/10\/01_FALPER_Contract_Hospitality-1024x908.jpg\"><span data-alt=\"\"><\/span><\/a><\/div><div class=\"rsContent\"><a class=\"rsImg\" data-rsw=\"1024\" data-rsh=\"908\" href=\"https:\/\/falper.it\/wp-content\/uploads\/2025\/10\/02_FALPER_Contract_Hospitality-1024x908.jpg\"><span data-alt=\"\"><\/span><\/a><\/div><div class=\"rsContent\"><a class=\"rsImg\" data-rsw=\"1024\" data-rsh=\"908\" href=\"https:\/\/falper.it\/wp-content\/uploads\/2025\/10\/03_FALPER_Contract_Hospitality-1024x908.jpg\"><span data-alt=\"\"><\/span><\/a><\/div><div class=\"rsContent\"><a class=\"rsImg\" data-rsw=\"1024\" data-rsh=\"908\" href=\"https:\/\/falper.it\/wp-content\/uploads\/2025\/10\/04_FALPER_Contract_Hospitality-1024x908.jpg\"><span data-alt=\"\"><\/span><\/a><\/div><\/div><img decoding=\"async\" src=\"https:\/\/falper.it\/wp-content\/uploads\/2025\/10\/01_FALPER_Contract_Hospitality-1024x908.jpg\" width=\"1024\" height=\"908\" alt loading=\"lazy\"><\/div><div class=\"w-slider-json\" onclick='return {&quot;autoScaleSlider&quot;:true,&quot;addActiveClass&quot;:true,&quot;loop&quot;:true,&quot;fadeInLoadedSlide&quot;:false,&quot;slidesSpacing&quot;:0,&quot;imageScalePadding&quot;:0,&quot;numImagesToPreload&quot;:2,&quot;arrowsNav&quot;:true,&quot;arrowsNavAutoHide&quot;:false,&quot;transitionType&quot;:&quot;move&quot;,&quot;transitionSpeed&quot;:250,&quot;block&quot;:{&quot;moveEffect&quot;:&quot;none&quot;,&quot;speed&quot;:300},&quot;thumbs&quot;:{&quot;fitInViewport&quot;:false,&quot;firstMargin&quot;:false,&quot;spacing&quot;:4},&quot;controlNavigation&quot;:&quot;none&quot;,&quot;autoScaleSliderWidth&quot;:1024,&quot;autoScaleSliderHeight&quot;:908}'><\/div><\/div><div class=\"wpb_text_column us_custom_72fc42ef\"><div class=\"wpb_wrapper\"><h5><strong>H\u00d4TELLERIE<\/strong><\/h5>\n<p>Solutions fonctionnelles et design con\u00e7ues pour les h\u00f4tels et les \u00e9tablissements d&rsquo;accueil. La qualit\u00e9 des mat\u00e9riaux, le souci du d\u00e9tail et la polyvalence des collections Falper garantissent des espaces accueillants et \u00e9l\u00e9gants qui marquent les esprits.<\/p>\n<\/div><\/div><\/div><\/div><div class=\"wpb_column vc_column_container\"><div class=\"vc_column-inner\"><div class=\"w-slider style_none fit_scaledown nav_none count_4\"><div class=\"w-slider-h\"><div class=\"royalSlider\"><div class=\"rsContent\"><a class=\"rsImg\" data-rsw=\"1024\" data-rsh=\"908\" href=\"https:\/\/falper.it\/wp-content\/uploads\/2025\/10\/01_FALPER_Contract_Yacht-1024x908.jpg\"><span data-alt=\"\"><\/span><\/a><\/div><div class=\"rsContent\"><a class=\"rsImg\" data-rsw=\"1024\" data-rsh=\"908\" href=\"https:\/\/falper.it\/wp-content\/uploads\/2025\/10\/02_FALPER_Contract_Yacht-1024x908.jpg\"><span data-alt=\"\"><\/span><\/a><\/div><div class=\"rsContent\"><a class=\"rsImg\" data-rsw=\"1024\" data-rsh=\"908\" href=\"https:\/\/falper.it\/wp-content\/uploads\/2025\/10\/04_FALPER_Contract_Yacht-1024x908.jpg\"><span data-alt=\"\"><\/span><\/a><\/div><div class=\"rsContent\"><a class=\"rsImg\" data-rsw=\"1024\" data-rsh=\"908\" href=\"https:\/\/falper.it\/wp-content\/uploads\/2025\/10\/05_FALPER_Contract_Yacht-1024x908.jpg\"><span data-alt=\"\"><\/span><\/a><\/div><\/div><img decoding=\"async\" src=\"https:\/\/falper.it\/wp-content\/uploads\/2025\/10\/01_FALPER_Contract_Yacht-1024x908.jpg\" width=\"1024\" height=\"908\" alt loading=\"lazy\"><\/div><div class=\"w-slider-json\" onclick='return {&quot;autoScaleSlider&quot;:true,&quot;addActiveClass&quot;:true,&quot;loop&quot;:true,&quot;fadeInLoadedSlide&quot;:false,&quot;slidesSpacing&quot;:0,&quot;imageScalePadding&quot;:0,&quot;numImagesToPreload&quot;:2,&quot;arrowsNav&quot;:true,&quot;arrowsNavAutoHide&quot;:false,&quot;transitionType&quot;:&quot;move&quot;,&quot;transitionSpeed&quot;:250,&quot;block&quot;:{&quot;moveEffect&quot;:&quot;none&quot;,&quot;speed&quot;:300},&quot;thumbs&quot;:{&quot;fitInViewport&quot;:false,&quot;firstMargin&quot;:false,&quot;spacing&quot;:4},&quot;controlNavigation&quot;:&quot;none&quot;,&quot;autoScaleSliderWidth&quot;:1024,&quot;autoScaleSliderHeight&quot;:908}'><\/div><\/div><div class=\"wpb_text_column us_custom_72fc42ef\"><div class=\"wpb_wrapper\"><h5>YACHT<\/h5>\n<p>Mobilier de salle de bain sur mesure pour bateaux de luxe, o\u00f9 esth\u00e9tique et fonctionnalit\u00e9 doivent coexister dans des espaces restreints. Les collections Falper allient \u00e9l\u00e9gance et fonctionnalit\u00e9, garantissant des solutions performantes et raffin\u00e9es m\u00eame \u00e0 bord.<\/p>\n<\/div><\/div><\/div><\/div><\/div><\/div><\/section><section class=\"l-section wpb_row us_custom_65bb4fc8 height_auto width_full\"><div class=\"l-section-h i-cf\"><div class=\"g-cols vc_row via_grid cols_1 laptops-cols_inherit tablets-cols_inherit mobiles-cols_1 valign_top type_default stacking_default\"><div class=\"wpb_column vc_column_container stretched\"><div class=\"vc_column-inner\"><div class=\"w-image us_custom_36cd8fc1 img-articles has_height align_center\"><div class=\"w-image-h\"><img decoding=\"async\" width=\"2560\" height=\"1440\" src=\"https:\/\/falper.it\/wp-content\/uploads\/2025\/10\/02_FALPER_Contract-scaled.jpg\" class=\"attachment-full size-full\" alt=\"\" loading=\"lazy\" srcset=\"https:\/\/falper.it\/wp-content\/uploads\/2025\/10\/02_FALPER_Contract-scaled.jpg 2560w, https:\/\/falper.it\/wp-content\/uploads\/2025\/10\/02_FALPER_Contract-300x169.jpg 300w, https:\/\/falper.it\/wp-content\/uploads\/2025\/10\/02_FALPER_Contract-1024x576.jpg 1024w, https:\/\/falper.it\/wp-content\/uploads\/2025\/10\/02_FALPER_Contract-1536x864.jpg 1536w\" sizes=\"auto, (max-width: 2560px) 100vw, 2560px\" \/><\/div><\/div><\/div><\/div><\/div><\/div><\/section><section class=\"l-section wpb_row height_medium\"><div class=\"l-section-h i-cf\"><div class=\"g-cols vc_row via_grid cols_1 laptops-cols_inherit tablets-cols_inherit mobiles-cols_1 valign_middle type_default stacking_default\"><div class=\"wpb_column vc_column_container\"><div class=\"vc_column-inner\"><div class=\"wpb_text_column us_custom_eb849559\"><div class=\"wpb_wrapper\"><h2><strong>Falper offre un soutien professionnel aux architectes, aux d\u00e9corateurs d&rsquo;int\u00e9rieur, aux promoteurs et aux entrepreneurs g\u00e9n\u00e9raux dans le d\u00e9veloppement de solutions sur mesure.<\/strong><\/h2>\n<\/div><\/div><div class=\"w-separator size_medium\"><\/div><div class=\"w-btn-wrapper align_center\"><a class=\"w-btn us-btn-style_3\" href=\"https:\/\/falper.it\/fr\/contrat-falper-form\/\"><span class=\"w-btn-label\">Demandez le service<\/span><\/a><\/div><\/div><\/div><\/div><\/div><\/section>\n","protected":false},"excerpt":{"rendered":"Contrat FalperComp\u00e9tences techniques \u00e9lev\u00e9es, dialogue constant avec le client et une connaissance profonde des mat\u00e9riaux et processus font de la Division Contract Falper le partenaire id\u00e9al pour des projets d&rsquo;hospitalit\u00e9, r\u00e9sidentiels, retail, corporate et navals. Notre gamme de collections de salle de bains et cuisines modulaires permet de r\u00e9pondre \u00e0 des exigences diverses. Projets contract...","protected":false},"author":1,"featured_media":35380,"parent":0,"menu_order":0,"comment_status":"closed","ping_status":"closed","template":"","meta":{"_acf_changed":false,"footnotes":""},"class_list":["post-19000","page","type-page","status-publish","has-post-thumbnail","hentry"],"acf":[],"yoast_head":"<!-- This site is optimized with the Yoast SEO plugin v27.4 - https:\/\/yoast.com\/product\/yoast-seo-wordpress\/ -->\n<title>Falper Contract | Ameublement salle de bain de luxe pour HoReCa<\/title>\n<meta name=\"description\" content=\"Falper Contract propose des solutions de salle de bain modulaires pour h\u00f4tels, restaurants et projets HoReCa. Design italien, mat\u00e9riaux premium et configurations sur mesure.\" \/>\n<meta name=\"robots\" content=\"index, follow, max-snippet:-1, max-image-preview:large, max-video-preview:-1\" \/>\n<link rel=\"canonical\" href=\"https:\/\/falper.it\/fr\/contrat-falper\/\" \/>\n<meta property=\"og:locale\" content=\"fr_FR\" \/>\n<meta property=\"og:type\" content=\"article\" \/>\n<meta property=\"og:title\" content=\"Falper Contract | Ameublement salle de bain de luxe pour HoReCa\" \/>\n<meta property=\"og:description\" content=\"Falper Contract propose des solutions de salle de bain modulaires pour h\u00f4tels, restaurants et projets HoReCa. Design italien, mat\u00e9riaux premium et configurations sur mesure.\" \/>\n<meta property=\"og:url\" content=\"https:\/\/falper.it\/fr\/contrat-falper\/\" \/>\n<meta property=\"og:site_name\" content=\"Falper\" \/>\n<meta property=\"article:publisher\" content=\"https:\/\/www.facebook.com\/FalperDesign\" \/>\n<meta property=\"article:modified_time\" content=\"2026-01-28T13:47:58+00:00\" \/>\n<meta name=\"twitter:card\" content=\"summary_large_image\" \/>\n<meta name=\"twitter:label1\" content=\"Dur\u00e9e de lecture estim\u00e9e\" \/>\n\t<meta name=\"twitter:data1\" content=\"8 minute\" \/>\n<script type=\"application\/ld+json\" class=\"yoast-schema-graph\">{\"@context\":\"https:\\\/\\\/schema.org\",\"@graph\":[{\"@type\":\"WebPage\",\"@id\":\"https:\\\/\\\/falper.it\\\/fr\\\/contrat-falper\\\/\",\"url\":\"https:\\\/\\\/falper.it\\\/fr\\\/contrat-falper\\\/\",\"name\":\"Falper Contract | Ameublement salle de bain de luxe pour HoReCa\",\"isPartOf\":{\"@id\":\"https:\\\/\\\/falper.it\\\/fr\\\/#website\"},\"primaryImageOfPage\":{\"@id\":\"https:\\\/\\\/falper.it\\\/fr\\\/contrat-falper\\\/#primaryimage\"},\"image\":{\"@id\":\"https:\\\/\\\/falper.it\\\/fr\\\/contrat-falper\\\/#primaryimage\"},\"thumbnailUrl\":\"https:\\\/\\\/falper.it\\\/wp-content\\\/uploads\\\/2025\\\/10\\\/01_FALPER_Contract_header-scaled.jpg\",\"datePublished\":\"2025-10-31T15:14:39+00:00\",\"dateModified\":\"2026-01-28T13:47:58+00:00\",\"description\":\"Falper Contract propose des solutions de salle de bain modulaires pour h\u00f4tels, restaurants et projets HoReCa. Design italien, mat\u00e9riaux premium et configurations sur mesure.\",\"breadcrumb\":{\"@id\":\"https:\\\/\\\/falper.it\\\/fr\\\/contrat-falper\\\/#breadcrumb\"},\"inLanguage\":\"fr-FR\",\"potentialAction\":[{\"@type\":\"ReadAction\",\"target\":[\"https:\\\/\\\/falper.it\\\/fr\\\/contrat-falper\\\/\"]}]},{\"@type\":\"ImageObject\",\"inLanguage\":\"fr-FR\",\"@id\":\"https:\\\/\\\/falper.it\\\/fr\\\/contrat-falper\\\/#primaryimage\",\"url\":\"https:\\\/\\\/falper.it\\\/wp-content\\\/uploads\\\/2025\\\/10\\\/01_FALPER_Contract_header-scaled.jpg\",\"contentUrl\":\"https:\\\/\\\/falper.it\\\/wp-content\\\/uploads\\\/2025\\\/10\\\/01_FALPER_Contract_header-scaled.jpg\",\"width\":2560,\"height\":1440},{\"@type\":\"BreadcrumbList\",\"@id\":\"https:\\\/\\\/falper.it\\\/fr\\\/contrat-falper\\\/#breadcrumb\",\"itemListElement\":[{\"@type\":\"ListItem\",\"position\":1,\"name\":\"Home\",\"item\":\"https:\\\/\\\/falper.it\\\/fr\\\/\"},{\"@type\":\"ListItem\",\"position\":2,\"name\":\"Contrat Falper\"}]},{\"@type\":\"WebSite\",\"@id\":\"https:\\\/\\\/falper.it\\\/fr\\\/#website\",\"url\":\"https:\\\/\\\/falper.it\\\/fr\\\/\",\"name\":\"Falper\",\"description\":\"\",\"publisher\":{\"@id\":\"https:\\\/\\\/falper.it\\\/fr\\\/#organization\"},\"potentialAction\":[{\"@type\":\"SearchAction\",\"target\":{\"@type\":\"EntryPoint\",\"urlTemplate\":\"https:\\\/\\\/falper.it\\\/fr\\\/?s={search_term_string}\"},\"query-input\":{\"@type\":\"PropertyValueSpecification\",\"valueRequired\":true,\"valueName\":\"search_term_string\"}}],\"inLanguage\":\"fr-FR\"},{\"@type\":\"Organization\",\"@id\":\"https:\\\/\\\/falper.it\\\/fr\\\/#organization\",\"name\":\"Falper\",\"url\":\"https:\\\/\\\/falper.it\\\/fr\\\/\",\"logo\":{\"@type\":\"ImageObject\",\"inLanguage\":\"fr-FR\",\"@id\":\"https:\\\/\\\/falper.it\\\/fr\\\/#\\\/schema\\\/logo\\\/image\\\/\",\"url\":\"https:\\\/\\\/falper.it\\\/wp-content\\\/uploads\\\/2017\\\/07\\\/falper-logo-.svg\",\"contentUrl\":\"https:\\\/\\\/falper.it\\\/wp-content\\\/uploads\\\/2017\\\/07\\\/falper-logo-.svg\",\"width\":\"1024\",\"height\":\"1024\",\"caption\":\"Falper\"},\"image\":{\"@id\":\"https:\\\/\\\/falper.it\\\/fr\\\/#\\\/schema\\\/logo\\\/image\\\/\"},\"sameAs\":[\"https:\\\/\\\/www.facebook.com\\\/FalperDesign\",\"https:\\\/\\\/www.instagram.com\\\/falperdesign\\\/\",\"http:\\\/\\\/pinterest.com\\\/falperdesign\\\/\",\"http:\\\/\\\/www.linkedin.com\\\/company\\\/3070513?trk=tyah\"]}]}<\/script>\n<!-- \/ Yoast SEO plugin. -->","yoast_head_json":{"title":"Falper Contract | Ameublement salle de bain de luxe pour HoReCa","description":"Falper Contract propose des solutions de salle de bain modulaires pour h\u00f4tels, restaurants et projets HoReCa. Design italien, mat\u00e9riaux premium et configurations sur mesure.","robots":{"index":"index","follow":"follow","max-snippet":"max-snippet:-1","max-image-preview":"max-image-preview:large","max-video-preview":"max-video-preview:-1"},"canonical":"https:\/\/falper.it\/fr\/contrat-falper\/","og_locale":"fr_FR","og_type":"article","og_title":"Falper Contract | Ameublement salle de bain de luxe pour HoReCa","og_description":"Falper Contract propose des solutions de salle de bain modulaires pour h\u00f4tels, restaurants et projets HoReCa. Design italien, mat\u00e9riaux premium et configurations sur mesure.","og_url":"https:\/\/falper.it\/fr\/contrat-falper\/","og_site_name":"Falper","article_publisher":"https:\/\/www.facebook.com\/FalperDesign","article_modified_time":"2026-01-28T13:47:58+00:00","twitter_card":"summary_large_image","twitter_misc":{"Dur\u00e9e de lecture estim\u00e9e":"8 minute"},"schema":{"@context":"https:\/\/schema.org","@graph":[{"@type":"WebPage","@id":"https:\/\/falper.it\/fr\/contrat-falper\/","url":"https:\/\/falper.it\/fr\/contrat-falper\/","name":"Falper Contract | Ameublement salle de bain de luxe pour HoReCa","isPartOf":{"@id":"https:\/\/falper.it\/fr\/#website"},"primaryImageOfPage":{"@id":"https:\/\/falper.it\/fr\/contrat-falper\/#primaryimage"},"image":{"@id":"https:\/\/falper.it\/fr\/contrat-falper\/#primaryimage"},"thumbnailUrl":"https:\/\/falper.it\/wp-content\/uploads\/2025\/10\/01_FALPER_Contract_header-scaled.jpg","datePublished":"2025-10-31T15:14:39+00:00","dateModified":"2026-01-28T13:47:58+00:00","description":"Falper Contract propose des solutions de salle de bain modulaires pour h\u00f4tels, restaurants et projets HoReCa. Design italien, mat\u00e9riaux premium et configurations sur mesure.","breadcrumb":{"@id":"https:\/\/falper.it\/fr\/contrat-falper\/#breadcrumb"},"inLanguage":"fr-FR","potentialAction":[{"@type":"ReadAction","target":["https:\/\/falper.it\/fr\/contrat-falper\/"]}]},{"@type":"ImageObject","inLanguage":"fr-FR","@id":"https:\/\/falper.it\/fr\/contrat-falper\/#primaryimage","url":"https:\/\/falper.it\/wp-content\/uploads\/2025\/10\/01_FALPER_Contract_header-scaled.jpg","contentUrl":"https:\/\/falper.it\/wp-content\/uploads\/2025\/10\/01_FALPER_Contract_header-scaled.jpg","width":2560,"height":1440},{"@type":"BreadcrumbList","@id":"https:\/\/falper.it\/fr\/contrat-falper\/#breadcrumb","itemListElement":[{"@type":"ListItem","position":1,"name":"Home","item":"https:\/\/falper.it\/fr\/"},{"@type":"ListItem","position":2,"name":"Contrat Falper"}]},{"@type":"WebSite","@id":"https:\/\/falper.it\/fr\/#website","url":"https:\/\/falper.it\/fr\/","name":"Falper","description":"","publisher":{"@id":"https:\/\/falper.it\/fr\/#organization"},"potentialAction":[{"@type":"SearchAction","target":{"@type":"EntryPoint","urlTemplate":"https:\/\/falper.it\/fr\/?s={search_term_string}"},"query-input":{"@type":"PropertyValueSpecification","valueRequired":true,"valueName":"search_term_string"}}],"inLanguage":"fr-FR"},{"@type":"Organization","@id":"https:\/\/falper.it\/fr\/#organization","name":"Falper","url":"https:\/\/falper.it\/fr\/","logo":{"@type":"ImageObject","inLanguage":"fr-FR","@id":"https:\/\/falper.it\/fr\/#\/schema\/logo\/image\/","url":"https:\/\/falper.it\/wp-content\/uploads\/2017\/07\/falper-logo-.svg","contentUrl":"https:\/\/falper.it\/wp-content\/uploads\/2017\/07\/falper-logo-.svg","width":"1024","height":"1024","caption":"Falper"},"image":{"@id":"https:\/\/falper.it\/fr\/#\/schema\/logo\/image\/"},"sameAs":["https:\/\/www.facebook.com\/FalperDesign","https:\/\/www.instagram.com\/falperdesign\/","http:\/\/pinterest.com\/falperdesign\/","http:\/\/www.linkedin.com\/company\/3070513?trk=tyah"]}]}},"_links":{"self":[{"href":"https:\/\/falper.it\/fr\/wp-json\/wp\/v2\/pages\/19000","targetHints":{"allow":["GET"]}}],"collection":[{"href":"https:\/\/falper.it\/fr\/wp-json\/wp\/v2\/pages"}],"about":[{"href":"https:\/\/falper.it\/fr\/wp-json\/wp\/v2\/types\/page"}],"author":[{"embeddable":true,"href":"https:\/\/falper.it\/fr\/wp-json\/wp\/v2\/users\/1"}],"replies":[{"embeddable":true,"href":"https:\/\/falper.it\/fr\/wp-json\/wp\/v2\/comments?post=19000"}],"version-history":[{"count":12,"href":"https:\/\/falper.it\/fr\/wp-json\/wp\/v2\/pages\/19000\/revisions"}],"predecessor-version":[{"id":31379,"href":"https:\/\/falper.it\/fr\/wp-json\/wp\/v2\/pages\/19000\/revisions\/31379"}],"wp:featuredmedia":[{"embeddable":true,"href":"https:\/\/falper.it\/fr\/wp-json\/wp\/v2\/media\/35380"}],"wp:attachment":[{"href":"https:\/\/falper.it\/fr\/wp-json\/wp\/v2\/media?parent=19000"}],"curies":[{"name":"wp","href":"https:\/\/api.w.org\/{rel}","templated":true}]}}