{"id":19023,"date":"2025-10-31T15:19:12","date_gmt":"2025-10-31T15:19:12","guid":{"rendered":"https:\/\/falper.it\/contrat-falper-form\/"},"modified":"2026-04-09T09:35:42","modified_gmt":"2026-04-09T09:35:42","slug":"contrat-falper-form","status":"publish","type":"page","link":"https:\/\/falper.it\/fr\/contrat-falper-form\/","title":{"rendered":"Contrat Falper Form"},"content":{"rendered":"<section class=\"l-section wpb_row us_custom_cad1ca8d height_large\"><div class=\"l-section-h i-cf\"><div class=\"g-cols vc_row via_grid cols_1 laptops-cols_1 tablets-cols_1 mobiles-cols_1 valign_middle type_default stacking_default\"><div class=\"wpb_column vc_column_container us_custom_1f257949\"><div class=\"vc_column-inner\"><div class=\"w-separator hide_on_laptops hide_on_tablets hide_on_mobiles size_large\"><\/div><div class=\"w-vwrapper us_custom_eb849559 align_left valign_middle\" style=\"--vwrapper-gap:1.2rem\"><div class=\"wpb_text_column\"><div class=\"wpb_wrapper\"><h2><strong>Contrat Falper<\/strong><\/h2>\n<\/div><\/div><div class=\"w-separator us_custom_23995288 size_custom\" style=\"height:3px\"><\/div><div class=\"wpb_text_column us_custom_1f257949\"><div class=\"wpb_wrapper\"><p>Demandez notre soutien pour votre projet contractuel.<\/p>\n<\/div><\/div><\/div><div class=\"w-separator size_medium\"><\/div>\n<div class=\"wpcf7 no-js us-field-style_1\" id=\"wpcf7-f17218-o1\" lang=\"fr-FR\" dir=\"ltr\" data-wpcf7-id=\"17218\">\n<div class=\"screen-reader-response\"><p role=\"status\" aria-live=\"polite\" aria-atomic=\"true\"><\/p> <ul><\/ul><\/div>\n<form action=\"\/fr\/wp-json\/wp\/v2\/pages\/19023#wpcf7-f17218-o1\" method=\"post\" class=\"wpcf7-form init\" aria-label=\"Formulaire de contact\" enctype=\"multipart\/form-data\" novalidate=\"novalidate\" data-status=\"init\">\n<fieldset class=\"hidden-fields-container\"><input type=\"hidden\" name=\"_wpcf7\" value=\"17218\" \/><input type=\"hidden\" name=\"_wpcf7_version\" value=\"6.1.5\" \/><input type=\"hidden\" name=\"_wpcf7_locale\" value=\"fr_FR\" \/><input type=\"hidden\" name=\"_wpcf7_unit_tag\" value=\"wpcf7-f17218-o1\" \/><input type=\"hidden\" name=\"_wpcf7_container_post\" value=\"0\" \/><input type=\"hidden\" name=\"_wpcf7_posted_data_hash\" value=\"\" \/><input type=\"hidden\" name=\"_wpcf7cf_hidden_group_fields\" value=\"[]\" \/><input type=\"hidden\" name=\"_wpcf7cf_hidden_groups\" value=\"[]\" \/><input type=\"hidden\" name=\"_wpcf7cf_visible_groups\" value=\"[]\" \/><input type=\"hidden\" name=\"_wpcf7cf_repeaters\" value=\"[]\" \/><input type=\"hidden\" name=\"_wpcf7cf_steps\" value=\"{}\" \/><input type=\"hidden\" name=\"_wpcf7cf_options\" value=\"{&quot;form_id&quot;:17218,&quot;conditions&quot;:[],&quot;settings&quot;:{&quot;animation&quot;:&quot;yes&quot;,&quot;animation_intime&quot;:200,&quot;animation_outtime&quot;:200,&quot;conditions_ui&quot;:&quot;normal&quot;,&quot;notice_dismissed&quot;:false,&quot;notice_dismissed_update-cf7-6.1.2&quot;:true,&quot;notice_dismissed_rollback-cf7-6.1.3&quot;:true}}\" \/><input type=\"hidden\" name=\"_wpcf7_recaptcha_response\" value=\"\" \/>\n<\/fieldset>\n<div class=\"title-box\">\n\t<h3>Informations personnelles\n\t<\/h3>\n\t<div class=\"separator\">\n\t<\/div>\n<\/div>\n<div class=\"box_nofloat section-padding \">\n\t<div class=\"input-box\">\n\t\t<p><span class=\"wpcf7-form-control-wrap\" data-name=\"campo1\"><input size=\"40\" maxlength=\"400\" class=\"wpcf7-form-control wpcf7-text wpcf7-validates-as-required\" id=\"campo1\" aria-required=\"true\" aria-invalid=\"false\" placeholder=\"Nom*\" value=\"\" type=\"text\" name=\"campo1\" \/><\/span><br \/>\n<span class=\"wpcf7-form-control-wrap\" data-name=\"campo2\"><input size=\"40\" maxlength=\"400\" class=\"wpcf7-form-control wpcf7-text wpcf7-validates-as-required\" id=\"campo2\" aria-required=\"true\" aria-invalid=\"false\" placeholder=\"Prenom*\" value=\"\" type=\"text\" name=\"campo2\" \/><\/span><br \/>\n<span class=\"wpcf7-form-control-wrap\" data-name=\"campo3\"><input size=\"40\" maxlength=\"400\" class=\"wpcf7-form-control wpcf7-text\" id=\"campo3\" aria-invalid=\"false\" placeholder=\"Nom de l&#039;enterprise\" value=\"\" type=\"text\" name=\"campo3\" \/><\/span><br \/>\n<span class=\"wpcf7-form-control-wrap\" data-name=\"campo4\"><input size=\"40\" maxlength=\"400\" class=\"wpcf7-form-control wpcf7-email wpcf7-validates-as-required wpcf7-text wpcf7-validates-as-email\" id=\"campo4\" aria-required=\"true\" aria-invalid=\"false\" placeholder=\"Adresse email*\" value=\"\" type=\"email\" name=\"campo4\" \/><\/span><br \/>\n<span class=\"wpcf7-form-control-wrap\" data-name=\"campo5\"><input size=\"40\" maxlength=\"400\" class=\"wpcf7-form-control wpcf7-text wpcf7-validates-as-required\" id=\"campo5\" aria-required=\"true\" aria-invalid=\"false\" placeholder=\"T\u00e8l\u00e8phone*\" value=\"\" type=\"text\" name=\"campo5\" \/><\/span><br \/>\n<span class=\"wpcf7-form-control-wrap\" data-name=\"campo6\"><input size=\"40\" maxlength=\"400\" class=\"wpcf7-form-control wpcf7-text wpcf7-validates-as-required\" id=\"campo6\" aria-required=\"true\" aria-invalid=\"false\" placeholder=\"Ville*\" value=\"\" type=\"text\" name=\"campo6\" \/><\/span><br \/>\n<span class=\"wpcf7-form-control-wrap\" data-name=\"campo7\"><input size=\"40\" maxlength=\"400\" class=\"wpcf7-form-control wpcf7-text\" id=\"campo7\" aria-invalid=\"false\" placeholder=\"Capuchon\" value=\"\" type=\"text\" name=\"campo7\" \/><\/span><br \/>\n<span class=\"wpcf7-form-control-wrap\" data-name=\"campo8\"><input size=\"40\" maxlength=\"400\" class=\"wpcf7-form-control wpcf7-text\" id=\"campo8\" aria-invalid=\"false\" placeholder=\"R\u00e8gion\" value=\"\" type=\"text\" name=\"campo8\" \/><\/span><br \/>\n<span class=\"wpcf7-form-control-wrap\" data-name=\"campo9\"><input size=\"40\" maxlength=\"400\" class=\"wpcf7-form-control wpcf7-text wpcf7-validates-as-required\" id=\"campo9\" aria-required=\"true\" aria-invalid=\"false\" placeholder=\"Pays*\" value=\"\" type=\"text\" name=\"campo9\" \/><\/span>\n\t\t<\/p>\n\t<\/div>\n \n <!-- Radio-boxes per richieste -->\n\t<div class=\"radio-box\">\n\t\t<p><label>Je demande le projet comme*<\/label><br \/>\n<span class=\"wpcf7-form-control-wrap\" data-name=\"progetto_qualita\"><span class=\"wpcf7-form-control wpcf7-radio\" id=\"progetto_qualita\"><span class=\"wpcf7-list-item first\"><input type=\"radio\" name=\"progetto_qualita\" value=\"Propri\u00e9taire\" \/><span class=\"wpcf7-list-item-label\">Propri\u00e9taire<\/span><\/span><span class=\"wpcf7-list-item\"><input type=\"radio\" name=\"progetto_qualita\" value=\"Architecte \/ D\u00e9corateur d&#039;int\u00e9rieur\" \/><span class=\"wpcf7-list-item-label\">Architecte \/ D\u00e9corateur d&#039;int\u00e9rieur<\/span><\/span><span class=\"wpcf7-list-item last\"><input type=\"radio\" name=\"progetto_qualita\" value=\"Agent immobilier\" \/><span class=\"wpcf7-list-item-label\">Agent immobilier<\/span><\/span><\/span><\/span>\n\t\t<\/p>\n\t<\/div>\n\t<div class=\"radio-box\">\n\t\t<p><label>Connaissez-vous la gamme Falper ?<\/label>\n\t\t<\/p>\n\t\t<div class=\"radio-group\" style=\"padding-top:0px;\" id=\"gamma\" data-name=\"gamma\">\n\t\t\t<p><label><input type=\"radio\" name=\"gamma\" value=\"No\" \/> Non<\/label><br \/>\n<label><input type=\"radio\" name=\"gamma\" value=\"S\u00ec\" \/> Oui<\/label><br \/>\n<label><input type=\"radio\" name=\"gamma\" value=\"S\u00ec, e ho gi\u00e0 acquistato prodotti Falper\" \/> Oui, et j'ai d\u00e9j\u00e0 achet\u00e9 des produits Falper<\/label>\n\t\t\t<\/p>\n\t\t<\/div>\n\t<\/div>\n\t<div class=\"radio-box\">\n\t\t<p><label>Avez-vous d\u00e9j\u00e0 visit\u00e9 l'un de nos revendeurs agr\u00e9\u00e9s ?<\/label>\n\t\t<\/p>\n\t\t<div class=\"radio-group\" style=\"padding-top:0px;\" id=\"visitato_rivenditore\" data-name=\"visitato_rivenditore\">\n\t\t\t<p><label><input type=\"radio\" name=\"visitato_rivenditore\" value=\"No\" \/> Non<\/label><br \/>\n<label><input type=\"radio\" name=\"visitato_rivenditore\" value=\"S\u00ec\" \/> Oui<\/label>\n\t\t\t<\/p>\n\t\t<\/div>\n\t<\/div>\n\t<div class=\"input-box\">\n\t\t<p><span class=\"wpcf7-form-control-wrap\" data-name=\"campo10\"><input size=\"40\" maxlength=\"400\" class=\"wpcf7-form-control wpcf7-text\" id=\"campo10\" aria-invalid=\"false\" placeholder=\"Si oui, lequel ?\" value=\"\" type=\"text\" name=\"campo10\" \/><\/span>\n\t\t<\/p>\n\t<\/div>\n<\/div>\n<div class=\"title-box\">\n\t<h3>\u00c0 propos du projet\n\t<\/h3>\n\t<div class=\"separator\">\n\t<\/div>\n<\/div>\n<div class=\"box_nofloat section-padding \">\n <!-- Tipologia progetto e altri campi -->\n\t<div class=\"radio-box\">\n\t\t<p><label>Type de projet*<\/label><br \/>\n<span class=\"wpcf7-form-control-wrap\" data-name=\"tipo_progetto\"><span class=\"wpcf7-form-control wpcf7-radio\" id=\"tipo_progetto\"><span class=\"wpcf7-list-item first\"><input type=\"radio\" name=\"tipo_progetto\" value=\"Immeuble r\u00e9sidentiel\" \/><span class=\"wpcf7-list-item-label\">Immeuble r\u00e9sidentiel<\/span><\/span><span class=\"wpcf7-list-item\"><input type=\"radio\" name=\"tipo_progetto\" value=\"H\u00f4tel\" \/><span class=\"wpcf7-list-item-label\">H\u00f4tel<\/span><\/span><span class=\"wpcf7-list-item\"><input type=\"radio\" name=\"tipo_progetto\" value=\"H\u00f4tel-boutique\" \/><span class=\"wpcf7-list-item-label\">H\u00f4tel-boutique<\/span><\/span><span class=\"wpcf7-list-item\"><input type=\"radio\" name=\"tipo_progetto\" value=\"Restaurant\" \/><span class=\"wpcf7-list-item-label\">Restaurant<\/span><\/span><span class=\"wpcf7-list-item\"><input type=\"radio\" name=\"tipo_progetto\" value=\"SPA\" \/><span class=\"wpcf7-list-item-label\">SPA<\/span><\/span><span class=\"wpcf7-list-item\"><input type=\"radio\" name=\"tipo_progetto\" value=\"Yacht\/bateau de croisi\u00e8re\" \/><span class=\"wpcf7-list-item-label\">Yacht\/bateau de croisi\u00e8re<\/span><\/span><span class=\"wpcf7-list-item last\"><input type=\"radio\" name=\"tipo_progetto\" value=\"Autre\" \/><span class=\"wpcf7-list-item-label\">Autre<\/span><\/span><\/span><\/span>\n\t\t<\/p>\n\t<\/div>\n\t<div class=\"input-box\">\n\t\t<p><span class=\"wpcf7-form-control-wrap\" data-name=\"campo11\"><input size=\"40\" maxlength=\"400\" class=\"wpcf7-form-control wpcf7-text\" id=\"campo11\" aria-invalid=\"false\" placeholder=\"Si Autre, lequel ?\" value=\"\" type=\"text\" name=\"campo11\" \/><\/span><br \/>\n<span class=\"wpcf7-form-control-wrap\" data-name=\"campo12\"><input size=\"40\" maxlength=\"400\" class=\"wpcf7-form-control wpcf7-text wpcf7-validates-as-required\" id=\"campo12\" aria-required=\"true\" aria-invalid=\"false\" placeholder=\"Projet Ville*\" value=\"\" type=\"text\" name=\"campo12\" \/><\/span><br \/>\n<span class=\"wpcf7-form-control-wrap\" data-name=\"campo13\"><input size=\"40\" maxlength=\"400\" class=\"wpcf7-form-control wpcf7-text\" id=\"campo13\" aria-invalid=\"false\" placeholder=\"Projet Nation\" value=\"\" type=\"text\" name=\"campo13\" \/><\/span><br \/>\n<span class=\"wpcf7-form-control-wrap\" data-name=\"campo14\"><input class=\"wpcf7-form-control wpcf7-number wpcf7-validates-as-required wpcf7-validates-as-number\" id=\"campo14\" min=\"0\" aria-required=\"true\" aria-invalid=\"false\" placeholder=\"Nombre de salles de bains \u00e0 concevoir*\" value=\"\" type=\"number\" name=\"campo14\" \/><\/span><br \/>\n<span class=\"wpcf7-form-control-wrap\" data-name=\"campo15\"><input class=\"wpcf7-form-control wpcf7-number wpcf7-validates-as-required wpcf7-validates-as-number\" id=\"campo15\" min=\"0\" aria-required=\"true\" aria-invalid=\"false\" placeholder=\"Nombre de cuisines \u00e0 concevoir*\" value=\"\" type=\"number\" name=\"campo15\" \/><\/span>\n\t\t<\/p>\n\t<\/div>\n\t<div class=\"radio-box\">\n\t\t<p><label>Avez-vous d\u00e9j\u00e0 un cahier des charges ?<\/label>\n\t\t<\/p>\n\t\t<div class=\"radio-group\" style=\"padding-top:0px;\" id=\"capitolato\" data-name=\"capitolato\">\n\t\t\t<p><label><input type=\"radio\" name=\"capitolato\" value=\"No\" \/> Non<\/label><br \/>\n<label><input type=\"radio\" name=\"capitolato\" value=\"S\u00ec\" \/> Oui<\/label>\n\t\t\t<\/p>\n\t\t<\/div>\n\t<\/div>\n\t<div class=\"file-box\">\n\t\t<p><label>T\u00e9l\u00e9chargez le plan du projet avec les dimensions ou le fichier CAD<\/label><br \/>\n<span class=\"wpcf7-form-control-wrap\" data-name=\"file-605\"><input size=\"40\" class=\"wpcf7-form-control wpcf7-file\" accept=\".pdf,.jpg,.jpeg,.png,.zip,.dwg,.dxf\" aria-invalid=\"false\" type=\"file\" name=\"file-605\" \/><\/span>\n\t\t<\/p>\n\t<\/div>\n\n<!-- Immagini stato attuale -->\n\t<div class=\"file-box\">\n\t\t<p><label>T\u00e9l\u00e9charger des images de l'\u00e9tat actuel de la propri\u00e9t\u00e9<\/label><br \/>\n<span class=\"wpcf7-form-control-wrap\" data-name=\"file-606\"><input size=\"40\" class=\"wpcf7-form-control wpcf7-file\" accept=\".jpg,.jpeg,.png,.heic,.pdf\" aria-invalid=\"false\" type=\"file\" name=\"file-606\" \/><\/span>\n\t\t<\/p>\n\t<\/div>\n<\/div>\n<div class=\"input-box\">\n\t<p><textarea id=\"additional_details\" name=\"additional_details\" rows=\"10\" placeholder=\"Bref r\u00e9sum\u00e9 du projet... (Dites-nous ce que vous devez faire ; cela nous aidera \u00e0 d\u00e9terminer quel consultant vous attribuer pour vous servir au mieux)\"><\/textarea>\n\t<\/p>\n<\/div><div class=\"wpcf7-response-output\" aria-hidden=\"true\"><\/div>\n<\/form>\n<\/div>\n<\/div><\/div><\/div><\/div><\/section>\n","protected":false},"excerpt":{"rendered":"Contrat Falper Demandez notre soutien pour votre projet contractuel. Informations personnelles Je demande le projet comme* Propri\u00e9taireArchitecte \/ D\u00e9corateur d&#039;int\u00e9rieurAgent immobilier Connaissez-vous la gamme Falper ? Non Oui Oui, et j'ai d\u00e9j\u00e0 achet\u00e9 des produits Falper Avez-vous d\u00e9j\u00e0 visit\u00e9 l'un de nos revendeurs agr\u00e9\u00e9s ? Non Oui \u00c0 propos du projet Type de projet* Immeuble...","protected":false},"author":1,"featured_media":35380,"parent":0,"menu_order":0,"comment_status":"closed","ping_status":"closed","template":"","meta":{"_acf_changed":false,"footnotes":""},"class_list":["post-19023","page","type-page","status-publish","has-post-thumbnail","hentry"],"acf":[],"yoast_head":"<!-- This site is optimized with the Yoast SEO plugin v27.2 - https:\/\/yoast.com\/product\/yoast-seo-wordpress\/ -->\n<title>Falper Contract | Ameublement salle de bain HoReCa made in Italy<\/title>\n<meta name=\"description\" content=\"Solutions Falper Contract pour le secteur HoReCa: ameublement de salle de bain de luxe made in Italy, syst\u00e8mes modulaires et mat\u00e9riaux d&#039;excellence pour projets professionnels.\" \/>\n<meta name=\"robots\" content=\"index, follow, max-snippet:-1, max-image-preview:large, max-video-preview:-1\" \/>\n<link rel=\"canonical\" href=\"https:\/\/falper.it\/fr\/contrat-falper-form\/\" \/>\n<meta property=\"og:locale\" content=\"fr_FR\" \/>\n<meta property=\"og:type\" content=\"article\" \/>\n<meta property=\"og:title\" content=\"Falper Contract | Ameublement salle de bain HoReCa made in Italy\" \/>\n<meta property=\"og:description\" content=\"Solutions Falper Contract pour le secteur HoReCa: ameublement de salle de bain de luxe made in Italy, syst\u00e8mes modulaires et mat\u00e9riaux d&#039;excellence pour projets professionnels.\" \/>\n<meta property=\"og:url\" content=\"https:\/\/falper.it\/fr\/contrat-falper-form\/\" \/>\n<meta property=\"og:site_name\" content=\"Falper\" \/>\n<meta property=\"article:publisher\" content=\"https:\/\/www.facebook.com\/FalperDesign\" \/>\n<meta property=\"article:modified_time\" content=\"2026-04-09T09:35:42+00:00\" \/>\n<meta property=\"og:image\" content=\"https:\/\/falper.it\/wp-content\/uploads\/2025\/10\/01_FALPER_Contract_header-scaled.jpg\" \/>\n\t<meta property=\"og:image:width\" content=\"2560\" \/>\n\t<meta property=\"og:image:height\" content=\"1440\" \/>\n\t<meta property=\"og:image:type\" content=\"image\/jpeg\" \/>\n<meta name=\"twitter:card\" content=\"summary_large_image\" \/>\n<meta name=\"twitter:label1\" content=\"Dur\u00e9e de lecture estim\u00e9e\" \/>\n\t<meta name=\"twitter:data1\" content=\"1 minute\" \/>\n<script type=\"application\/ld+json\" class=\"yoast-schema-graph\">{\"@context\":\"https:\/\/schema.org\",\"@graph\":[{\"@type\":\"WebPage\",\"@id\":\"https:\/\/falper.it\/fr\/contrat-falper-form\/\",\"url\":\"https:\/\/falper.it\/fr\/contrat-falper-form\/\",\"name\":\"Falper Contract | Ameublement salle de bain HoReCa made in Italy\",\"isPartOf\":{\"@id\":\"https:\/\/falper.it\/fr\/#website\"},\"primaryImageOfPage\":{\"@id\":\"https:\/\/falper.it\/fr\/contrat-falper-form\/#primaryimage\"},\"image\":{\"@id\":\"https:\/\/falper.it\/fr\/contrat-falper-form\/#primaryimage\"},\"thumbnailUrl\":\"https:\/\/falper.it\/wp-content\/uploads\/2025\/10\/01_FALPER_Contract_header-scaled.jpg\",\"datePublished\":\"2025-10-31T15:19:12+00:00\",\"dateModified\":\"2026-04-09T09:35:42+00:00\",\"description\":\"Solutions Falper Contract pour le secteur HoReCa: ameublement de salle de bain de luxe made in Italy, syst\u00e8mes modulaires et mat\u00e9riaux d'excellence pour projets professionnels.\",\"breadcrumb\":{\"@id\":\"https:\/\/falper.it\/fr\/contrat-falper-form\/#breadcrumb\"},\"inLanguage\":\"fr-FR\",\"potentialAction\":[{\"@type\":\"ReadAction\",\"target\":[\"https:\/\/falper.it\/fr\/contrat-falper-form\/\"]}]},{\"@type\":\"ImageObject\",\"inLanguage\":\"fr-FR\",\"@id\":\"https:\/\/falper.it\/fr\/contrat-falper-form\/#primaryimage\",\"url\":\"https:\/\/falper.it\/wp-content\/uploads\/2025\/10\/01_FALPER_Contract_header-scaled.jpg\",\"contentUrl\":\"https:\/\/falper.it\/wp-content\/uploads\/2025\/10\/01_FALPER_Contract_header-scaled.jpg\",\"width\":2560,\"height\":1440},{\"@type\":\"BreadcrumbList\",\"@id\":\"https:\/\/falper.it\/fr\/contrat-falper-form\/#breadcrumb\",\"itemListElement\":[{\"@type\":\"ListItem\",\"position\":1,\"name\":\"Home\",\"item\":\"https:\/\/falper.it\/fr\/\"},{\"@type\":\"ListItem\",\"position\":2,\"name\":\"Contrat Falper Form\"}]},{\"@type\":\"WebSite\",\"@id\":\"https:\/\/falper.it\/fr\/#website\",\"url\":\"https:\/\/falper.it\/fr\/\",\"name\":\"Falper\",\"description\":\"\",\"publisher\":{\"@id\":\"https:\/\/falper.it\/fr\/#organization\"},\"potentialAction\":[{\"@type\":\"SearchAction\",\"target\":{\"@type\":\"EntryPoint\",\"urlTemplate\":\"https:\/\/falper.it\/fr\/?s={search_term_string}\"},\"query-input\":{\"@type\":\"PropertyValueSpecification\",\"valueRequired\":true,\"valueName\":\"search_term_string\"}}],\"inLanguage\":\"fr-FR\"},{\"@type\":\"Organization\",\"@id\":\"https:\/\/falper.it\/fr\/#organization\",\"name\":\"Falper\",\"url\":\"https:\/\/falper.it\/fr\/\",\"logo\":{\"@type\":\"ImageObject\",\"inLanguage\":\"fr-FR\",\"@id\":\"https:\/\/falper.it\/fr\/#\/schema\/logo\/image\/\",\"url\":\"https:\/\/falper.it\/wp-content\/uploads\/2017\/07\/falper-logo-.svg\",\"contentUrl\":\"https:\/\/falper.it\/wp-content\/uploads\/2017\/07\/falper-logo-.svg\",\"width\":\"1024\",\"height\":\"1024\",\"caption\":\"Falper\"},\"image\":{\"@id\":\"https:\/\/falper.it\/fr\/#\/schema\/logo\/image\/\"},\"sameAs\":[\"https:\/\/www.facebook.com\/FalperDesign\",\"https:\/\/www.instagram.com\/falperdesign\/\",\"http:\/\/pinterest.com\/falperdesign\/\",\"http:\/\/www.linkedin.com\/company\/3070513?trk=tyah\"]}]}<\/script>\n<!-- \/ Yoast SEO plugin. -->","yoast_head_json":{"title":"Falper Contract | Ameublement salle de bain HoReCa made in Italy","description":"Solutions Falper Contract pour le secteur HoReCa: ameublement de salle de bain de luxe made in Italy, syst\u00e8mes modulaires et mat\u00e9riaux d'excellence pour projets professionnels.","robots":{"index":"index","follow":"follow","max-snippet":"max-snippet:-1","max-image-preview":"max-image-preview:large","max-video-preview":"max-video-preview:-1"},"canonical":"https:\/\/falper.it\/fr\/contrat-falper-form\/","og_locale":"fr_FR","og_type":"article","og_title":"Falper Contract | Ameublement salle de bain HoReCa made in Italy","og_description":"Solutions Falper Contract pour le secteur HoReCa: ameublement de salle de bain de luxe made in Italy, syst\u00e8mes modulaires et mat\u00e9riaux d'excellence pour projets professionnels.","og_url":"https:\/\/falper.it\/fr\/contrat-falper-form\/","og_site_name":"Falper","article_publisher":"https:\/\/www.facebook.com\/FalperDesign","article_modified_time":"2026-04-09T09:35:42+00:00","og_image":[{"width":2560,"height":1440,"url":"https:\/\/falper.it\/wp-content\/uploads\/2025\/10\/01_FALPER_Contract_header-scaled.jpg","type":"image\/jpeg"}],"twitter_card":"summary_large_image","twitter_misc":{"Dur\u00e9e de lecture estim\u00e9e":"1 minute"},"schema":{"@context":"https:\/\/schema.org","@graph":[{"@type":"WebPage","@id":"https:\/\/falper.it\/fr\/contrat-falper-form\/","url":"https:\/\/falper.it\/fr\/contrat-falper-form\/","name":"Falper Contract | Ameublement salle de bain HoReCa made in Italy","isPartOf":{"@id":"https:\/\/falper.it\/fr\/#website"},"primaryImageOfPage":{"@id":"https:\/\/falper.it\/fr\/contrat-falper-form\/#primaryimage"},"image":{"@id":"https:\/\/falper.it\/fr\/contrat-falper-form\/#primaryimage"},"thumbnailUrl":"https:\/\/falper.it\/wp-content\/uploads\/2025\/10\/01_FALPER_Contract_header-scaled.jpg","datePublished":"2025-10-31T15:19:12+00:00","dateModified":"2026-04-09T09:35:42+00:00","description":"Solutions Falper Contract pour le secteur HoReCa: ameublement de salle de bain de luxe made in Italy, syst\u00e8mes modulaires et mat\u00e9riaux d'excellence pour projets professionnels.","breadcrumb":{"@id":"https:\/\/falper.it\/fr\/contrat-falper-form\/#breadcrumb"},"inLanguage":"fr-FR","potentialAction":[{"@type":"ReadAction","target":["https:\/\/falper.it\/fr\/contrat-falper-form\/"]}]},{"@type":"ImageObject","inLanguage":"fr-FR","@id":"https:\/\/falper.it\/fr\/contrat-falper-form\/#primaryimage","url":"https:\/\/falper.it\/wp-content\/uploads\/2025\/10\/01_FALPER_Contract_header-scaled.jpg","contentUrl":"https:\/\/falper.it\/wp-content\/uploads\/2025\/10\/01_FALPER_Contract_header-scaled.jpg","width":2560,"height":1440},{"@type":"BreadcrumbList","@id":"https:\/\/falper.it\/fr\/contrat-falper-form\/#breadcrumb","itemListElement":[{"@type":"ListItem","position":1,"name":"Home","item":"https:\/\/falper.it\/fr\/"},{"@type":"ListItem","position":2,"name":"Contrat Falper Form"}]},{"@type":"WebSite","@id":"https:\/\/falper.it\/fr\/#website","url":"https:\/\/falper.it\/fr\/","name":"Falper","description":"","publisher":{"@id":"https:\/\/falper.it\/fr\/#organization"},"potentialAction":[{"@type":"SearchAction","target":{"@type":"EntryPoint","urlTemplate":"https:\/\/falper.it\/fr\/?s={search_term_string}"},"query-input":{"@type":"PropertyValueSpecification","valueRequired":true,"valueName":"search_term_string"}}],"inLanguage":"fr-FR"},{"@type":"Organization","@id":"https:\/\/falper.it\/fr\/#organization","name":"Falper","url":"https:\/\/falper.it\/fr\/","logo":{"@type":"ImageObject","inLanguage":"fr-FR","@id":"https:\/\/falper.it\/fr\/#\/schema\/logo\/image\/","url":"https:\/\/falper.it\/wp-content\/uploads\/2017\/07\/falper-logo-.svg","contentUrl":"https:\/\/falper.it\/wp-content\/uploads\/2017\/07\/falper-logo-.svg","width":"1024","height":"1024","caption":"Falper"},"image":{"@id":"https:\/\/falper.it\/fr\/#\/schema\/logo\/image\/"},"sameAs":["https:\/\/www.facebook.com\/FalperDesign","https:\/\/www.instagram.com\/falperdesign\/","http:\/\/pinterest.com\/falperdesign\/","http:\/\/www.linkedin.com\/company\/3070513?trk=tyah"]}]}},"_links":{"self":[{"href":"https:\/\/falper.it\/fr\/wp-json\/wp\/v2\/pages\/19023","targetHints":{"allow":["GET"]}}],"collection":[{"href":"https:\/\/falper.it\/fr\/wp-json\/wp\/v2\/pages"}],"about":[{"href":"https:\/\/falper.it\/fr\/wp-json\/wp\/v2\/types\/page"}],"author":[{"embeddable":true,"href":"https:\/\/falper.it\/fr\/wp-json\/wp\/v2\/users\/1"}],"replies":[{"embeddable":true,"href":"https:\/\/falper.it\/fr\/wp-json\/wp\/v2\/comments?post=19023"}],"version-history":[{"count":14,"href":"https:\/\/falper.it\/fr\/wp-json\/wp\/v2\/pages\/19023\/revisions"}],"predecessor-version":[{"id":37562,"href":"https:\/\/falper.it\/fr\/wp-json\/wp\/v2\/pages\/19023\/revisions\/37562"}],"wp:featuredmedia":[{"embeddable":true,"href":"https:\/\/falper.it\/fr\/wp-json\/wp\/v2\/media\/35380"}],"wp:attachment":[{"href":"https:\/\/falper.it\/fr\/wp-json\/wp\/v2\/media?parent=19023"}],"curies":[{"name":"wp","href":"https:\/\/api.w.org\/{rel}","templated":true}]}}