{"id":23006,"date":"2025-11-17T14:43:25","date_gmt":"2025-11-17T14:43:25","guid":{"rendered":"https:\/\/falper.it\/se-connecter\/"},"modified":"2026-03-23T12:31:13","modified_gmt":"2026-03-23T12:31:13","slug":"se-connecter","status":"publish","type":"page","link":"https:\/\/falper.it\/fr\/se-connecter\/","title":{"rendered":"Se connecter"},"content":{"rendered":"<section class=\"l-section wpb_row height_medium\"><div class=\"l-section-h i-cf\"><div class=\"g-cols vc_row via_grid cols_1 laptops-cols_inherit tablets-cols_inherit mobiles-cols_1 valign_top type_default stacking_default\"><div class=\"wpb_column vc_column_container\"><div class=\"vc_column-inner\"><div class=\"w-image align_none\"><div class=\"w-image-h\"><img decoding=\"async\" width=\"1024\" height=\"427\" src=\"https:\/\/falper.it\/wp-content\/uploads\/2026\/01\/FALPER_ArchiLAB_1920x800-1024x427.jpg\" class=\"attachment-large size-large\" alt=\"\" loading=\"lazy\" srcset=\"https:\/\/falper.it\/wp-content\/uploads\/2026\/01\/FALPER_ArchiLAB_1920x800-1024x427.jpg 1024w, https:\/\/falper.it\/wp-content\/uploads\/2026\/01\/FALPER_ArchiLAB_1920x800-300x125.jpg 300w, https:\/\/falper.it\/wp-content\/uploads\/2026\/01\/FALPER_ArchiLAB_1920x800-1536x640.jpg 1536w\" sizes=\"auto, (max-width: 1024px) 100vw, 1024px\" \/><\/div><\/div><div class=\"w-separator size_medium\"><\/div><\/div><\/div><div class=\"wpb_column vc_column_container us_custom_0dd32b33\"><div class=\"vc_column-inner\"><div class=\"w-html\"><!-- This form was created and powered by ProfilePress WordPress plugin - https:\/\/profilepress.com -->\r\n\r\n <style type=\"text\/css\">\r\n@import url('https:\/\/fonts.googleapis.com\/css?family=:300,400,600,700&display=swap');#pp-login-3-wrap .profilepress-login-status {border-radius:5px;font-size:16px;line-height:1.471;padding:10px;background-color:#e74c3c;color:#ffffff;font-weight:normal;text-align:center;vertical-align:middle;margin:10px 0;-webkit-box-sizing:border-box;-moz-box-sizing:border-box;box-sizing:border-box;max-width:100%;}#pp-login-3-wrap .profilepress-login-status.success {background-color:#2ecc71;color:#ffffff;}#pp-login-3-wrap .profilepress-login-status a {color:#fff;text-decoration:underline;}#pp-login-3-wrap.pp-form-container {max-width:400px !important;width:100%;margin:0 auto;}.pp-form-container #pp-login-3.ppBuildScratch {background:#ffffff;color:#000000;font-size:px;}.pp-form-container #pp-login-3.ppBuildScratch .pp-form-field-wrap .pp-form-field-input-textarea-wrap {position:relative;}.pp-form-container #pp-login-3.ppBuildScratch,.pp-form-container #pp-login-3.ppBuildScratch * {font-family:'',-apple-system,BlinkMacSystemFont,\"Segoe UI\",Roboto,Oxygen-Sans,Ubuntu,Cantarell,\"Helvetica Neue\",sans-serif;}.pp-form-container #pp-login-3.ppBuildScratch .pp-form-field-wrap input,.pp-form-container #pp-login-3.ppBuildScratch .pp-form-field-wrap select,.pp-form-container #pp-login-3.ppBuildScratch .pp-form-field-wrap textarea {font-size:px;border-color:#000000;background:#ffffff;color :#000000; }.pp-form-container #pp-login-3.ppBuildScratch .pp-form-field-wrap .pp-form-material-icons {color:#666666;}.pp-form-container #pp-login-3.ppBuildScratch .pp-checkbox-wrap label,.pp-form-container #pp-login-3.ppBuildScratch .pp-radio-wrap label {font-size:px;color :#000000;vertical-align:middle;}.pp-form-container #pp-login-3.ppBuildScratch .pp-form-field-wrap input[type=text]:focus,.pp-form-container #pp-login-3.ppBuildScratch .pp-form-field-wrap input[type=password]:focus,.pp-form-container #pp-login-3.ppBuildScratch .pp-form-field-wrap select:focus,.pp-form-container #pp-login-3.ppBuildScratch .pp-form-field-wrap textarea:focus {outline:0;background:#ffffff;border-color:#444444;box-shadow:0 0 0 1px #444444;}.pp-form-container #pp-login-3.ppBuildScratch .pp-form-field-wrap ::placeholder{color:#999999;}.pp-form-container #pp-login-3.ppBuildScratch .pp-form-field-wrap ::-webkit-input-placeholder{color:#999999;}.pp-form-container #pp-login-3.ppBuildScratch .pp-form-field-wrap ::-moz-placeholder{color:#999999;}.pp-form-container #pp-login-3.ppBuildScratch .pp-form-field-wrap :-moz-placeholder{color:#999999;}.pp-form-container #pp-login-3.ppBuildScratch .pp-form-field-wrap :-ms-input-placeholder{color:#999999;}.pp-form-container #pp-login-3.ppBuildScratch .ppbs-headline,.pp-form-container #pp-login-3.ppBuildScratch h1,.pp-form-container #pp-login-3.ppBuildScratch h2,.pp-form-container #pp-login-3.ppBuildScratch h3,.pp-form-container #pp-login-3.ppBuildScratch {color:#444444;}.pp-form-container #pp-login-3.ppBuildScratch .pp-form-field-wrap .pp-form-label-wrap .pp-form-label {color:#444444;font-size:px;font-weight:normal;}.pp-form-container #pp-login-3.ppBuildScratch .pp-form-field-description {color:#666666;text-align:left;}.pp-form-container #pp-login-3.ppBuildScratch .pp-form-submit-button-wrap input[type=\"submit\"] {font-size:px;font-weight:normal;background:#ffffff;color:#000000;top:auto;}.pp-form-container #pp-login-3.ppBuildScratch .pp-form-submit-button-wrap input[type=\"submit\"]:hover,.pp-form-container #pp-login-3.ppBuildScratch .pp-form-submit-button-wrap input[type=\"submit\"]:focus {background:#ffffff;color:#000000;}.pp-form-container div#pp-login-3.ppBuildScratch a.pp-button-social-login {margin-right:6.387%;}.pp-form-container div#pp-login-3.ppBuildScratch a.pp-button-social-login {display:block;height:3em;line-height:3em;text-decoration:none;margin-bottom:10px;}.pp-form-container div#pp-login-3.ppBuildScratch a.pp-button-social-login .ppsc {width:3em;height:3em;}.pp-form-container div#pp-login-3.ppBuildScratch a.pp-button-social-login span.ppsc-text {margin-left:50px;}.pp-form-container div#pp-registration-12.ppBuildScratch a.pp-button-social-login:last-of-type {margin-bottom:20px;}.pp-form-container .ppress-form-bottom-links {padding-top:15px;padding-bottom:15px;text-align:center;}.pp-form-container .ppress-form-bottom-links a {line-height:22px;font-size:14px;color:#000000 !important;display:inline-block;text-decoration:none!important;font-weight:400;text-align:center;border-bottom:none!important;}.pp-form-container .ppress-form-bottom-links a:hover {text-decoration:underline!important;}html body .pp-form-container .pp-2fa,\n                html body .pp-form-container .pp-form-wrapper .pp-form-field-wrap.pp-2fa {\n                    display:none;\n                }\r\n<\/style>\r\n<div id=\"pp-login-3-wrap\" class=\"pp-form-container pp-login-form-wrap\"><form data-pp-form-submit=\"login\" id='pp_login_3' method=\"post\"><div id=\"pp-login-3\" class=\"pp-form-wrapper pp-login pp-login-3 ppBuildScratch ppfl-square ppsbl-square ppsbw-auto ppf-remove-frame ppf-hide-asterisk ppfs-medium ppfia-right\">\n\n\n<div class=\"pp-form-field-wrap login-username fw-full fda-standard fld-above\"><div class=\"pp-form-field-input-textarea-wrap\"><input name=\"login_username\" type=\"text\" value=\"\" title=\"Username\" class=\"pp-form-field login-username falper-input-login\" placeholder=\"Nom d&#039;utilisateur\" id=\"1helauaoii80\"  required=\"required\"><\/div><\/div><div class=\"pp-form-field-wrap login-password fw-full has-password-visibility-icon fda-standard fld-above\"><div class=\"pp-form-field-input-textarea-wrap\"><input name='login_password' type='password' title=\"Password\" value=\"\" class=\"pp-form-field login-password falper-input-login\" placeholder=\"Mot de passe\" id=\"6afbbvfn0560\"  required=\"required\"><i class=\"pp-form-material-icons\">visibility<\/i><\/div><\/div>\n<div class=\"pp-form-submit-button-wrap\">\n<input data-pp-submit-label=\"Connecter\" data-pp-processing-label=\"De votre part...\" type=\"submit\" value=\"Connecter\" name=\"login_submit\" title=\"\" class=\"pp-submit-form ppform-submit-button\" id=\"\" >\n<\/div>\n<\/div>\n<input type='hidden' name='login_form_id' value='3'><input type=\"hidden\" name=\"pp_current_url\" value=\"https:\/\/falper.it\/fr\/wp-json\/wp\/v2\/pages\/23006\"><input type=\"hidden\" name=\"login_referrer_page\" value=\"\"><\/form><\/div>\r\n<!-- \/ ProfilePress WordPress plugin. -->\r\n<br><div class=\"falper-bottom-links\">\r\n <a class=\"falper-lostpass\" \r\n       href=\"https:\/\/falper.it\/fr\/reinitialiser-le-mot-de-passe\/\"\r\n       style=\"text-decoration:underline\"\r\n       data-pp-string=\"lost-password-link\">\r\n       Mot de passe oubli\u00e9\u00a0?\r\n    <\/a>\r\n    <p class=\"falper-oppure\" \r\n       data-pp-string=\"oppure-label\">\r\n       ou\r\n    <\/p>\r\n    <a class=\"falper-register\" \r\n       href=\"https:\/\/falper.it\/fr\/registre\/\"\r\n       data-pp-string=\"registrati-link\">\r\n       S'inscrire\r\n    <\/a>\r\n<\/div><br><\/div><\/div><\/div><\/div><\/div><\/section>\n","protected":false},"excerpt":{"rendered":"visibility Mot de passe oubli\u00e9\u00a0? ou S'inscrire","protected":false},"author":1,"featured_media":35372,"parent":0,"menu_order":0,"comment_status":"closed","ping_status":"closed","template":"","meta":{"_acf_changed":false,"footnotes":""},"class_list":["post-23006","page","type-page","status-publish","has-post-thumbnail","hentry"],"acf":[],"yoast_head":"<!-- This site is optimized with the Yoast SEO plugin v27.4 - https:\/\/yoast.com\/product\/yoast-seo-wordpress\/ -->\n<title>Acc\u00e9der \u00e0 l&#039;espace r\u00e9serv\u00e9 Falper<\/title>\n<meta name=\"description\" content=\"Acc\u00e9dez \u00e0 l&#039;espace r\u00e9serv\u00e9 Falper pour visualiser les contenus et projets r\u00e9serv\u00e9s aux clients et concepteurs. Entrez pour acc\u00e9der aux ressources.\" \/>\n<meta name=\"robots\" content=\"index, follow, max-snippet:-1, max-image-preview:large, max-video-preview:-1\" \/>\n<link rel=\"canonical\" href=\"https:\/\/falper.it\/fr\/se-connecter\/\" \/>\n<meta property=\"og:locale\" content=\"fr_FR\" \/>\n<meta property=\"og:type\" content=\"article\" \/>\n<meta property=\"og:title\" content=\"Acc\u00e9der \u00e0 l&#039;espace r\u00e9serv\u00e9 Falper\" \/>\n<meta property=\"og:description\" content=\"Acc\u00e9dez \u00e0 l&#039;espace r\u00e9serv\u00e9 Falper pour visualiser les contenus et projets r\u00e9serv\u00e9s aux clients et concepteurs. Entrez pour acc\u00e9der aux ressources.\" \/>\n<meta property=\"og:url\" content=\"https:\/\/falper.it\/fr\/se-connecter\/\" \/>\n<meta property=\"og:site_name\" content=\"Falper\" \/>\n<meta property=\"article:publisher\" content=\"https:\/\/www.facebook.com\/FalperDesign\" \/>\n<meta property=\"article:modified_time\" content=\"2026-03-23T12:31:13+00:00\" \/>\n<meta property=\"og:image\" content=\"https:\/\/falper.it\/wp-content\/uploads\/2026\/01\/FALPER_ArchiLAB_1920x800-scaled.jpg\" \/>\n\t<meta property=\"og:image:width\" content=\"2560\" \/>\n\t<meta property=\"og:image:height\" content=\"1067\" \/>\n\t<meta property=\"og:image:type\" content=\"image\/jpeg\" \/>\n<meta name=\"twitter:card\" content=\"summary_large_image\" \/>\n<meta name=\"twitter:label1\" content=\"Dur\u00e9e de lecture estim\u00e9e\" \/>\n\t<meta name=\"twitter:data1\" content=\"1 minute\" \/>\n<script type=\"application\/ld+json\" class=\"yoast-schema-graph\">{\"@context\":\"https:\\\/\\\/schema.org\",\"@graph\":[{\"@type\":\"WebPage\",\"@id\":\"https:\\\/\\\/falper.it\\\/fr\\\/se-connecter\\\/\",\"url\":\"https:\\\/\\\/falper.it\\\/fr\\\/se-connecter\\\/\",\"name\":\"Acc\u00e9der \u00e0 l'espace r\u00e9serv\u00e9 Falper\",\"isPartOf\":{\"@id\":\"https:\\\/\\\/falper.it\\\/fr\\\/#website\"},\"primaryImageOfPage\":{\"@id\":\"https:\\\/\\\/falper.it\\\/fr\\\/se-connecter\\\/#primaryimage\"},\"image\":{\"@id\":\"https:\\\/\\\/falper.it\\\/fr\\\/se-connecter\\\/#primaryimage\"},\"thumbnailUrl\":\"https:\\\/\\\/falper.it\\\/wp-content\\\/uploads\\\/2026\\\/01\\\/FALPER_ArchiLAB_1920x800-scaled.jpg\",\"datePublished\":\"2025-11-17T14:43:25+00:00\",\"dateModified\":\"2026-03-23T12:31:13+00:00\",\"description\":\"Acc\u00e9dez \u00e0 l'espace r\u00e9serv\u00e9 Falper pour visualiser les contenus et projets r\u00e9serv\u00e9s aux clients et concepteurs. Entrez pour acc\u00e9der aux ressources.\",\"breadcrumb\":{\"@id\":\"https:\\\/\\\/falper.it\\\/fr\\\/se-connecter\\\/#breadcrumb\"},\"inLanguage\":\"fr-FR\",\"potentialAction\":[{\"@type\":\"ReadAction\",\"target\":[\"https:\\\/\\\/falper.it\\\/fr\\\/se-connecter\\\/\"]}]},{\"@type\":\"ImageObject\",\"inLanguage\":\"fr-FR\",\"@id\":\"https:\\\/\\\/falper.it\\\/fr\\\/se-connecter\\\/#primaryimage\",\"url\":\"https:\\\/\\\/falper.it\\\/wp-content\\\/uploads\\\/2026\\\/01\\\/FALPER_ArchiLAB_1920x800-scaled.jpg\",\"contentUrl\":\"https:\\\/\\\/falper.it\\\/wp-content\\\/uploads\\\/2026\\\/01\\\/FALPER_ArchiLAB_1920x800-scaled.jpg\",\"width\":2560,\"height\":1067},{\"@type\":\"BreadcrumbList\",\"@id\":\"https:\\\/\\\/falper.it\\\/fr\\\/se-connecter\\\/#breadcrumb\",\"itemListElement\":[{\"@type\":\"ListItem\",\"position\":1,\"name\":\"Home\",\"item\":\"https:\\\/\\\/falper.it\\\/fr\\\/\"},{\"@type\":\"ListItem\",\"position\":2,\"name\":\"Se connecter\"}]},{\"@type\":\"WebSite\",\"@id\":\"https:\\\/\\\/falper.it\\\/fr\\\/#website\",\"url\":\"https:\\\/\\\/falper.it\\\/fr\\\/\",\"name\":\"Falper\",\"description\":\"\",\"publisher\":{\"@id\":\"https:\\\/\\\/falper.it\\\/fr\\\/#organization\"},\"potentialAction\":[{\"@type\":\"SearchAction\",\"target\":{\"@type\":\"EntryPoint\",\"urlTemplate\":\"https:\\\/\\\/falper.it\\\/fr\\\/?s={search_term_string}\"},\"query-input\":{\"@type\":\"PropertyValueSpecification\",\"valueRequired\":true,\"valueName\":\"search_term_string\"}}],\"inLanguage\":\"fr-FR\"},{\"@type\":\"Organization\",\"@id\":\"https:\\\/\\\/falper.it\\\/fr\\\/#organization\",\"name\":\"Falper\",\"url\":\"https:\\\/\\\/falper.it\\\/fr\\\/\",\"logo\":{\"@type\":\"ImageObject\",\"inLanguage\":\"fr-FR\",\"@id\":\"https:\\\/\\\/falper.it\\\/fr\\\/#\\\/schema\\\/logo\\\/image\\\/\",\"url\":\"https:\\\/\\\/falper.it\\\/wp-content\\\/uploads\\\/2017\\\/07\\\/falper-logo-.svg\",\"contentUrl\":\"https:\\\/\\\/falper.it\\\/wp-content\\\/uploads\\\/2017\\\/07\\\/falper-logo-.svg\",\"width\":\"1024\",\"height\":\"1024\",\"caption\":\"Falper\"},\"image\":{\"@id\":\"https:\\\/\\\/falper.it\\\/fr\\\/#\\\/schema\\\/logo\\\/image\\\/\"},\"sameAs\":[\"https:\\\/\\\/www.facebook.com\\\/FalperDesign\",\"https:\\\/\\\/www.instagram.com\\\/falperdesign\\\/\",\"http:\\\/\\\/pinterest.com\\\/falperdesign\\\/\",\"http:\\\/\\\/www.linkedin.com\\\/company\\\/3070513?trk=tyah\"]}]}<\/script>\n<!-- \/ Yoast SEO plugin. -->","yoast_head_json":{"title":"Acc\u00e9der \u00e0 l'espace r\u00e9serv\u00e9 Falper","description":"Acc\u00e9dez \u00e0 l'espace r\u00e9serv\u00e9 Falper pour visualiser les contenus et projets r\u00e9serv\u00e9s aux clients et concepteurs. Entrez pour acc\u00e9der aux ressources.","robots":{"index":"index","follow":"follow","max-snippet":"max-snippet:-1","max-image-preview":"max-image-preview:large","max-video-preview":"max-video-preview:-1"},"canonical":"https:\/\/falper.it\/fr\/se-connecter\/","og_locale":"fr_FR","og_type":"article","og_title":"Acc\u00e9der \u00e0 l'espace r\u00e9serv\u00e9 Falper","og_description":"Acc\u00e9dez \u00e0 l'espace r\u00e9serv\u00e9 Falper pour visualiser les contenus et projets r\u00e9serv\u00e9s aux clients et concepteurs. Entrez pour acc\u00e9der aux ressources.","og_url":"https:\/\/falper.it\/fr\/se-connecter\/","og_site_name":"Falper","article_publisher":"https:\/\/www.facebook.com\/FalperDesign","article_modified_time":"2026-03-23T12:31:13+00:00","og_image":[{"width":2560,"height":1067,"url":"https:\/\/falper.it\/wp-content\/uploads\/2026\/01\/FALPER_ArchiLAB_1920x800-scaled.jpg","type":"image\/jpeg"}],"twitter_card":"summary_large_image","twitter_misc":{"Dur\u00e9e de lecture estim\u00e9e":"1 minute"},"schema":{"@context":"https:\/\/schema.org","@graph":[{"@type":"WebPage","@id":"https:\/\/falper.it\/fr\/se-connecter\/","url":"https:\/\/falper.it\/fr\/se-connecter\/","name":"Acc\u00e9der \u00e0 l'espace r\u00e9serv\u00e9 Falper","isPartOf":{"@id":"https:\/\/falper.it\/fr\/#website"},"primaryImageOfPage":{"@id":"https:\/\/falper.it\/fr\/se-connecter\/#primaryimage"},"image":{"@id":"https:\/\/falper.it\/fr\/se-connecter\/#primaryimage"},"thumbnailUrl":"https:\/\/falper.it\/wp-content\/uploads\/2026\/01\/FALPER_ArchiLAB_1920x800-scaled.jpg","datePublished":"2025-11-17T14:43:25+00:00","dateModified":"2026-03-23T12:31:13+00:00","description":"Acc\u00e9dez \u00e0 l'espace r\u00e9serv\u00e9 Falper pour visualiser les contenus et projets r\u00e9serv\u00e9s aux clients et concepteurs. Entrez pour acc\u00e9der aux ressources.","breadcrumb":{"@id":"https:\/\/falper.it\/fr\/se-connecter\/#breadcrumb"},"inLanguage":"fr-FR","potentialAction":[{"@type":"ReadAction","target":["https:\/\/falper.it\/fr\/se-connecter\/"]}]},{"@type":"ImageObject","inLanguage":"fr-FR","@id":"https:\/\/falper.it\/fr\/se-connecter\/#primaryimage","url":"https:\/\/falper.it\/wp-content\/uploads\/2026\/01\/FALPER_ArchiLAB_1920x800-scaled.jpg","contentUrl":"https:\/\/falper.it\/wp-content\/uploads\/2026\/01\/FALPER_ArchiLAB_1920x800-scaled.jpg","width":2560,"height":1067},{"@type":"BreadcrumbList","@id":"https:\/\/falper.it\/fr\/se-connecter\/#breadcrumb","itemListElement":[{"@type":"ListItem","position":1,"name":"Home","item":"https:\/\/falper.it\/fr\/"},{"@type":"ListItem","position":2,"name":"Se connecter"}]},{"@type":"WebSite","@id":"https:\/\/falper.it\/fr\/#website","url":"https:\/\/falper.it\/fr\/","name":"Falper","description":"","publisher":{"@id":"https:\/\/falper.it\/fr\/#organization"},"potentialAction":[{"@type":"SearchAction","target":{"@type":"EntryPoint","urlTemplate":"https:\/\/falper.it\/fr\/?s={search_term_string}"},"query-input":{"@type":"PropertyValueSpecification","valueRequired":true,"valueName":"search_term_string"}}],"inLanguage":"fr-FR"},{"@type":"Organization","@id":"https:\/\/falper.it\/fr\/#organization","name":"Falper","url":"https:\/\/falper.it\/fr\/","logo":{"@type":"ImageObject","inLanguage":"fr-FR","@id":"https:\/\/falper.it\/fr\/#\/schema\/logo\/image\/","url":"https:\/\/falper.it\/wp-content\/uploads\/2017\/07\/falper-logo-.svg","contentUrl":"https:\/\/falper.it\/wp-content\/uploads\/2017\/07\/falper-logo-.svg","width":"1024","height":"1024","caption":"Falper"},"image":{"@id":"https:\/\/falper.it\/fr\/#\/schema\/logo\/image\/"},"sameAs":["https:\/\/www.facebook.com\/FalperDesign","https:\/\/www.instagram.com\/falperdesign\/","http:\/\/pinterest.com\/falperdesign\/","http:\/\/www.linkedin.com\/company\/3070513?trk=tyah"]}]}},"_links":{"self":[{"href":"https:\/\/falper.it\/fr\/wp-json\/wp\/v2\/pages\/23006","targetHints":{"allow":["GET"]}}],"collection":[{"href":"https:\/\/falper.it\/fr\/wp-json\/wp\/v2\/pages"}],"about":[{"href":"https:\/\/falper.it\/fr\/wp-json\/wp\/v2\/types\/page"}],"author":[{"embeddable":true,"href":"https:\/\/falper.it\/fr\/wp-json\/wp\/v2\/users\/1"}],"replies":[{"embeddable":true,"href":"https:\/\/falper.it\/fr\/wp-json\/wp\/v2\/comments?post=23006"}],"version-history":[{"count":36,"href":"https:\/\/falper.it\/fr\/wp-json\/wp\/v2\/pages\/23006\/revisions"}],"predecessor-version":[{"id":35737,"href":"https:\/\/falper.it\/fr\/wp-json\/wp\/v2\/pages\/23006\/revisions\/35737"}],"wp:featuredmedia":[{"embeddable":true,"href":"https:\/\/falper.it\/fr\/wp-json\/wp\/v2\/media\/35372"}],"wp:attachment":[{"href":"https:\/\/falper.it\/fr\/wp-json\/wp\/v2\/media?parent=23006"}],"curies":[{"name":"wp","href":"https:\/\/api.w.org\/{rel}","templated":true}]}}